{"id":1111,"date":"2012-02-12T13:23:57","date_gmt":"2012-02-12T13:23:57","guid":{"rendered":"http:\/\/themes.truethemes.net\/Sterling\/?page_id=1111"},"modified":"2024-06-14T09:42:26","modified_gmt":"2024-06-14T13:42:26","slug":"omindex","status":"publish","type":"page","link":"http:\/\/omegaflex.com\/fr\/omindex\/","title":{"rendered":"Accueil"},"content":{"rendered":"<h1 align=\"center\">Fabricant de tuyaux m\u00e9talliques flexibles, de produits tress\u00e9s et d'assemblages de haute technicit\u00e9<\/h1>\n<div class=\"one_fourth\">\n<p><a href=\"\/fr\/engineering-design\/iso-10380-summary\/\"><div class=\"img-frame full-third-short\"><img loading=\"lazy\" decoding=\"async\" src=\"https:\/\/omegaflex.com\/wp-content\/uploads\/3-280x124.jpg\" alt=\"Diesel Exhaust Fluid Underground Piping\" width=\"280\" height=\"124\"\/><\/div><\/a><\/p>\n<\/div>\n<div class=\"one_fourth\">\n<p><a href=\"\/fr\/product-specifications\/\"><div class=\"img-frame full-third-short\"><img loading=\"lazy\" decoding=\"async\" src=\"https:\/\/omegaflex.com\/wp-content\/uploads\/4-280x124.jpg\" alt=\"Metal Flexible Piping\" width=\"280\" height=\"124\"\/><\/div><\/a><\/p>\n<\/div>\n<div class=\"one_fourth\">\n<p><a href=\"\/fr\/hose-assemblies\/\"><div class=\"img-frame full-third-short\"><img loading=\"lazy\" decoding=\"async\" src=\"https:\/\/omegaflex.com\/wp-content\/uploads\/1-280x124.jpg\" alt=\"Underground &amp; Above Ground Piping Systems\" width=\"280\" height=\"124\"\/><\/div><\/a><br \/>\n<\/div>\n<div class=\"one_fourth\">\n<p><a href=\"\/fr\/engineering-design\/terminology\/\"><div class=\"img-frame full-third-short\"><img loading=\"lazy\" decoding=\"async\" src=\"https:\/\/omegaflex.com\/wp-content\/uploads\/2-280x124.jpg\" alt=\"Flex Connector\" width=\"280\" height=\"124\"\/><\/div><\/a><\/p>\n<\/div>\n<div class=\"intro\">\n<h2 align=\"center\">OmegaFlex<sup>\u00ae<\/sup><\/h2>\n<p align=\"center\">OmegaFlex<sup>\u00ae<\/sup> s'engage \u00e0 servir ses clients avec la plus grande s\u00e9lection de tailles et de mat\u00e9riaux dans l'industrie de la tuyauterie flexible en m\u00e9tal ondul\u00e9.<\/p>\n<\/div>","protected":false},"excerpt":{"rendered":"<p>Fabricant de tuyaux m\u00e9talliques flexibles, de produits tress\u00e9s et d'assemblages de haute technicit\u00e9 OmegaFlex\u00ae OmegaFlex\u00ae s'engage \u00e0 servir ses clients avec la plus grande s\u00e9lection de tailles et de mat\u00e9riaux de l'industrie des tuyaux m\u00e9talliques flexibles ondul\u00e9s.<\/p>","protected":false},"author":5,"featured_media":0,"parent":0,"menu_order":0,"comment_status":"open","ping_status":"closed","template":"","meta":{"_acf_changed":false,"footnotes":""},"class_list":["post-1111","page","type-page","status-publish","hentry"],"acf":[],"yoast_head":"<!-- This site is optimized with the Yoast SEO plugin v27.0 - https:\/\/yoast.com\/product\/yoast-seo-wordpress\/ -->\n<title>Flexible Metal Piping Systems | DEF Piping | Fuel Piping - OmegaFlex<\/title>\n<meta name=\"description\" content=\"OmegaFlex, Inc. is a top manufacturer of flexible metal piping and hose, used in a variety of applications industrial, residential, and commercial applications.\" \/>\n<meta name=\"robots\" content=\"index, follow, max-snippet:-1, max-image-preview:large, max-video-preview:-1\" \/>\n<link rel=\"canonical\" href=\"https:\/\/omegaflex.com\/fr\/omindex\/\" \/>\n<meta property=\"og:locale\" content=\"fr_CA\" \/>\n<meta property=\"og:type\" content=\"article\" \/>\n<meta property=\"og:title\" content=\"Flexible Metal Piping Systems | DEF Piping | Fuel Piping - OmegaFlex\" \/>\n<meta property=\"og:description\" content=\"OmegaFlex, Inc. is a top manufacturer of flexible metal piping and hose, used in a variety of applications industrial, residential, and commercial applications.\" \/>\n<meta property=\"og:url\" content=\"https:\/\/omegaflex.com\/fr\/omindex\/\" \/>\n<meta property=\"og:site_name\" content=\"OmegaFlex Industrial\" \/>\n<meta property=\"article:modified_time\" content=\"2024-06-14T13:42:26+00:00\" \/>\n<meta property=\"og:image\" content=\"https:\/\/omegaflex.com\/wp-content\/uploads\/omegaflex-logo.png\" \/>\n\t<meta property=\"og:image:width\" content=\"167\" \/>\n\t<meta property=\"og:image:height\" content=\"41\" \/>\n\t<meta property=\"og:image:type\" content=\"image\/png\" \/>\n<meta name=\"twitter:label1\" content=\"Est. reading time\" \/>\n\t<meta name=\"twitter:data1\" content=\"1 minute\" \/>\n<script type=\"application\/ld+json\" class=\"yoast-schema-graph\">{\"@context\":\"https:\/\/schema.org\",\"@graph\":[{\"@type\":\"WebPage\",\"@id\":\"https:\/\/omegaflex.com\/omindex\/\",\"url\":\"https:\/\/omegaflex.com\/omindex\/\",\"name\":\"Flexible Metal Piping Systems | DEF Piping | Fuel Piping - OmegaFlex\",\"isPartOf\":{\"@id\":\"https:\/\/omegaflex.com\/#website\"},\"datePublished\":\"2012-02-12T13:23:57+00:00\",\"dateModified\":\"2024-06-14T13:42:26+00:00\",\"description\":\"OmegaFlex, Inc. is a top manufacturer of flexible metal piping and hose, used in a variety of applications industrial, residential, and commercial applications.\",\"breadcrumb\":{\"@id\":\"https:\/\/omegaflex.com\/omindex\/#breadcrumb\"},\"inLanguage\":\"fr-CA\",\"potentialAction\":[{\"@type\":\"ReadAction\",\"target\":[\"https:\/\/omegaflex.com\/omindex\/\"]}]},{\"@type\":\"BreadcrumbList\",\"@id\":\"https:\/\/omegaflex.com\/omindex\/#breadcrumb\",\"itemListElement\":[{\"@type\":\"ListItem\",\"position\":1,\"name\":\"Home\",\"item\":\"https:\/\/omegaflex.com\/\"},{\"@type\":\"ListItem\",\"position\":2,\"name\":\"Home\"}]},{\"@type\":\"WebSite\",\"@id\":\"https:\/\/omegaflex.com\/#website\",\"url\":\"https:\/\/omegaflex.com\/\",\"name\":\"OmegaFlex Industrial\",\"description\":\"\",\"potentialAction\":[{\"@type\":\"SearchAction\",\"target\":{\"@type\":\"EntryPoint\",\"urlTemplate\":\"https:\/\/omegaflex.com\/?s={search_term_string}\"},\"query-input\":{\"@type\":\"PropertyValueSpecification\",\"valueRequired\":true,\"valueName\":\"search_term_string\"}}],\"inLanguage\":\"fr-CA\"}]}<\/script>\n<!-- \/ Yoast SEO plugin. -->","yoast_head_json":{"title":"Syst\u00e8mes de tuyauteries m\u00e9talliques flexibles - OmegaFlex","description":"OmegaFlex, Inc. est un fabricant de premier plan de tuyauteries et de tuyaux m\u00e9talliques flexibles, utilis\u00e9s dans une vari\u00e9t\u00e9 d'applications industrielles, r\u00e9sidentielles et commerciales.","robots":{"index":"index","follow":"follow","max-snippet":"max-snippet:-1","max-image-preview":"max-image-preview:large","max-video-preview":"max-video-preview:-1"},"canonical":"https:\/\/omegaflex.com\/fr\/omindex\/","og_locale":"fr_CA","og_type":"article","og_title":"Flexible Metal Piping Systems | DEF Piping | Fuel Piping - OmegaFlex","og_description":"OmegaFlex, Inc. is a top manufacturer of flexible metal piping and hose, used in a variety of applications industrial, residential, and commercial applications.","og_url":"https:\/\/omegaflex.com\/fr\/omindex\/","og_site_name":"OmegaFlex Industrial","article_modified_time":"2024-06-14T13:42:26+00:00","og_image":[{"width":167,"height":41,"url":"https:\/\/omegaflex.com\/wp-content\/uploads\/omegaflex-logo.png","type":"image\/png"}],"twitter_misc":{"Est. reading time":"1 minute"},"schema":{"@context":"https:\/\/schema.org","@graph":[{"@type":"WebPage","@id":"https:\/\/omegaflex.com\/omindex\/","url":"https:\/\/omegaflex.com\/omindex\/","name":"Syst\u00e8mes de tuyauteries m\u00e9talliques flexibles - OmegaFlex","isPartOf":{"@id":"https:\/\/omegaflex.com\/#website"},"datePublished":"2012-02-12T13:23:57+00:00","dateModified":"2024-06-14T13:42:26+00:00","description":"OmegaFlex, Inc. est un fabricant de premier plan de tuyauteries et de tuyaux m\u00e9talliques flexibles, utilis\u00e9s dans une vari\u00e9t\u00e9 d'applications industrielles, r\u00e9sidentielles et commerciales.","breadcrumb":{"@id":"https:\/\/omegaflex.com\/omindex\/#breadcrumb"},"inLanguage":"fr-CA","potentialAction":[{"@type":"ReadAction","target":["https:\/\/omegaflex.com\/omindex\/"]}]},{"@type":"BreadcrumbList","@id":"https:\/\/omegaflex.com\/omindex\/#breadcrumb","itemListElement":[{"@type":"ListItem","position":1,"name":"Home","item":"https:\/\/omegaflex.com\/"},{"@type":"ListItem","position":2,"name":"Home"}]},{"@type":"WebSite","@id":"https:\/\/omegaflex.com\/#website","url":"https:\/\/omegaflex.com\/","name":"OmegaFlex Industrial","description":"","potentialAction":[{"@type":"SearchAction","target":{"@type":"EntryPoint","urlTemplate":"https:\/\/omegaflex.com\/?s={search_term_string}"},"query-input":{"@type":"PropertyValueSpecification","valueRequired":true,"valueName":"search_term_string"}}],"inLanguage":"fr-CA"}]}},"_links":{"self":[{"href":"http:\/\/omegaflex.com\/fr\/wp-json\/wp\/v2\/pages\/1111","targetHints":{"allow":["GET"]}}],"collection":[{"href":"http:\/\/omegaflex.com\/fr\/wp-json\/wp\/v2\/pages"}],"about":[{"href":"http:\/\/omegaflex.com\/fr\/wp-json\/wp\/v2\/types\/page"}],"author":[{"embeddable":true,"href":"http:\/\/omegaflex.com\/fr\/wp-json\/wp\/v2\/users\/5"}],"replies":[{"embeddable":true,"href":"http:\/\/omegaflex.com\/fr\/wp-json\/wp\/v2\/comments?post=1111"}],"version-history":[{"count":0,"href":"http:\/\/omegaflex.com\/fr\/wp-json\/wp\/v2\/pages\/1111\/revisions"}],"wp:attachment":[{"href":"http:\/\/omegaflex.com\/fr\/wp-json\/wp\/v2\/media?parent=1111"}],"curies":[{"name":"wp","href":"https:\/\/api.w.org\/{rel}","templated":true}]}}