{"id":3045,"date":"2017-08-25T22:55:04","date_gmt":"2017-08-26T02:55:04","guid":{"rendered":"http:\/\/omegaflex.com\/?page_id=3045"},"modified":"2024-01-30T13:42:06","modified_gmt":"2024-01-30T18:42:06","slug":"the-omegaflex-advantage","status":"publish","type":"page","link":"http:\/\/omegaflex.com\/fr\/the-omegaflex-advantage\/","title":{"rendered":"L'avantage OmegaFlex"},"content":{"rendered":"<h2 style=\"color:#1275B6;\"><a style=\"color:#1275B6!important;\" href=\"https:\/\/www.omegaflexcorp.com\/company\/\">A propos de<\/a><\/h2>\n<h2>Philosophie<\/h2>\n<p>La politique d'OmegaFlex, Inc. consiste \u00e0 concevoir, fabriquer, commercialiser et distribuer des produits d'une qualit\u00e9 \u00e9lev\u00e9e et constante qui rempliront de mani\u00e8re fiable la fonction pour laquelle ils ont \u00e9t\u00e9 con\u00e7us, ce qui permettra \u00e0 l'entreprise d'\u00eatre reconnue comme un chef de file de l'industrie en mati\u00e8re de qualit\u00e9.<\/p>\n<p>OmegaFlex Inc. sera reconnu comme un fabricant de classe mondiale :<\/p>\n<p>Fournir \u00e0 nos clients des produits de qualit\u00e9 gr\u00e2ce au travail d'\u00e9quipe et \u00e0 l'am\u00e9lioration continue.<br \/>\nS'efforcer d'obtenir z\u00e9ro d\u00e9faut dans nos produits<br \/>\nCr\u00e9er un environnement qui permette \u00e0 OmegaFlex, Inc. de cro\u00eetre de fa\u00e7on continue et prosp\u00e8re.<br \/>\nOffrir un environnement de travail positif avec une formation progressive<br \/>\nMettre l'accent sur la sensibilisation \u00e0 la qualit\u00e9 et ses avantages pour nos clients et nos employ\u00e9s<br \/>\nDonner \u00e0 nos employ\u00e9s les moyens de donner le meilleur d'eux-m\u00eames.<\/p>\n<h2>Avantage technique<\/h2>\n<p>L'importance accord\u00e9e par OmegaFlex \u00e0 l'ing\u00e9nierie et \u00e0 la qualit\u00e9 s'est traduite par la plus grande expansion de nos d\u00e9partements de qualit\u00e9 et d'ing\u00e9nierie dans l'histoire de l'entreprise. Gr\u00e2ce au perfectionnement et \u00e0 la discipline de son programme de qualit\u00e9, OmegaFlex a obtenu l'enregistrement en tant que fabricant ISO9001.<\/p>\n<p>Notre d\u00e9partement d'ing\u00e9nierie a \u00e9tabli des proc\u00e9dures pour la qualification compl\u00e8te des produits fabriqu\u00e9s par OmegaFlex. En raison de notre enregistrement \u00e0 la norme ISO9001, tous les nouveaux produits sont soumis \u00e0 un examen, une validation et une v\u00e9rification complets de la conception avant leur mise sur le march\u00e9. Conform\u00e9ment \u00e0 notre programme de qualit\u00e9, la documentation relative \u00e0 la conception et aux essais est conserv\u00e9e pour tous les produits existants et nouveaux fabriqu\u00e9s par OmegaFlex.<\/p>\n<p>Les rapports d'essai des mat\u00e9riaux, fournis \u00e0 OmegaFlex par nos fournisseurs, assurent une tra\u00e7abilit\u00e9 et une v\u00e9rification compl\u00e8tes des mati\u00e8res premi\u00e8res tout au long de notre processus de fabrication et d'exp\u00e9dition \u00e0 nos clients.<\/p>\n<p>Le personnel du laboratoire d'OmegaFlex et l'\u00e9quipement de notre laboratoire m\u00e9tallurgique interne se sont \u00e9galement d\u00e9velopp\u00e9s pour inclure le sectionnement, le montage, le polissage, la gravure et l'\u00e9quipement m\u00e9tallographique pour l'analyse des d\u00e9faillances et de la taille des grains. Les essais de traction Instron, les essais de duret\u00e9 et l'\u00e9quipement d'identification des alliages compl\u00e8tent l'un des laboratoires internes les plus complets de l'industrie.<\/p>\n<h2>Service<\/h2>\n<p>OmegaFlex s'engage \u00e0 servir ses clients avec la plus grande s\u00e9lection de tailles et de mat\u00e9riaux dans l'industrie du tuyau m\u00e9tallique ondul\u00e9. Qu'il s'agisse de concevoir des assemblages de tuyaux sp\u00e9ciaux pour des applications OEM ou de soutenir notre vaste r\u00e9seau de distributeurs fabricants, OmegaFlex a le d\u00e9vouement et les ressources n\u00e9cessaires pour r\u00e9pondre aux besoins industriels d'aujourd'hui. Notre objectif est d'offrir un service \u00e0 la client\u00e8le hors pair, des produits de qualit\u00e9 et des livraisons dans les d\u00e9lais impartis.<\/p>\n<p>Les tuyaux m\u00e9talliques fabriqu\u00e9s par OmegaFlex sont largement utilis\u00e9s dans des usines telles que les aci\u00e9ries, les usines chimiques et p\u00e9trochimiques, les usines de p\u00e2tes et papiers, les centrales \u00e9lectriques, les installations de traitement de l'eau et des eaux us\u00e9es. Ils sont \u00e9galement utilis\u00e9s pour les applications cryog\u00e9niques et les lignes de transfert de cargaison\/chlore. Les services d'ing\u00e9nierie et de maintenance sp\u00e9cifient OmegaFlex en raison de notre capacit\u00e9 \u00e0 r\u00e9soudre les applications \"probl\u00e9matiques\".<\/p>\n<a href=\"http:\/\/omegaflex.com\/wp-content\/uploads\/omegaflex-advantage.pdf\" class=\"jumbo cool-blue tt-button\" target=\"_blank\"> T\u00e9l\u00e9charger le PDF <\/a>","protected":false},"excerpt":{"rendered":"<p>About Philosophy It is the policy of OmegaFlex, Inc. to design, fabricate, market and distribute products with consistently high quality that will reliably perform their intended function, resulting in the company\u2019s recognition as a quality leader in the industry. OmegaFlex, Inc., to be recognized as a world class manufacturer will: Provide our customers quality products [&hellip;]<\/p>\n","protected":false},"author":5,"featured_media":0,"parent":0,"menu_order":0,"comment_status":"open","ping_status":"closed","template":"page-template-right-sidebar.php","meta":{"_acf_changed":false,"footnotes":""},"class_list":["post-3045","page","type-page","status-publish","hentry"],"acf":[],"yoast_head":"<!-- This site is optimized with the Yoast SEO plugin v27.0 - https:\/\/yoast.com\/product\/yoast-seo-wordpress\/ -->\n<title>The OmegaFlex Advantage - OmegaFlex Industrial<\/title>\n<meta name=\"robots\" content=\"index, follow, max-snippet:-1, max-image-preview:large, max-video-preview:-1\" \/>\n<link rel=\"canonical\" href=\"https:\/\/omegaflex.com\/fr\/the-omegaflex-advantage\/\" \/>\n<meta property=\"og:locale\" content=\"fr_CA\" \/>\n<meta property=\"og:type\" content=\"article\" \/>\n<meta property=\"og:title\" content=\"The OmegaFlex Advantage - OmegaFlex Industrial\" \/>\n<meta property=\"og:description\" content=\"About Philosophy It is the policy of OmegaFlex, Inc. to design, fabricate, market and distribute products with consistently high quality that will reliably perform their intended function, resulting in the company\u2019s recognition as a quality leader in the industry. OmegaFlex, Inc., to be recognized as a world class manufacturer will: Provide our customers quality products [&hellip;]\" \/>\n<meta property=\"og:url\" content=\"https:\/\/omegaflex.com\/fr\/the-omegaflex-advantage\/\" \/>\n<meta property=\"og:site_name\" content=\"OmegaFlex Industrial\" \/>\n<meta property=\"article:modified_time\" content=\"2024-01-30T18:42:06+00:00\" \/>\n<meta name=\"twitter:label1\" content=\"Est. reading time\" \/>\n\t<meta name=\"twitter:data1\" content=\"2 minutes\" \/>\n<script type=\"application\/ld+json\" class=\"yoast-schema-graph\">{\"@context\":\"https:\/\/schema.org\",\"@graph\":[{\"@type\":\"WebPage\",\"@id\":\"https:\/\/omegaflex.com\/the-omegaflex-advantage\/\",\"url\":\"https:\/\/omegaflex.com\/the-omegaflex-advantage\/\",\"name\":\"The OmegaFlex Advantage - OmegaFlex Industrial\",\"isPartOf\":{\"@id\":\"https:\/\/omegaflex.com\/#website\"},\"datePublished\":\"2017-08-26T02:55:04+00:00\",\"dateModified\":\"2024-01-30T18:42:06+00:00\",\"breadcrumb\":{\"@id\":\"https:\/\/omegaflex.com\/the-omegaflex-advantage\/#breadcrumb\"},\"inLanguage\":\"fr-CA\",\"potentialAction\":[{\"@type\":\"ReadAction\",\"target\":[\"https:\/\/omegaflex.com\/the-omegaflex-advantage\/\"]}]},{\"@type\":\"BreadcrumbList\",\"@id\":\"https:\/\/omegaflex.com\/the-omegaflex-advantage\/#breadcrumb\",\"itemListElement\":[{\"@type\":\"ListItem\",\"position\":1,\"name\":\"Home\",\"item\":\"https:\/\/omegaflex.com\/\"},{\"@type\":\"ListItem\",\"position\":2,\"name\":\"The OmegaFlex Advantage\"}]},{\"@type\":\"WebSite\",\"@id\":\"https:\/\/omegaflex.com\/#website\",\"url\":\"https:\/\/omegaflex.com\/\",\"name\":\"OmegaFlex Industrial\",\"description\":\"\",\"potentialAction\":[{\"@type\":\"SearchAction\",\"target\":{\"@type\":\"EntryPoint\",\"urlTemplate\":\"https:\/\/omegaflex.com\/?s={search_term_string}\"},\"query-input\":{\"@type\":\"PropertyValueSpecification\",\"valueRequired\":true,\"valueName\":\"search_term_string\"}}],\"inLanguage\":\"fr-CA\"}]}<\/script>\n<!-- \/ Yoast SEO plugin. -->","yoast_head_json":{"title":"L'avantage OmegaFlex - OmegaFlex Industrial","robots":{"index":"index","follow":"follow","max-snippet":"max-snippet:-1","max-image-preview":"max-image-preview:large","max-video-preview":"max-video-preview:-1"},"canonical":"https:\/\/omegaflex.com\/fr\/the-omegaflex-advantage\/","og_locale":"fr_CA","og_type":"article","og_title":"The OmegaFlex Advantage - OmegaFlex Industrial","og_description":"About Philosophy It is the policy of OmegaFlex, Inc. to design, fabricate, market and distribute products with consistently high quality that will reliably perform their intended function, resulting in the company\u2019s recognition as a quality leader in the industry. OmegaFlex, Inc., to be recognized as a world class manufacturer will: Provide our customers quality products [&hellip;]","og_url":"https:\/\/omegaflex.com\/fr\/the-omegaflex-advantage\/","og_site_name":"OmegaFlex Industrial","article_modified_time":"2024-01-30T18:42:06+00:00","twitter_misc":{"Est. reading time":"2 minutes"},"schema":{"@context":"https:\/\/schema.org","@graph":[{"@type":"WebPage","@id":"https:\/\/omegaflex.com\/the-omegaflex-advantage\/","url":"https:\/\/omegaflex.com\/the-omegaflex-advantage\/","name":"L'avantage OmegaFlex - OmegaFlex Industrial","isPartOf":{"@id":"https:\/\/omegaflex.com\/#website"},"datePublished":"2017-08-26T02:55:04+00:00","dateModified":"2024-01-30T18:42:06+00:00","breadcrumb":{"@id":"https:\/\/omegaflex.com\/the-omegaflex-advantage\/#breadcrumb"},"inLanguage":"fr-CA","potentialAction":[{"@type":"ReadAction","target":["https:\/\/omegaflex.com\/the-omegaflex-advantage\/"]}]},{"@type":"BreadcrumbList","@id":"https:\/\/omegaflex.com\/the-omegaflex-advantage\/#breadcrumb","itemListElement":[{"@type":"ListItem","position":1,"name":"Home","item":"https:\/\/omegaflex.com\/"},{"@type":"ListItem","position":2,"name":"The OmegaFlex Advantage"}]},{"@type":"WebSite","@id":"https:\/\/omegaflex.com\/#website","url":"https:\/\/omegaflex.com\/","name":"OmegaFlex Industrial","description":"","potentialAction":[{"@type":"SearchAction","target":{"@type":"EntryPoint","urlTemplate":"https:\/\/omegaflex.com\/?s={search_term_string}"},"query-input":{"@type":"PropertyValueSpecification","valueRequired":true,"valueName":"search_term_string"}}],"inLanguage":"fr-CA"}]}},"_links":{"self":[{"href":"http:\/\/omegaflex.com\/fr\/wp-json\/wp\/v2\/pages\/3045","targetHints":{"allow":["GET"]}}],"collection":[{"href":"http:\/\/omegaflex.com\/fr\/wp-json\/wp\/v2\/pages"}],"about":[{"href":"http:\/\/omegaflex.com\/fr\/wp-json\/wp\/v2\/types\/page"}],"author":[{"embeddable":true,"href":"http:\/\/omegaflex.com\/fr\/wp-json\/wp\/v2\/users\/5"}],"replies":[{"embeddable":true,"href":"http:\/\/omegaflex.com\/fr\/wp-json\/wp\/v2\/comments?post=3045"}],"version-history":[{"count":0,"href":"http:\/\/omegaflex.com\/fr\/wp-json\/wp\/v2\/pages\/3045\/revisions"}],"wp:attachment":[{"href":"http:\/\/omegaflex.com\/fr\/wp-json\/wp\/v2\/media?parent=3045"}],"curies":[{"name":"wp","href":"https:\/\/api.w.org\/{rel}","templated":true}]}}