{"id":3047,"date":"2017-08-25T22:55:38","date_gmt":"2017-08-26T02:55:38","guid":{"rendered":"http:\/\/omegaflex.com\/?page_id=3047"},"modified":"2023-12-21T11:12:37","modified_gmt":"2023-12-21T16:12:37","slug":"hose-assemblies","status":"publish","type":"page","link":"http:\/\/omegaflex.com\/fr\/hose-assemblies\/","title":{"rendered":"Assemblages de tuyaux"},"content":{"rendered":"<ul>\n<li>Con\u00e7u<\/li>\n<li>Fabriqu\u00e9<\/li>\n<li>Nettoy\u00e9<\/li>\n<li>Test\u00e9<\/li>\n<li>Performance valid\u00e9e<\/li>\n<li>Mat\u00e9riaux certifi\u00e9s<\/li>\n<li>Emball\u00e9* <i>pour r\u00e9pondre \u00e0 vos besoins<\/i><\/li>\n<\/ul>\n<p>*L'emballage sp\u00e9cial est factur\u00e9 en suppl\u00e9ment.<\/p>","protected":false},"excerpt":{"rendered":"<p>Con\u00e7u Fabriqu\u00e9 Nettoy\u00e9 Test\u00e9 Performance Valid\u00e9 Mat\u00e9riau Certifi\u00e9 Emball\u00e9* pour r\u00e9pondre \u00e0 vos besoins *L'emballage sp\u00e9cial est factur\u00e9 en suppl\u00e9ment.<\/p>","protected":false},"author":5,"featured_media":0,"parent":0,"menu_order":0,"comment_status":"open","ping_status":"closed","template":"page-template-right-sidebar.php","meta":{"_acf_changed":false,"footnotes":""},"class_list":["post-3047","page","type-page","status-publish","hentry"],"acf":[],"yoast_head":"<!-- This site is optimized with the Yoast SEO plugin v27.0 - https:\/\/yoast.com\/product\/yoast-seo-wordpress\/ -->\n<title>Hose Assemblies - OmegaFlex Industrial<\/title>\n<meta name=\"robots\" content=\"index, follow, max-snippet:-1, max-image-preview:large, max-video-preview:-1\" \/>\n<link rel=\"canonical\" href=\"https:\/\/omegaflex.com\/fr\/hose-assemblies\/\" \/>\n<meta property=\"og:locale\" content=\"fr_CA\" \/>\n<meta property=\"og:type\" content=\"article\" \/>\n<meta property=\"og:title\" content=\"Hose Assemblies - OmegaFlex Industrial\" \/>\n<meta property=\"og:description\" content=\"Designed Fabricated Cleaned Tested Performance Validated Material Certified Packaged* to meet your requirements *Special packaging quoted as an additional charge.\" \/>\n<meta property=\"og:url\" content=\"https:\/\/omegaflex.com\/fr\/hose-assemblies\/\" \/>\n<meta property=\"og:site_name\" content=\"OmegaFlex Industrial\" \/>\n<meta property=\"article:modified_time\" content=\"2023-12-21T16:12:37+00:00\" \/>\n<meta name=\"twitter:label1\" content=\"Est. reading time\" \/>\n\t<meta name=\"twitter:data1\" content=\"1 minute\" \/>\n<script type=\"application\/ld+json\" class=\"yoast-schema-graph\">{\"@context\":\"https:\/\/schema.org\",\"@graph\":[{\"@type\":\"WebPage\",\"@id\":\"https:\/\/omegaflex.com\/hose-assemblies\/\",\"url\":\"https:\/\/omegaflex.com\/hose-assemblies\/\",\"name\":\"Hose Assemblies - OmegaFlex Industrial\",\"isPartOf\":{\"@id\":\"https:\/\/omegaflex.com\/#website\"},\"datePublished\":\"2017-08-26T02:55:38+00:00\",\"dateModified\":\"2023-12-21T16:12:37+00:00\",\"breadcrumb\":{\"@id\":\"https:\/\/omegaflex.com\/hose-assemblies\/#breadcrumb\"},\"inLanguage\":\"fr-CA\",\"potentialAction\":[{\"@type\":\"ReadAction\",\"target\":[\"https:\/\/omegaflex.com\/hose-assemblies\/\"]}]},{\"@type\":\"BreadcrumbList\",\"@id\":\"https:\/\/omegaflex.com\/hose-assemblies\/#breadcrumb\",\"itemListElement\":[{\"@type\":\"ListItem\",\"position\":1,\"name\":\"Home\",\"item\":\"https:\/\/omegaflex.com\/\"},{\"@type\":\"ListItem\",\"position\":2,\"name\":\"Hose Assemblies\"}]},{\"@type\":\"WebSite\",\"@id\":\"https:\/\/omegaflex.com\/#website\",\"url\":\"https:\/\/omegaflex.com\/\",\"name\":\"OmegaFlex Industrial\",\"description\":\"\",\"potentialAction\":[{\"@type\":\"SearchAction\",\"target\":{\"@type\":\"EntryPoint\",\"urlTemplate\":\"https:\/\/omegaflex.com\/?s={search_term_string}\"},\"query-input\":{\"@type\":\"PropertyValueSpecification\",\"valueRequired\":true,\"valueName\":\"search_term_string\"}}],\"inLanguage\":\"fr-CA\"}]}<\/script>\n<!-- \/ Yoast SEO plugin. -->","yoast_head_json":{"title":"Assemblages de tuyaux - OmegaFlex Industrial","robots":{"index":"index","follow":"follow","max-snippet":"max-snippet:-1","max-image-preview":"max-image-preview:large","max-video-preview":"max-video-preview:-1"},"canonical":"https:\/\/omegaflex.com\/fr\/hose-assemblies\/","og_locale":"fr_CA","og_type":"article","og_title":"Hose Assemblies - OmegaFlex Industrial","og_description":"Designed Fabricated Cleaned Tested Performance Validated Material Certified Packaged* to meet your requirements *Special packaging quoted as an additional charge.","og_url":"https:\/\/omegaflex.com\/fr\/hose-assemblies\/","og_site_name":"OmegaFlex Industrial","article_modified_time":"2023-12-21T16:12:37+00:00","twitter_misc":{"Est. reading time":"1 minute"},"schema":{"@context":"https:\/\/schema.org","@graph":[{"@type":"WebPage","@id":"https:\/\/omegaflex.com\/hose-assemblies\/","url":"https:\/\/omegaflex.com\/hose-assemblies\/","name":"Assemblages de tuyaux - OmegaFlex Industrial","isPartOf":{"@id":"https:\/\/omegaflex.com\/#website"},"datePublished":"2017-08-26T02:55:38+00:00","dateModified":"2023-12-21T16:12:37+00:00","breadcrumb":{"@id":"https:\/\/omegaflex.com\/hose-assemblies\/#breadcrumb"},"inLanguage":"fr-CA","potentialAction":[{"@type":"ReadAction","target":["https:\/\/omegaflex.com\/hose-assemblies\/"]}]},{"@type":"BreadcrumbList","@id":"https:\/\/omegaflex.com\/hose-assemblies\/#breadcrumb","itemListElement":[{"@type":"ListItem","position":1,"name":"Home","item":"https:\/\/omegaflex.com\/"},{"@type":"ListItem","position":2,"name":"Hose Assemblies"}]},{"@type":"WebSite","@id":"https:\/\/omegaflex.com\/#website","url":"https:\/\/omegaflex.com\/","name":"OmegaFlex Industrial","description":"","potentialAction":[{"@type":"SearchAction","target":{"@type":"EntryPoint","urlTemplate":"https:\/\/omegaflex.com\/?s={search_term_string}"},"query-input":{"@type":"PropertyValueSpecification","valueRequired":true,"valueName":"search_term_string"}}],"inLanguage":"fr-CA"}]}},"_links":{"self":[{"href":"http:\/\/omegaflex.com\/fr\/wp-json\/wp\/v2\/pages\/3047","targetHints":{"allow":["GET"]}}],"collection":[{"href":"http:\/\/omegaflex.com\/fr\/wp-json\/wp\/v2\/pages"}],"about":[{"href":"http:\/\/omegaflex.com\/fr\/wp-json\/wp\/v2\/types\/page"}],"author":[{"embeddable":true,"href":"http:\/\/omegaflex.com\/fr\/wp-json\/wp\/v2\/users\/5"}],"replies":[{"embeddable":true,"href":"http:\/\/omegaflex.com\/fr\/wp-json\/wp\/v2\/comments?post=3047"}],"version-history":[{"count":0,"href":"http:\/\/omegaflex.com\/fr\/wp-json\/wp\/v2\/pages\/3047\/revisions"}],"wp:attachment":[{"href":"http:\/\/omegaflex.com\/fr\/wp-json\/wp\/v2\/media?parent=3047"}],"curies":[{"name":"wp","href":"https:\/\/api.w.org\/{rel}","templated":true}]}}