{"id":3077,"date":"2017-08-26T02:30:58","date_gmt":"2017-08-26T06:30:58","guid":{"rendered":"http:\/\/omegaflex.com\/?page_id=3077"},"modified":"2018-07-25T06:27:40","modified_gmt":"2018-07-25T10:27:40","slug":"formex-hose","status":"publish","type":"page","link":"http:\/\/omegaflex.com\/fr\/hose-assemblies\/formex-hose\/","title":{"rendered":"Tuyau Formex"},"content":{"rendered":"<ul>\n<li>Propri\u00e9t\u00e9s uniques du tuyau<\/li>\n<li>Installation facile<\/li>\n<li>Tailles de 1\/4\u2033 \u00e0 2\u2033<\/li>\n<\/ul>\n<p>Les assemblages de tuyaux utilisant le tuyau OmegaFlex Formex permettent une installation facile, m\u00eame dans les applications les plus difficiles. Cette conception unique de tuyau peut \u00eatre pli\u00e9e en motifs complexes avant l'installation. Le tuyau tournera les coins, se pliera autour des obstructions et peut \u00eatre pr\u00e9form\u00e9 pour s'adapter \u00e0 votre machine sans s'ovaliser et compromettre ses capacit\u00e9s de manipulation des fluides.<\/p>\n<p>Les tuyaux Formex sont disponibles en acier inoxydable 304, 321 ou 316L. Le tuyau est normalement pourvu d'une seule couche de tresse et une grande vari\u00e9t\u00e9 de raccords d'extr\u00e9mit\u00e9 est disponible. Si votre application requiert une dur\u00e9e de vie du cycle de flexion ou des caract\u00e9ristiques de courbure \" stay-put \", le tuyau OmegaFlex Formex peut \u00eatre la solution \u00e0 votre probl\u00e8me.<\/p>\n<a href=\"http:\/\/omegaflex.com\/wp-content\/uploads\/omegaflex-hose-assemblies.pdf\" class=\"jumbo cool-blue tt-button\" target=\"_blank\"> T\u00e9l\u00e9charger le PDF <\/a>","protected":false},"excerpt":{"rendered":"<p>Unique hose properties Easy installation Sizes 1\/4&#8243; to 2&#8243; Hose assemblies utilizing OmegaFlex Formex hose allows easy installation even in the most difficult applications. This unique hose design may be bent into intricate patterns prior to installation. The hose will turn corners, bend around obstructions and may be preformed to fit your machinery without ovalizing [&hellip;]<\/p>\n","protected":false},"author":5,"featured_media":0,"parent":3047,"menu_order":0,"comment_status":"open","ping_status":"closed","template":"page-template-right-sidebar.php","meta":{"_acf_changed":false,"footnotes":""},"class_list":["post-3077","page","type-page","status-publish","hentry"],"acf":[],"yoast_head":"<!-- This site is optimized with the Yoast SEO plugin v27.0 - https:\/\/yoast.com\/product\/yoast-seo-wordpress\/ -->\n<title>Formex Hose - OmegaFlex Industrial<\/title>\n<meta name=\"robots\" content=\"index, follow, max-snippet:-1, max-image-preview:large, max-video-preview:-1\" \/>\n<link rel=\"canonical\" href=\"https:\/\/omegaflex.com\/fr\/hose-assemblies\/formex-hose\/\" \/>\n<meta property=\"og:locale\" content=\"fr_CA\" \/>\n<meta property=\"og:type\" content=\"article\" \/>\n<meta property=\"og:title\" content=\"Formex Hose - OmegaFlex Industrial\" \/>\n<meta property=\"og:description\" content=\"Unique hose properties Easy installation Sizes 1\/4&#8243; to 2&#8243; Hose assemblies utilizing OmegaFlex Formex hose allows easy installation even in the most difficult applications. This unique hose design may be bent into intricate patterns prior to installation. The hose will turn corners, bend around obstructions and may be preformed to fit your machinery without ovalizing [&hellip;]\" \/>\n<meta property=\"og:url\" content=\"https:\/\/omegaflex.com\/fr\/hose-assemblies\/formex-hose\/\" \/>\n<meta property=\"og:site_name\" content=\"OmegaFlex Industrial\" \/>\n<meta property=\"article:modified_time\" content=\"2018-07-25T10:27:40+00:00\" \/>\n<meta name=\"twitter:label1\" content=\"Est. reading time\" \/>\n\t<meta name=\"twitter:data1\" content=\"1 minute\" \/>\n<script type=\"application\/ld+json\" class=\"yoast-schema-graph\">{\"@context\":\"https:\/\/schema.org\",\"@graph\":[{\"@type\":\"WebPage\",\"@id\":\"https:\/\/omegaflex.com\/hose-assemblies\/formex-hose\/\",\"url\":\"https:\/\/omegaflex.com\/hose-assemblies\/formex-hose\/\",\"name\":\"Formex Hose - OmegaFlex Industrial\",\"isPartOf\":{\"@id\":\"https:\/\/omegaflex.com\/#website\"},\"datePublished\":\"2017-08-26T06:30:58+00:00\",\"dateModified\":\"2018-07-25T10:27:40+00:00\",\"breadcrumb\":{\"@id\":\"https:\/\/omegaflex.com\/hose-assemblies\/formex-hose\/#breadcrumb\"},\"inLanguage\":\"fr-CA\",\"potentialAction\":[{\"@type\":\"ReadAction\",\"target\":[\"https:\/\/omegaflex.com\/hose-assemblies\/formex-hose\/\"]}]},{\"@type\":\"BreadcrumbList\",\"@id\":\"https:\/\/omegaflex.com\/hose-assemblies\/formex-hose\/#breadcrumb\",\"itemListElement\":[{\"@type\":\"ListItem\",\"position\":1,\"name\":\"Home\",\"item\":\"https:\/\/omegaflex.com\/\"},{\"@type\":\"ListItem\",\"position\":2,\"name\":\"Hose Assemblies\",\"item\":\"https:\/\/omegaflex.com\/hose-assemblies\/\"},{\"@type\":\"ListItem\",\"position\":3,\"name\":\"Formex Hose\"}]},{\"@type\":\"WebSite\",\"@id\":\"https:\/\/omegaflex.com\/#website\",\"url\":\"https:\/\/omegaflex.com\/\",\"name\":\"OmegaFlex Industrial\",\"description\":\"\",\"potentialAction\":[{\"@type\":\"SearchAction\",\"target\":{\"@type\":\"EntryPoint\",\"urlTemplate\":\"https:\/\/omegaflex.com\/?s={search_term_string}\"},\"query-input\":{\"@type\":\"PropertyValueSpecification\",\"valueRequired\":true,\"valueName\":\"search_term_string\"}}],\"inLanguage\":\"fr-CA\"}]}<\/script>\n<!-- \/ Yoast SEO plugin. -->","yoast_head_json":{"title":"Tuyau Formex - OmegaFlex Industrial","robots":{"index":"index","follow":"follow","max-snippet":"max-snippet:-1","max-image-preview":"max-image-preview:large","max-video-preview":"max-video-preview:-1"},"canonical":"https:\/\/omegaflex.com\/fr\/hose-assemblies\/formex-hose\/","og_locale":"fr_CA","og_type":"article","og_title":"Formex Hose - OmegaFlex Industrial","og_description":"Unique hose properties Easy installation Sizes 1\/4&#8243; to 2&#8243; Hose assemblies utilizing OmegaFlex Formex hose allows easy installation even in the most difficult applications. This unique hose design may be bent into intricate patterns prior to installation. The hose will turn corners, bend around obstructions and may be preformed to fit your machinery without ovalizing [&hellip;]","og_url":"https:\/\/omegaflex.com\/fr\/hose-assemblies\/formex-hose\/","og_site_name":"OmegaFlex Industrial","article_modified_time":"2018-07-25T10:27:40+00:00","twitter_misc":{"Est. reading time":"1 minute"},"schema":{"@context":"https:\/\/schema.org","@graph":[{"@type":"WebPage","@id":"https:\/\/omegaflex.com\/hose-assemblies\/formex-hose\/","url":"https:\/\/omegaflex.com\/hose-assemblies\/formex-hose\/","name":"Tuyau Formex - OmegaFlex Industrial","isPartOf":{"@id":"https:\/\/omegaflex.com\/#website"},"datePublished":"2017-08-26T06:30:58+00:00","dateModified":"2018-07-25T10:27:40+00:00","breadcrumb":{"@id":"https:\/\/omegaflex.com\/hose-assemblies\/formex-hose\/#breadcrumb"},"inLanguage":"fr-CA","potentialAction":[{"@type":"ReadAction","target":["https:\/\/omegaflex.com\/hose-assemblies\/formex-hose\/"]}]},{"@type":"BreadcrumbList","@id":"https:\/\/omegaflex.com\/hose-assemblies\/formex-hose\/#breadcrumb","itemListElement":[{"@type":"ListItem","position":1,"name":"Home","item":"https:\/\/omegaflex.com\/"},{"@type":"ListItem","position":2,"name":"Hose Assemblies","item":"https:\/\/omegaflex.com\/hose-assemblies\/"},{"@type":"ListItem","position":3,"name":"Formex Hose"}]},{"@type":"WebSite","@id":"https:\/\/omegaflex.com\/#website","url":"https:\/\/omegaflex.com\/","name":"OmegaFlex Industrial","description":"","potentialAction":[{"@type":"SearchAction","target":{"@type":"EntryPoint","urlTemplate":"https:\/\/omegaflex.com\/?s={search_term_string}"},"query-input":{"@type":"PropertyValueSpecification","valueRequired":true,"valueName":"search_term_string"}}],"inLanguage":"fr-CA"}]}},"_links":{"self":[{"href":"http:\/\/omegaflex.com\/fr\/wp-json\/wp\/v2\/pages\/3077","targetHints":{"allow":["GET"]}}],"collection":[{"href":"http:\/\/omegaflex.com\/fr\/wp-json\/wp\/v2\/pages"}],"about":[{"href":"http:\/\/omegaflex.com\/fr\/wp-json\/wp\/v2\/types\/page"}],"author":[{"embeddable":true,"href":"http:\/\/omegaflex.com\/fr\/wp-json\/wp\/v2\/users\/5"}],"replies":[{"embeddable":true,"href":"http:\/\/omegaflex.com\/fr\/wp-json\/wp\/v2\/comments?post=3077"}],"version-history":[{"count":0,"href":"http:\/\/omegaflex.com\/fr\/wp-json\/wp\/v2\/pages\/3077\/revisions"}],"up":[{"embeddable":true,"href":"http:\/\/omegaflex.com\/fr\/wp-json\/wp\/v2\/pages\/3047"}],"wp:attachment":[{"href":"http:\/\/omegaflex.com\/fr\/wp-json\/wp\/v2\/media?parent=3077"}],"curies":[{"name":"wp","href":"https:\/\/api.w.org\/{rel}","templated":true}]}}