{"id":3078,"date":"2017-08-26T02:32:15","date_gmt":"2017-08-26T06:32:15","guid":{"rendered":"http:\/\/omegaflex.com\/?page_id=3078"},"modified":"2018-07-25T06:25:28","modified_gmt":"2018-07-25T10:25:28","slug":"jacketed-hose","status":"publish","type":"page","link":"http:\/\/omegaflex.com\/fr\/hose-assemblies\/jacketed-hose\/","title":{"rendered":"Tuyau gain\u00e9"},"content":{"rendered":"<ul>\n<li>Maintenir les liquides cryog\u00e9niques au froid<\/li>\n<li>Augmenter le d\u00e9bit des fluides visqueux<\/li>\n<li>Confinement de s\u00e9curit\u00e9<\/li>\n<\/ul>\n<p>Un tuyau gain\u00e9 ou duplex est un tuyau dans un tuyau. Les tuyaux int\u00e9rieurs et ext\u00e9rieurs agissent ind\u00e9pendamment en tant que supports de pression distincts. Les tuyaux gain\u00e9s sous vide sont g\u00e9n\u00e9ralement utilis\u00e9s dans les applications cryog\u00e9niques en raison de leurs propri\u00e9t\u00e9s d'isolation. Les tuyaux gain\u00e9s de vapeur sont utilis\u00e9s lorsque le fluide est visqueux et que la vapeur est utilis\u00e9e pour r\u00e9duire la viscosit\u00e9 et augmenter le d\u00e9bit.<\/p>\n<p>Les tuyaux gain\u00e9s sont \u00e9galement utilis\u00e9s dans les applications o\u00f9 le confinement du fluide est critique en cas de rupture du tuyau int\u00e9rieur. Contactez OmegaFlex avec vos sp\u00e9cifications et nous concevrons pour vous un ensemble de tuyaux gain\u00e9s sp\u00e9cialis\u00e9s.<\/p>\n<a href=\"http:\/\/omegaflex.com\/wp-content\/uploads\/omegaflex-hose-assemblies.pdf\" class=\"jumbo cool-blue tt-button\" target=\"_blank\"> T\u00e9l\u00e9charger le PDF <\/a>","protected":false},"excerpt":{"rendered":"<p>Keep cryogenic liquids cold Increase flow of viscous media Safety containment A Jacketed or Duplex hose assembly is a hose within a hose. Both inner and outer hoses act independently as separate pressure carriers. Vacuum Jacketed hose assemblies are typically found in cryogenic applications because of their insulation properties. Steam Jacketed hose assemblies are utilized [&hellip;]<\/p>\n","protected":false},"author":5,"featured_media":0,"parent":3047,"menu_order":0,"comment_status":"open","ping_status":"closed","template":"page-template-right-sidebar.php","meta":{"_acf_changed":false,"footnotes":""},"class_list":["post-3078","page","type-page","status-publish","hentry"],"acf":[],"yoast_head":"<!-- This site is optimized with the Yoast SEO plugin v27.0 - https:\/\/yoast.com\/product\/yoast-seo-wordpress\/ -->\n<title>Jacketed Hose - OmegaFlex Industrial<\/title>\n<meta name=\"robots\" content=\"index, follow, max-snippet:-1, max-image-preview:large, max-video-preview:-1\" \/>\n<link rel=\"canonical\" href=\"https:\/\/omegaflex.com\/fr\/hose-assemblies\/jacketed-hose\/\" \/>\n<meta property=\"og:locale\" content=\"fr_CA\" \/>\n<meta property=\"og:type\" content=\"article\" \/>\n<meta property=\"og:title\" content=\"Jacketed Hose - OmegaFlex Industrial\" \/>\n<meta property=\"og:description\" content=\"Keep cryogenic liquids cold Increase flow of viscous media Safety containment A Jacketed or Duplex hose assembly is a hose within a hose. Both inner and outer hoses act independently as separate pressure carriers. Vacuum Jacketed hose assemblies are typically found in cryogenic applications because of their insulation properties. Steam Jacketed hose assemblies are utilized [&hellip;]\" \/>\n<meta property=\"og:url\" content=\"https:\/\/omegaflex.com\/fr\/hose-assemblies\/jacketed-hose\/\" \/>\n<meta property=\"og:site_name\" content=\"OmegaFlex Industrial\" \/>\n<meta property=\"article:modified_time\" content=\"2018-07-25T10:25:28+00:00\" \/>\n<meta name=\"twitter:label1\" content=\"Est. reading time\" \/>\n\t<meta name=\"twitter:data1\" content=\"1 minute\" \/>\n<script type=\"application\/ld+json\" class=\"yoast-schema-graph\">{\"@context\":\"https:\/\/schema.org\",\"@graph\":[{\"@type\":\"WebPage\",\"@id\":\"https:\/\/omegaflex.com\/hose-assemblies\/jacketed-hose\/\",\"url\":\"https:\/\/omegaflex.com\/hose-assemblies\/jacketed-hose\/\",\"name\":\"Jacketed Hose - OmegaFlex Industrial\",\"isPartOf\":{\"@id\":\"https:\/\/omegaflex.com\/#website\"},\"datePublished\":\"2017-08-26T06:32:15+00:00\",\"dateModified\":\"2018-07-25T10:25:28+00:00\",\"breadcrumb\":{\"@id\":\"https:\/\/omegaflex.com\/hose-assemblies\/jacketed-hose\/#breadcrumb\"},\"inLanguage\":\"fr-CA\",\"potentialAction\":[{\"@type\":\"ReadAction\",\"target\":[\"https:\/\/omegaflex.com\/hose-assemblies\/jacketed-hose\/\"]}]},{\"@type\":\"BreadcrumbList\",\"@id\":\"https:\/\/omegaflex.com\/hose-assemblies\/jacketed-hose\/#breadcrumb\",\"itemListElement\":[{\"@type\":\"ListItem\",\"position\":1,\"name\":\"Home\",\"item\":\"https:\/\/omegaflex.com\/\"},{\"@type\":\"ListItem\",\"position\":2,\"name\":\"Hose Assemblies\",\"item\":\"https:\/\/omegaflex.com\/hose-assemblies\/\"},{\"@type\":\"ListItem\",\"position\":3,\"name\":\"Jacketed Hose\"}]},{\"@type\":\"WebSite\",\"@id\":\"https:\/\/omegaflex.com\/#website\",\"url\":\"https:\/\/omegaflex.com\/\",\"name\":\"OmegaFlex Industrial\",\"description\":\"\",\"potentialAction\":[{\"@type\":\"SearchAction\",\"target\":{\"@type\":\"EntryPoint\",\"urlTemplate\":\"https:\/\/omegaflex.com\/?s={search_term_string}\"},\"query-input\":{\"@type\":\"PropertyValueSpecification\",\"valueRequired\":true,\"valueName\":\"search_term_string\"}}],\"inLanguage\":\"fr-CA\"}]}<\/script>\n<!-- \/ Yoast SEO plugin. -->","yoast_head_json":{"title":"Tuyau gain\u00e9 - OmegaFlex Industrial","robots":{"index":"index","follow":"follow","max-snippet":"max-snippet:-1","max-image-preview":"max-image-preview:large","max-video-preview":"max-video-preview:-1"},"canonical":"https:\/\/omegaflex.com\/fr\/hose-assemblies\/jacketed-hose\/","og_locale":"fr_CA","og_type":"article","og_title":"Jacketed Hose - OmegaFlex Industrial","og_description":"Keep cryogenic liquids cold Increase flow of viscous media Safety containment A Jacketed or Duplex hose assembly is a hose within a hose. Both inner and outer hoses act independently as separate pressure carriers. Vacuum Jacketed hose assemblies are typically found in cryogenic applications because of their insulation properties. Steam Jacketed hose assemblies are utilized [&hellip;]","og_url":"https:\/\/omegaflex.com\/fr\/hose-assemblies\/jacketed-hose\/","og_site_name":"OmegaFlex Industrial","article_modified_time":"2018-07-25T10:25:28+00:00","twitter_misc":{"Est. reading time":"1 minute"},"schema":{"@context":"https:\/\/schema.org","@graph":[{"@type":"WebPage","@id":"https:\/\/omegaflex.com\/hose-assemblies\/jacketed-hose\/","url":"https:\/\/omegaflex.com\/hose-assemblies\/jacketed-hose\/","name":"Tuyau gain\u00e9 - OmegaFlex Industrial","isPartOf":{"@id":"https:\/\/omegaflex.com\/#website"},"datePublished":"2017-08-26T06:32:15+00:00","dateModified":"2018-07-25T10:25:28+00:00","breadcrumb":{"@id":"https:\/\/omegaflex.com\/hose-assemblies\/jacketed-hose\/#breadcrumb"},"inLanguage":"fr-CA","potentialAction":[{"@type":"ReadAction","target":["https:\/\/omegaflex.com\/hose-assemblies\/jacketed-hose\/"]}]},{"@type":"BreadcrumbList","@id":"https:\/\/omegaflex.com\/hose-assemblies\/jacketed-hose\/#breadcrumb","itemListElement":[{"@type":"ListItem","position":1,"name":"Home","item":"https:\/\/omegaflex.com\/"},{"@type":"ListItem","position":2,"name":"Hose Assemblies","item":"https:\/\/omegaflex.com\/hose-assemblies\/"},{"@type":"ListItem","position":3,"name":"Jacketed Hose"}]},{"@type":"WebSite","@id":"https:\/\/omegaflex.com\/#website","url":"https:\/\/omegaflex.com\/","name":"OmegaFlex Industrial","description":"","potentialAction":[{"@type":"SearchAction","target":{"@type":"EntryPoint","urlTemplate":"https:\/\/omegaflex.com\/?s={search_term_string}"},"query-input":{"@type":"PropertyValueSpecification","valueRequired":true,"valueName":"search_term_string"}}],"inLanguage":"fr-CA"}]}},"_links":{"self":[{"href":"http:\/\/omegaflex.com\/fr\/wp-json\/wp\/v2\/pages\/3078","targetHints":{"allow":["GET"]}}],"collection":[{"href":"http:\/\/omegaflex.com\/fr\/wp-json\/wp\/v2\/pages"}],"about":[{"href":"http:\/\/omegaflex.com\/fr\/wp-json\/wp\/v2\/types\/page"}],"author":[{"embeddable":true,"href":"http:\/\/omegaflex.com\/fr\/wp-json\/wp\/v2\/users\/5"}],"replies":[{"embeddable":true,"href":"http:\/\/omegaflex.com\/fr\/wp-json\/wp\/v2\/comments?post=3078"}],"version-history":[{"count":0,"href":"http:\/\/omegaflex.com\/fr\/wp-json\/wp\/v2\/pages\/3078\/revisions"}],"up":[{"embeddable":true,"href":"http:\/\/omegaflex.com\/fr\/wp-json\/wp\/v2\/pages\/3047"}],"wp:attachment":[{"href":"http:\/\/omegaflex.com\/fr\/wp-json\/wp\/v2\/media?parent=3078"}],"curies":[{"name":"wp","href":"https:\/\/api.w.org\/{rel}","templated":true}]}}