{"id":3079,"date":"2017-08-26T02:33:02","date_gmt":"2017-08-26T06:33:02","guid":{"rendered":"http:\/\/omegaflex.com\/?page_id=3079"},"modified":"2018-07-25T06:25:30","modified_gmt":"2018-07-25T10:25:30","slug":"oxygen-lance-hose","status":"publish","type":"page","link":"http:\/\/omegaflex.com\/fr\/hose-assemblies\/oxygen-lance-hose\/","title":{"rendered":"Tuyau de la lance \u00e0 oxyg\u00e8ne"},"content":{"rendered":"<ul>\n<li>Large gamme de tailles disponibles<\/li>\n<li>Personnalis\u00e9 pour r\u00e9pondre aux exigences de l'application<\/li>\n<li>Nettoy\u00e9 et bouch\u00e9 pour le service commercial d'oxyg\u00e8ne<\/li>\n<\/ul>\n<p>Les applications critiques telles que l'approvisionnement en oxyg\u00e8ne commercial requi\u00e8rent l'expertise d'un fabricant de tuyaux m\u00e9talliques exp\u00e9riment\u00e9. Le tuyau OmegaFlex Oxygen Lance est fabriqu\u00e9 pour r\u00e9pondre \u00e0 cette application critique. Disponible dans des tailles allant jusqu'\u00e0 14\u2033, notre d\u00e9partement de fabrication peut, sur demande, personnaliser l'assemblage du tuyau en y incluant un rev\u00eatement (pour r\u00e9duire les turbulences r\u00e9sultant d'une vitesse \u00e9lev\u00e9e), des extr\u00e9mit\u00e9s renforc\u00e9es, une gaine ou des raccords d'extr\u00e9mit\u00e9 sp\u00e9ciaux. Chaque tuyau est nettoy\u00e9 et bouch\u00e9 pour un usage commercial de l'oxyg\u00e8ne.<\/p>\n<a href=\"http:\/\/omegaflex.com\/wp-content\/uploads\/omegaflex-hose-assemblies.pdf\" class=\"jumbo cool-blue tt-button\" target=\"_blank\"> T\u00e9l\u00e9charger le PDF <\/a>","protected":false},"excerpt":{"rendered":"<p>Large size range available Customized to meet critcal application requirements Cleaned and capped for commercial oxygen service Critical applications such as supplying commercial oxygen require expertise of an experienced metal hose manufacturer. OmegaFlex Oxygen Lance Hose is fabricated to meet this critical application. Available in sizes through 14&#8243;, when specified our fabrication department can customize [&hellip;]<\/p>\n","protected":false},"author":5,"featured_media":0,"parent":3047,"menu_order":0,"comment_status":"open","ping_status":"closed","template":"page-template-right-sidebar.php","meta":{"_acf_changed":false,"footnotes":""},"class_list":["post-3079","page","type-page","status-publish","hentry"],"acf":[],"yoast_head":"<!-- This site is optimized with the Yoast SEO plugin v27.0 - https:\/\/yoast.com\/product\/yoast-seo-wordpress\/ -->\n<title>Oxygen Lance Hose - OmegaFlex Industrial<\/title>\n<meta name=\"robots\" content=\"index, follow, max-snippet:-1, max-image-preview:large, max-video-preview:-1\" \/>\n<link rel=\"canonical\" href=\"https:\/\/omegaflex.com\/fr\/hose-assemblies\/oxygen-lance-hose\/\" \/>\n<meta property=\"og:locale\" content=\"fr_CA\" \/>\n<meta property=\"og:type\" content=\"article\" \/>\n<meta property=\"og:title\" content=\"Oxygen Lance Hose - OmegaFlex Industrial\" \/>\n<meta property=\"og:description\" content=\"Large size range available Customized to meet critcal application requirements Cleaned and capped for commercial oxygen service Critical applications such as supplying commercial oxygen require expertise of an experienced metal hose manufacturer. OmegaFlex Oxygen Lance Hose is fabricated to meet this critical application. Available in sizes through 14&#8243;, when specified our fabrication department can customize [&hellip;]\" \/>\n<meta property=\"og:url\" content=\"https:\/\/omegaflex.com\/fr\/hose-assemblies\/oxygen-lance-hose\/\" \/>\n<meta property=\"og:site_name\" content=\"OmegaFlex Industrial\" \/>\n<meta property=\"article:modified_time\" content=\"2018-07-25T10:25:30+00:00\" \/>\n<meta name=\"twitter:label1\" content=\"Est. reading time\" \/>\n\t<meta name=\"twitter:data1\" content=\"1 minute\" \/>\n<script type=\"application\/ld+json\" class=\"yoast-schema-graph\">{\"@context\":\"https:\/\/schema.org\",\"@graph\":[{\"@type\":\"WebPage\",\"@id\":\"https:\/\/omegaflex.com\/hose-assemblies\/oxygen-lance-hose\/\",\"url\":\"https:\/\/omegaflex.com\/hose-assemblies\/oxygen-lance-hose\/\",\"name\":\"Oxygen Lance Hose - OmegaFlex Industrial\",\"isPartOf\":{\"@id\":\"https:\/\/omegaflex.com\/#website\"},\"datePublished\":\"2017-08-26T06:33:02+00:00\",\"dateModified\":\"2018-07-25T10:25:30+00:00\",\"breadcrumb\":{\"@id\":\"https:\/\/omegaflex.com\/hose-assemblies\/oxygen-lance-hose\/#breadcrumb\"},\"inLanguage\":\"fr-CA\",\"potentialAction\":[{\"@type\":\"ReadAction\",\"target\":[\"https:\/\/omegaflex.com\/hose-assemblies\/oxygen-lance-hose\/\"]}]},{\"@type\":\"BreadcrumbList\",\"@id\":\"https:\/\/omegaflex.com\/hose-assemblies\/oxygen-lance-hose\/#breadcrumb\",\"itemListElement\":[{\"@type\":\"ListItem\",\"position\":1,\"name\":\"Home\",\"item\":\"https:\/\/omegaflex.com\/\"},{\"@type\":\"ListItem\",\"position\":2,\"name\":\"Hose Assemblies\",\"item\":\"https:\/\/omegaflex.com\/hose-assemblies\/\"},{\"@type\":\"ListItem\",\"position\":3,\"name\":\"Oxygen Lance Hose\"}]},{\"@type\":\"WebSite\",\"@id\":\"https:\/\/omegaflex.com\/#website\",\"url\":\"https:\/\/omegaflex.com\/\",\"name\":\"OmegaFlex Industrial\",\"description\":\"\",\"potentialAction\":[{\"@type\":\"SearchAction\",\"target\":{\"@type\":\"EntryPoint\",\"urlTemplate\":\"https:\/\/omegaflex.com\/?s={search_term_string}\"},\"query-input\":{\"@type\":\"PropertyValueSpecification\",\"valueRequired\":true,\"valueName\":\"search_term_string\"}}],\"inLanguage\":\"fr-CA\"}]}<\/script>\n<!-- \/ Yoast SEO plugin. -->","yoast_head_json":{"title":"Tuyau de lance \u00e0 oxyg\u00e8ne - OmegaFlex Industrial","robots":{"index":"index","follow":"follow","max-snippet":"max-snippet:-1","max-image-preview":"max-image-preview:large","max-video-preview":"max-video-preview:-1"},"canonical":"https:\/\/omegaflex.com\/fr\/hose-assemblies\/oxygen-lance-hose\/","og_locale":"fr_CA","og_type":"article","og_title":"Oxygen Lance Hose - OmegaFlex Industrial","og_description":"Large size range available Customized to meet critcal application requirements Cleaned and capped for commercial oxygen service Critical applications such as supplying commercial oxygen require expertise of an experienced metal hose manufacturer. OmegaFlex Oxygen Lance Hose is fabricated to meet this critical application. Available in sizes through 14&#8243;, when specified our fabrication department can customize [&hellip;]","og_url":"https:\/\/omegaflex.com\/fr\/hose-assemblies\/oxygen-lance-hose\/","og_site_name":"OmegaFlex Industrial","article_modified_time":"2018-07-25T10:25:30+00:00","twitter_misc":{"Est. reading time":"1 minute"},"schema":{"@context":"https:\/\/schema.org","@graph":[{"@type":"WebPage","@id":"https:\/\/omegaflex.com\/hose-assemblies\/oxygen-lance-hose\/","url":"https:\/\/omegaflex.com\/hose-assemblies\/oxygen-lance-hose\/","name":"Tuyau de lance \u00e0 oxyg\u00e8ne - OmegaFlex Industrial","isPartOf":{"@id":"https:\/\/omegaflex.com\/#website"},"datePublished":"2017-08-26T06:33:02+00:00","dateModified":"2018-07-25T10:25:30+00:00","breadcrumb":{"@id":"https:\/\/omegaflex.com\/hose-assemblies\/oxygen-lance-hose\/#breadcrumb"},"inLanguage":"fr-CA","potentialAction":[{"@type":"ReadAction","target":["https:\/\/omegaflex.com\/hose-assemblies\/oxygen-lance-hose\/"]}]},{"@type":"BreadcrumbList","@id":"https:\/\/omegaflex.com\/hose-assemblies\/oxygen-lance-hose\/#breadcrumb","itemListElement":[{"@type":"ListItem","position":1,"name":"Home","item":"https:\/\/omegaflex.com\/"},{"@type":"ListItem","position":2,"name":"Hose Assemblies","item":"https:\/\/omegaflex.com\/hose-assemblies\/"},{"@type":"ListItem","position":3,"name":"Oxygen Lance Hose"}]},{"@type":"WebSite","@id":"https:\/\/omegaflex.com\/#website","url":"https:\/\/omegaflex.com\/","name":"OmegaFlex Industrial","description":"","potentialAction":[{"@type":"SearchAction","target":{"@type":"EntryPoint","urlTemplate":"https:\/\/omegaflex.com\/?s={search_term_string}"},"query-input":{"@type":"PropertyValueSpecification","valueRequired":true,"valueName":"search_term_string"}}],"inLanguage":"fr-CA"}]}},"_links":{"self":[{"href":"http:\/\/omegaflex.com\/fr\/wp-json\/wp\/v2\/pages\/3079","targetHints":{"allow":["GET"]}}],"collection":[{"href":"http:\/\/omegaflex.com\/fr\/wp-json\/wp\/v2\/pages"}],"about":[{"href":"http:\/\/omegaflex.com\/fr\/wp-json\/wp\/v2\/types\/page"}],"author":[{"embeddable":true,"href":"http:\/\/omegaflex.com\/fr\/wp-json\/wp\/v2\/users\/5"}],"replies":[{"embeddable":true,"href":"http:\/\/omegaflex.com\/fr\/wp-json\/wp\/v2\/comments?post=3079"}],"version-history":[{"count":0,"href":"http:\/\/omegaflex.com\/fr\/wp-json\/wp\/v2\/pages\/3079\/revisions"}],"up":[{"embeddable":true,"href":"http:\/\/omegaflex.com\/fr\/wp-json\/wp\/v2\/pages\/3047"}],"wp:attachment":[{"href":"http:\/\/omegaflex.com\/fr\/wp-json\/wp\/v2\/media?parent=3079"}],"curies":[{"name":"wp","href":"https:\/\/api.w.org\/{rel}","templated":true}]}}