{"id":3089,"date":"2017-08-28T20:41:39","date_gmt":"2017-08-29T00:41:39","guid":{"rendered":"http:\/\/omegaflex.com\/?page_id=3089"},"modified":"2023-12-21T11:13:19","modified_gmt":"2023-12-21T16:13:19","slug":"pressure","status":"publish","type":"page","link":"http:\/\/omegaflex.com\/fr\/engineering-design\/pressure\/","title":{"rendered":"Pression"},"content":{"rendered":"<h2>Pression de service maximale nominale<\/h2>\n<p>Pression maximale \u00e0 laquelle le tuyau doit \u00eatre soumis en continu. OmegaFlex \u00e9tablit cette valeur en multipliant la pression d'\u00e9clatement nominale par 25%. La pression publi\u00e9e est calcul\u00e9e \u00e0 70\u00b0F.<\/p>\n<h2>Pression d'essai nominale maximale<\/h2>\n<p>Pression maximale \u00e0 laquelle le tuyau doit \u00eatre soumis lors de l'essai de pression d'\u00e9preuve ou de l'essai du syst\u00e8me. Une d\u00e9formation de l'ondulation du tuyau se produira si la pression d'essai nominale maximale est d\u00e9pass\u00e9e. La pression de service nominale maximale est multipli\u00e9e par 150% pour d\u00e9terminer la pression d'essai nominale maximale.<\/p>\n<h2>Pression d'\u00e9clatement nominale<\/h2>\n<p>La pression moyenne \u00e0 laquelle l'\u00e2me ou la tresse se rompt \u00e0 temp\u00e9rature ambiante. Des techniques appropri\u00e9es de fabrication d'assemblage de tuyaux doivent \u00eatre utilis\u00e9es pour s'assurer que le tuyau r\u00e9pondra aux pressions publi\u00e9es par OmegaFlex.<\/p>\n<h2>Pression puls\u00e9e ou pression de choc<\/h2>\n<p>Les performances des tuyaux m\u00e9talliques peuvent \u00eatre consid\u00e9rablement r\u00e9duites sous ce type de pression de travail. Les pressions sont normalement r\u00e9duites par 50% dans les applications de pression puls\u00e9e ou de pression de choc.<br \/>\nContactez OmegaFlex pour plus d'informations sur cette application.<\/p>\n<h2>Correction de la pression et de la temp\u00e9rature<\/h2>\n<p>Les capacit\u00e9s de pression des tuyaux m\u00e9talliques diminuent \u00e0 mesure que la temp\u00e9rature augmente. Consulter le tableau des facteurs de correction de la temp\u00e9rature pour d\u00e9terminer la pression nominale \u00e0 des temp\u00e9ratures \u00e9lev\u00e9es.<\/p>\n<h2>Facteurs de s\u00e9curit\u00e9<\/h2>\n<p>La pression maximale de service ne doit pas \u00eatre sup\u00e9rieure \u00e0 25% de la pression nominale d'\u00e9clatement apr\u00e8s correction pour la temp\u00e9rature d'application. Le facteur de s\u00e9curit\u00e9 est g\u00e9n\u00e9ralement exprim\u00e9 par un rapport de 4:1.<\/p>\n<h2>Chute de pression<\/h2>\n<p>Une perte de pression se produit dans les longs tuyaux. La perte de pression est environ 3 fois sup\u00e9rieure \u00e0 celle d'un tuyau en acier. Contactez OmegaFlex si des calculs plus pr\u00e9cis sont n\u00e9cessaires.<\/p>\n<h2>Voir le diagramme de la chute de pression dans 100 pieds de tuyau<\/h2>\n<p><img loading=\"lazy\" decoding=\"async\" class=\"alignnone size-full wp-image-3468\" src=\"http:\/\/omegaflex.com\/wp-content\/uploads\/pressure-drop-100ft.jpg\" alt=\"\" width=\"808\" height=\"566\" srcset=\"https:\/\/omegaflex.com\/wp-content\/uploads\/pressure-drop-100ft.jpg 808w, https:\/\/omegaflex.com\/wp-content\/uploads\/pressure-drop-100ft-300x210.jpg 300w, https:\/\/omegaflex.com\/wp-content\/uploads\/pressure-drop-100ft-768x538.jpg 768w\" sizes=\"auto, (max-width: 808px) 100vw, 808px\" \/> <img loading=\"lazy\" decoding=\"async\" class=\"alignnone wp-image-3469\" src=\"http:\/\/omegaflex.com\/wp-content\/uploads\/pressure-drop-100ft-2.jpg\" alt=\"\" width=\"807\" height=\"567\" srcset=\"https:\/\/omegaflex.com\/wp-content\/uploads\/pressure-drop-100ft-2.jpg 816w, https:\/\/omegaflex.com\/wp-content\/uploads\/pressure-drop-100ft-2-300x211.jpg 300w, https:\/\/omegaflex.com\/wp-content\/uploads\/pressure-drop-100ft-2-768x539.jpg 768w\" sizes=\"auto, (max-width: 807px) 100vw, 807px\" \/><\/p>\n<a href=\"http:\/\/omegaflex.com\/wp-content\/uploads\/omegaflex-design-pressure-flow-velocity.pdf\" class=\"jumbo cool-blue tt-button\" target=\"_blank\"> T\u00e9l\u00e9charger le PDF <\/a>","protected":false},"excerpt":{"rendered":"<p>Maximum Rated Working Pressure The maximum pressure that the hose should be subjected to on a continuous basis. OmegaFlex establishes this rating by multiplying the nominal rated burst pressure by 25%. Published pressure is calculated at 70\u00b0F. Maximum Rated Test Pressure The maximum pressure the hose should be subjected to during proof pressure or system [&hellip;]<\/p>\n","protected":false},"author":5,"featured_media":0,"parent":3048,"menu_order":0,"comment_status":"open","ping_status":"closed","template":"page-template-right-sidebar.php","meta":{"_acf_changed":false,"footnotes":""},"class_list":["post-3089","page","type-page","status-publish","hentry"],"acf":[],"yoast_head":"<!-- This site is optimized with the Yoast SEO plugin v27.0 - https:\/\/yoast.com\/product\/yoast-seo-wordpress\/ -->\n<title>Pressure - OmegaFlex Industrial<\/title>\n<meta name=\"robots\" content=\"index, follow, max-snippet:-1, max-image-preview:large, max-video-preview:-1\" \/>\n<link rel=\"canonical\" href=\"https:\/\/omegaflex.com\/fr\/engineering-design\/pressure\/\" \/>\n<meta property=\"og:locale\" content=\"fr_CA\" \/>\n<meta property=\"og:type\" content=\"article\" \/>\n<meta property=\"og:title\" content=\"Pressure - OmegaFlex Industrial\" \/>\n<meta property=\"og:description\" content=\"Maximum Rated Working Pressure The maximum pressure that the hose should be subjected to on a continuous basis. OmegaFlex establishes this rating by multiplying the nominal rated burst pressure by 25%. Published pressure is calculated at 70\u00b0F. Maximum Rated Test Pressure The maximum pressure the hose should be subjected to during proof pressure or system [&hellip;]\" \/>\n<meta property=\"og:url\" content=\"https:\/\/omegaflex.com\/fr\/engineering-design\/pressure\/\" \/>\n<meta property=\"og:site_name\" content=\"OmegaFlex Industrial\" \/>\n<meta property=\"article:modified_time\" content=\"2023-12-21T16:13:19+00:00\" \/>\n<meta property=\"og:image\" content=\"http:\/\/omegaflex.com\/wp-content\/uploads\/pressure-drop-100ft.jpg\" \/>\n<meta name=\"twitter:label1\" content=\"Est. reading time\" \/>\n\t<meta name=\"twitter:data1\" content=\"2 minutes\" \/>\n<script type=\"application\/ld+json\" class=\"yoast-schema-graph\">{\"@context\":\"https:\/\/schema.org\",\"@graph\":[{\"@type\":\"WebPage\",\"@id\":\"https:\/\/omegaflex.com\/engineering-design\/pressure\/\",\"url\":\"https:\/\/omegaflex.com\/engineering-design\/pressure\/\",\"name\":\"Pressure - OmegaFlex Industrial\",\"isPartOf\":{\"@id\":\"https:\/\/omegaflex.com\/#website\"},\"primaryImageOfPage\":{\"@id\":\"https:\/\/omegaflex.com\/engineering-design\/pressure\/#primaryimage\"},\"image\":{\"@id\":\"https:\/\/omegaflex.com\/engineering-design\/pressure\/#primaryimage\"},\"thumbnailUrl\":\"http:\/\/omegaflex.com\/wp-content\/uploads\/pressure-drop-100ft.jpg\",\"datePublished\":\"2017-08-29T00:41:39+00:00\",\"dateModified\":\"2023-12-21T16:13:19+00:00\",\"breadcrumb\":{\"@id\":\"https:\/\/omegaflex.com\/engineering-design\/pressure\/#breadcrumb\"},\"inLanguage\":\"fr-CA\",\"potentialAction\":[{\"@type\":\"ReadAction\",\"target\":[\"https:\/\/omegaflex.com\/engineering-design\/pressure\/\"]}]},{\"@type\":\"ImageObject\",\"inLanguage\":\"fr-CA\",\"@id\":\"https:\/\/omegaflex.com\/engineering-design\/pressure\/#primaryimage\",\"url\":\"http:\/\/omegaflex.com\/wp-content\/uploads\/pressure-drop-100ft.jpg\",\"contentUrl\":\"http:\/\/omegaflex.com\/wp-content\/uploads\/pressure-drop-100ft.jpg\"},{\"@type\":\"BreadcrumbList\",\"@id\":\"https:\/\/omegaflex.com\/engineering-design\/pressure\/#breadcrumb\",\"itemListElement\":[{\"@type\":\"ListItem\",\"position\":1,\"name\":\"Home\",\"item\":\"https:\/\/omegaflex.com\/\"},{\"@type\":\"ListItem\",\"position\":2,\"name\":\"Engineering &#038; Design\",\"item\":\"http:\/\/omegaflex.com\/engineering-design\/terminology\/\"},{\"@type\":\"ListItem\",\"position\":3,\"name\":\"Pressure\"}]},{\"@type\":\"WebSite\",\"@id\":\"https:\/\/omegaflex.com\/#website\",\"url\":\"https:\/\/omegaflex.com\/\",\"name\":\"OmegaFlex Industrial\",\"description\":\"\",\"potentialAction\":[{\"@type\":\"SearchAction\",\"target\":{\"@type\":\"EntryPoint\",\"urlTemplate\":\"https:\/\/omegaflex.com\/?s={search_term_string}\"},\"query-input\":{\"@type\":\"PropertyValueSpecification\",\"valueRequired\":true,\"valueName\":\"search_term_string\"}}],\"inLanguage\":\"fr-CA\"}]}<\/script>\n<!-- \/ Yoast SEO plugin. -->","yoast_head_json":{"title":"Pression - OmegaFlex Industrial","robots":{"index":"index","follow":"follow","max-snippet":"max-snippet:-1","max-image-preview":"max-image-preview:large","max-video-preview":"max-video-preview:-1"},"canonical":"https:\/\/omegaflex.com\/fr\/engineering-design\/pressure\/","og_locale":"fr_CA","og_type":"article","og_title":"Pressure - OmegaFlex Industrial","og_description":"Maximum Rated Working Pressure The maximum pressure that the hose should be subjected to on a continuous basis. OmegaFlex establishes this rating by multiplying the nominal rated burst pressure by 25%. Published pressure is calculated at 70\u00b0F. Maximum Rated Test Pressure The maximum pressure the hose should be subjected to during proof pressure or system [&hellip;]","og_url":"https:\/\/omegaflex.com\/fr\/engineering-design\/pressure\/","og_site_name":"OmegaFlex Industrial","article_modified_time":"2023-12-21T16:13:19+00:00","og_image":[{"url":"http:\/\/omegaflex.com\/wp-content\/uploads\/pressure-drop-100ft.jpg","type":"","width":"","height":""}],"twitter_misc":{"Est. reading time":"2 minutes"},"schema":{"@context":"https:\/\/schema.org","@graph":[{"@type":"WebPage","@id":"https:\/\/omegaflex.com\/engineering-design\/pressure\/","url":"https:\/\/omegaflex.com\/engineering-design\/pressure\/","name":"Pression - OmegaFlex Industrial","isPartOf":{"@id":"https:\/\/omegaflex.com\/#website"},"primaryImageOfPage":{"@id":"https:\/\/omegaflex.com\/engineering-design\/pressure\/#primaryimage"},"image":{"@id":"https:\/\/omegaflex.com\/engineering-design\/pressure\/#primaryimage"},"thumbnailUrl":"http:\/\/omegaflex.com\/wp-content\/uploads\/pressure-drop-100ft.jpg","datePublished":"2017-08-29T00:41:39+00:00","dateModified":"2023-12-21T16:13:19+00:00","breadcrumb":{"@id":"https:\/\/omegaflex.com\/engineering-design\/pressure\/#breadcrumb"},"inLanguage":"fr-CA","potentialAction":[{"@type":"ReadAction","target":["https:\/\/omegaflex.com\/engineering-design\/pressure\/"]}]},{"@type":"ImageObject","inLanguage":"fr-CA","@id":"https:\/\/omegaflex.com\/engineering-design\/pressure\/#primaryimage","url":"http:\/\/omegaflex.com\/wp-content\/uploads\/pressure-drop-100ft.jpg","contentUrl":"http:\/\/omegaflex.com\/wp-content\/uploads\/pressure-drop-100ft.jpg"},{"@type":"BreadcrumbList","@id":"https:\/\/omegaflex.com\/engineering-design\/pressure\/#breadcrumb","itemListElement":[{"@type":"ListItem","position":1,"name":"Home","item":"https:\/\/omegaflex.com\/"},{"@type":"ListItem","position":2,"name":"Engineering &#038; Design","item":"http:\/\/omegaflex.com\/engineering-design\/terminology\/"},{"@type":"ListItem","position":3,"name":"Pressure"}]},{"@type":"WebSite","@id":"https:\/\/omegaflex.com\/#website","url":"https:\/\/omegaflex.com\/","name":"OmegaFlex Industrial","description":"","potentialAction":[{"@type":"SearchAction","target":{"@type":"EntryPoint","urlTemplate":"https:\/\/omegaflex.com\/?s={search_term_string}"},"query-input":{"@type":"PropertyValueSpecification","valueRequired":true,"valueName":"search_term_string"}}],"inLanguage":"fr-CA"}]}},"_links":{"self":[{"href":"http:\/\/omegaflex.com\/fr\/wp-json\/wp\/v2\/pages\/3089","targetHints":{"allow":["GET"]}}],"collection":[{"href":"http:\/\/omegaflex.com\/fr\/wp-json\/wp\/v2\/pages"}],"about":[{"href":"http:\/\/omegaflex.com\/fr\/wp-json\/wp\/v2\/types\/page"}],"author":[{"embeddable":true,"href":"http:\/\/omegaflex.com\/fr\/wp-json\/wp\/v2\/users\/5"}],"replies":[{"embeddable":true,"href":"http:\/\/omegaflex.com\/fr\/wp-json\/wp\/v2\/comments?post=3089"}],"version-history":[{"count":0,"href":"http:\/\/omegaflex.com\/fr\/wp-json\/wp\/v2\/pages\/3089\/revisions"}],"up":[{"embeddable":true,"href":"http:\/\/omegaflex.com\/fr\/wp-json\/wp\/v2\/pages\/3048"}],"wp:attachment":[{"href":"http:\/\/omegaflex.com\/fr\/wp-json\/wp\/v2\/media?parent=3089"}],"curies":[{"name":"wp","href":"https:\/\/api.w.org\/{rel}","templated":true}]}}