{"id":3380,"date":"2018-02-12T21:05:53","date_gmt":"2018-02-13T02:05:53","guid":{"rendered":"http:\/\/omegaflex.com\/?page_id=3380"},"modified":"2018-07-26T20:36:33","modified_gmt":"2018-07-27T00:36:33","slug":"stainless-high-pressure-hose","status":"publish","type":"page","link":"http:\/\/omegaflex.com\/fr\/product-specifications\/stainless-high-pressure-hose\/","title":{"rendered":"Tuyau haute pression en acier inoxydable"},"content":{"rendered":"<h2>S\u00e9rie 800<\/h2>\n<h4>Qualifi\u00e9 ISO 10380<\/h4>\n<ul>\n<li>S\u00e9rie 812 fabriqu\u00e9e avec un tuyau en acier inoxydable 321 et une tresse en acier inoxydable 304<\/li>\n<li>S\u00e9rie 813 : tuyau en acier inoxydable T316 avec tresse en acier inoxydable T316<\/li>\n<li>La capacit\u00e9 de pression comprend le vide complet jusqu'aux pressions indiqu\u00e9es ci-dessous<\/li>\n<li>Temp\u00e9ratures nominales de la cryog\u00e9nie \u00e0 1500\u02daF<\/li>\n<li>Conforme ou sup\u00e9rieur \u00e0 la norme ISO 10380b<\/li>\n<li>Vendu uniquement sous forme de tuyau tress\u00e9<\/li>\n<\/ul>\n<p>&nbsp;<\/p>\n<h2>S\u00e9rie 800 - Tuyau et tresse haute pression annulaires en acier inoxydable<\/h2>\n\n<table id=\"tablepress-8\" class=\"tablepress tablepress-id-8 table-series tbody-has-connected-cells\">\n<tbody>\n<tr class=\"row-1\">\n\t<td rowspan=\"2\" class=\"column-1\">Nominal<br \/>\nTuyau<br \/>\nTaille (po)<\/td><td rowspan=\"2\" class=\"column-2\">Diam\u00e8tre<br \/>\nTuyau<br \/>\nTaille (DN)<\/td><td rowspan=\"2\" class=\"column-3\">Tresse<br \/>\nCouches<\/td><td rowspan=\"2\" class=\"column-4\">Nominal<br \/>\nA l'ext\u00e9rieur<br \/>\nDiam\u00e8tre<\/td><td rowspan=\"2\" class=\"column-5\">Nominal<br \/>\nA l'int\u00e9rieur<br \/>\nDiam\u00e8tre<\/td><td colspan=\"2\" class=\"column-6\">Rayon de courbure minimal de l'axe central<br \/>\n(in.)<\/td><td colspan=\"3\" class=\"column-8\">Pressions nominales \u00e0 70\u00b0F (PSIG)a W<\/td><td rowspan=\"2\" class=\"column-11\">Manchette tress\u00e9e<br \/>\nSertissage D.O.d<br \/>\n(in.)<\/td><td rowspan=\"2\" class=\"column-12\">Poids<br \/>\npar pied<br \/>\n(lb.)<\/td>\n<\/tr>\n<tr class=\"row-2\">\n\t<td class=\"column-6\">Statique<\/td><td class=\"column-7\">Dynamique<\/td><td class=\"column-8\">Max.<br \/>\nTravailler<\/td><td class=\"column-9\">Max.<br \/>\nTest<\/td><td class=\"column-10\">\u00c9clatement nominal<\/td>\n<\/tr>\n<tr class=\"row-3\">\n\t<td rowspan=\"2\" class=\"column-1\">\u00bce<\/td><td rowspan=\"2\" class=\"column-2\">8<\/td><td class=\"column-3\">1<\/td><td class=\"column-4\">0.51<\/td><td rowspan=\"2\" class=\"column-5\">0.32<\/td><td class=\"column-6\">2.25<\/td><td class=\"column-7\">4.5<\/td><td class=\"column-8\">2500<\/td><td class=\"column-9\">3750<\/td><td class=\"column-10\">10000<\/td><td class=\"column-11\">0.59<\/td><td class=\"column-12\">0.19<\/td>\n<\/tr>\n<tr class=\"row-4\">\n\t<td class=\"column-3\">2<\/td><td class=\"column-4\">0.56<\/td><td class=\"column-6\">3<\/td><td class=\"column-7\">6<\/td><td class=\"column-8\">3250<\/td><td class=\"column-9\">4875<\/td><td class=\"column-10\">13000<\/td><td class=\"column-11\">0.64<\/td><td class=\"column-12\">0.30<\/td>\n<\/tr>\n<tr class=\"row-5\">\n\t<td rowspan=\"2\" class=\"column-1\">3\u20448<\/td><td rowspan=\"2\" class=\"column-2\">10<\/td><td class=\"column-3\">1<\/td><td class=\"column-4\">0.67<\/td><td rowspan=\"2\" class=\"column-5\">0.42<\/td><td class=\"column-6\">3<\/td><td class=\"column-7\">6<\/td><td class=\"column-8\">2625<\/td><td class=\"column-9\">3938<\/td><td class=\"column-10\">10500<\/td><td class=\"column-11\">0.78<\/td><td class=\"column-12\">0.31<\/td>\n<\/tr>\n<tr class=\"row-6\">\n\t<td class=\"column-3\">2<\/td><td class=\"column-4\">0.73<\/td><td class=\"column-6\">4<\/td><td class=\"column-7\">8<\/td><td class=\"column-8\">3250<\/td><td class=\"column-9\">4875<\/td><td class=\"column-10\">13000<\/td><td class=\"column-11\">0.87<\/td><td class=\"column-12\">0.51<\/td>\n<\/tr>\n<tr class=\"row-7\">\n\t<td rowspan=\"2\" class=\"column-1\">1\u20442<\/td><td rowspan=\"2\" class=\"column-2\">15<\/td><td class=\"column-3\">1<\/td><td class=\"column-4\">0.83<\/td><td rowspan=\"2\" class=\"column-5\">0.53<\/td><td class=\"column-6\">4.5<\/td><td class=\"column-7\">7.5<\/td><td class=\"column-8\">2000<\/td><td class=\"column-9\">3000<\/td><td class=\"column-10\">8000<\/td><td class=\"column-11\">0.93<\/td><td class=\"column-12\">0.39<\/td>\n<\/tr>\n<tr class=\"row-8\">\n\t<td class=\"column-3\">2<\/td><td class=\"column-4\">0.89<\/td><td class=\"column-6\">6<\/td><td class=\"column-7\">10<\/td><td class=\"column-8\">3200<\/td><td class=\"column-9\">4800<\/td><td class=\"column-10\">12800<\/td><td class=\"column-11\">1.03<\/td><td class=\"column-12\">0.63<\/td>\n<\/tr>\n<tr class=\"row-9\">\n\t<td rowspan=\"2\" class=\"column-1\">3\u20444<\/td><td rowspan=\"2\" class=\"column-2\">20<\/td><td class=\"column-3\">1<\/td><td class=\"column-4\">1.16<\/td><td rowspan=\"2\" class=\"column-5\">0.81<\/td><td class=\"column-6\">6<\/td><td class=\"column-7\">9<\/td><td class=\"column-8\">1525<\/td><td class=\"column-9\">2288<\/td><td class=\"column-10\">6100<\/td><td class=\"column-11\">1.27<\/td><td class=\"column-12\">0.59<\/td>\n<\/tr>\n<tr class=\"row-10\">\n\t<td class=\"column-3\">2<\/td><td class=\"column-4\">1.26<\/td><td class=\"column-6\">8<\/td><td class=\"column-7\">12<\/td><td class=\"column-8\">2625<\/td><td class=\"column-9\">3938<\/td><td class=\"column-10\">10500<\/td><td class=\"column-11\">1.37<\/td><td class=\"column-12\">0.96<\/td>\n<\/tr>\n<tr class=\"row-11\">\n\t<td rowspan=\"2\" class=\"column-1\">1<\/td><td rowspan=\"2\" class=\"column-2\">25<\/td><td class=\"column-3\">1<\/td><td class=\"column-4\">1.43<\/td><td rowspan=\"2\" class=\"column-5\">1.03<\/td><td class=\"column-6\">6.75<\/td><td class=\"column-7\">10.5<\/td><td class=\"column-8\">1375<\/td><td class=\"column-9\">2063<\/td><td class=\"column-10\">5500<\/td><td class=\"column-11\">1.57<\/td><td class=\"column-12\">0.73<\/td>\n<\/tr>\n<tr class=\"row-12\">\n\t<td class=\"column-3\">2<\/td><td class=\"column-4\">1.54<\/td><td class=\"column-6\">9<\/td><td class=\"column-7\">14<\/td><td class=\"column-8\">2050<\/td><td class=\"column-9\">3075<\/td><td class=\"column-10\">8200<\/td><td class=\"column-11\">1.71<\/td><td class=\"column-12\">1.10<\/td>\n<\/tr>\n<tr class=\"row-13\">\n\t<td rowspan=\"2\" class=\"column-1\">1 1\u20444<\/td><td rowspan=\"2\" class=\"column-2\">32<\/td><td class=\"column-3\">1<\/td><td class=\"column-4\">1.87<\/td><td rowspan=\"2\" class=\"column-5\">1.26<\/td><td class=\"column-6\">4.5<\/td><td class=\"column-7\">13.5<\/td><td class=\"column-8\">1125<\/td><td class=\"column-9\">1688<\/td><td class=\"column-10\">4500<\/td><td class=\"column-11\">2.02<\/td><td class=\"column-12\">1.32<\/td>\n<\/tr>\n<tr class=\"row-14\">\n\t<td class=\"column-3\">2<\/td><td class=\"column-4\">1.98<\/td><td class=\"column-6\">6<\/td><td class=\"column-7\">18<\/td><td class=\"column-8\">1800<\/td><td class=\"column-9\">2700<\/td><td class=\"column-10\">7200<\/td><td class=\"column-11\">2.19<\/td><td class=\"column-12\">2.02<\/td>\n<\/tr>\n<tr class=\"row-15\">\n\t<td rowspan=\"2\" class=\"column-1\">1 1\u20442<\/td><td rowspan=\"2\" class=\"column-2\">40<\/td><td class=\"column-3\">1<\/td><td class=\"column-4\">2.19<\/td><td rowspan=\"2\" class=\"column-5\">1.55<\/td><td class=\"column-6\">5.25<\/td><td class=\"column-7\">16.5<\/td><td class=\"column-8\">1025<\/td><td class=\"column-9\">1538<\/td><td class=\"column-10\">4100<\/td><td class=\"column-11\">2.32<\/td><td class=\"column-12\">1.56<\/td>\n<\/tr>\n<tr class=\"row-16\">\n\t<td class=\"column-3\">2<\/td><td class=\"column-4\">2.25<\/td><td class=\"column-6\">7<\/td><td class=\"column-7\">22<\/td><td class=\"column-8\">1750<\/td><td class=\"column-9\">2625<\/td><td class=\"column-10\">7000<\/td><td class=\"column-11\">2.46<\/td><td class=\"column-12\">2.55<\/td>\n<\/tr>\n<tr class=\"row-17\">\n\t<td rowspan=\"2\" class=\"column-1\">2<\/td><td rowspan=\"2\" class=\"column-2\">50<\/td><td class=\"column-3\">1<\/td><td class=\"column-4\">2.65<\/td><td rowspan=\"2\" class=\"column-5\">2<\/td><td class=\"column-6\">6.75<\/td><td class=\"column-7\">18<\/td><td class=\"column-8\">850<\/td><td class=\"column-9\">1275<\/td><td class=\"column-10\">3400<\/td><td class=\"column-11\">2.83<\/td><td class=\"column-12\">1.93<\/td>\n<\/tr>\n<tr class=\"row-18\">\n\t<td class=\"column-3\">2<\/td><td class=\"column-4\">2.78<\/td><td class=\"column-6\">9<\/td><td class=\"column-7\">24<\/td><td class=\"column-8\">1325<\/td><td class=\"column-9\">1988<\/td><td class=\"column-10\">5300<\/td><td class=\"column-11\">2.94<\/td><td class=\"column-12\">3.14<\/td>\n<\/tr>\n<tr class=\"row-19\">\n\t<td rowspan=\"2\" class=\"column-1\">2 1\u20442<\/td><td rowspan=\"2\" class=\"column-2\">65<\/td><td class=\"column-3\">1<\/td><td class=\"column-4\">3.42<\/td><td rowspan=\"2\" class=\"column-5\">2.61<\/td><td class=\"column-6\">7.5<\/td><td class=\"column-7\">19.5<\/td><td class=\"column-8\">625<\/td><td class=\"column-9\">938<\/td><td class=\"column-10\">2500<\/td><td class=\"column-11\">---<\/td><td class=\"column-12\">2.72<\/td>\n<\/tr>\n<tr class=\"row-20\">\n\t<td class=\"column-3\">2<\/td><td class=\"column-4\">3.53<\/td><td class=\"column-6\">10<\/td><td class=\"column-7\">26<\/td><td class=\"column-8\">1125<\/td><td class=\"column-9\">1688<\/td><td class=\"column-10\">4500<\/td><td class=\"column-11\">---<\/td><td class=\"column-12\">4.23<\/td>\n<\/tr>\n<tr class=\"row-21\">\n\t<td rowspan=\"2\" class=\"column-1\">3<\/td><td rowspan=\"2\" class=\"column-2\">80<\/td><td class=\"column-3\">1<\/td><td class=\"column-4\">3.98<\/td><td rowspan=\"2\" class=\"column-5\">3.10<\/td><td class=\"column-6\">11.25<\/td><td class=\"column-7\">24<\/td><td class=\"column-8\">563<\/td><td class=\"column-9\">844<\/td><td class=\"column-10\">2250<\/td><td class=\"column-11\">---<\/td><td class=\"column-12\">3.20<\/td>\n<\/tr>\n<tr class=\"row-22\">\n\t<td class=\"column-3\">2<\/td><td class=\"column-4\">4.09<\/td><td class=\"column-6\">15<\/td><td class=\"column-7\">32<\/td><td class=\"column-8\">1000<\/td><td class=\"column-9\">1500<\/td><td class=\"column-10\">4000<\/td><td class=\"column-11\">---<\/td><td class=\"column-12\">4.72<\/td>\n<\/tr>\n<tr class=\"row-23\">\n\t<td rowspan=\"2\" class=\"column-1\">4<\/td><td rowspan=\"2\" class=\"column-2\">100<\/td><td class=\"column-3\">1<\/td><td class=\"column-4\">4.92<\/td><td rowspan=\"2\" class=\"column-5\">3.98<\/td><td class=\"column-6\">15<\/td><td class=\"column-7\">30<\/td><td class=\"column-8\">363<\/td><td class=\"column-9\">544<\/td><td class=\"column-10\">1450<\/td><td class=\"column-11\">---<\/td><td class=\"column-12\">3.79<\/td>\n<\/tr>\n<tr class=\"row-24\">\n\t<td class=\"column-3\">2<\/td><td class=\"column-4\">5.03<\/td><td class=\"column-6\">20<\/td><td class=\"column-7\">40<\/td><td class=\"column-8\">625<\/td><td class=\"column-9\">938<\/td><td class=\"column-10\">2500<\/td><td class=\"column-11\">---<\/td><td class=\"column-12\">5.48<\/td>\n<\/tr>\n<tr class=\"row-25\">\n\t<td rowspan=\"2\" class=\"column-1\">5<\/td><td rowspan=\"2\" class=\"column-2\">125<\/td><td class=\"column-3\">1<\/td><td class=\"column-4\">5.85<\/td><td rowspan=\"2\" class=\"column-5\">5.03<\/td><td class=\"column-6\">20<\/td><td class=\"column-7\">40<\/td><td class=\"column-8\">300<\/td><td class=\"column-9\">450<\/td><td class=\"column-10\">1200<\/td><td class=\"column-11\">---<\/td><td class=\"column-12\">6.02<\/td>\n<\/tr>\n<tr class=\"row-26\">\n\t<td class=\"column-3\">2<\/td><td class=\"column-4\">5.98<\/td><td class=\"column-6\">25<\/td><td class=\"column-7\">50<\/td><td class=\"column-8\">500<\/td><td class=\"column-9\">750<\/td><td class=\"column-10\">2000<\/td><td class=\"column-11\">---<\/td><td class=\"column-12\">9.03<\/td>\n<\/tr>\n<tr class=\"row-27\">\n\t<td rowspan=\"2\" class=\"column-1\">6<\/td><td rowspan=\"2\" class=\"column-2\">150<\/td><td class=\"column-3\">1<\/td><td class=\"column-4\">7.12<\/td><td rowspan=\"2\" class=\"column-5\">6.03<\/td><td class=\"column-6\">22.5<\/td><td class=\"column-7\">45<\/td><td class=\"column-8\">275<\/td><td class=\"column-9\">413<\/td><td class=\"column-10\">1100<\/td><td class=\"column-11\">---<\/td><td class=\"column-12\">7.01<\/td>\n<\/tr>\n<tr class=\"row-28\">\n\t<td class=\"column-3\">2<\/td><td class=\"column-4\">7.26<\/td><td class=\"column-6\">30<\/td><td class=\"column-7\">60<\/td><td class=\"column-8\">413<\/td><td class=\"column-9\">619<\/td><td class=\"column-10\">1650<\/td><td class=\"column-11\">---<\/td><td class=\"column-12\">9.57<\/td>\n<\/tr>\n<tr class=\"row-29\">\n\t<td rowspan=\"2\" class=\"column-1\">8<\/td><td rowspan=\"2\" class=\"column-2\">200<\/td><td class=\"column-3\">1<\/td><td class=\"column-4\">9.34<\/td><td rowspan=\"2\" class=\"column-5\">7.96<\/td><td class=\"column-6\">30<\/td><td class=\"column-7\">60<\/td><td class=\"column-8\">200<\/td><td class=\"column-9\">300<\/td><td class=\"column-10\">800<\/td><td class=\"column-11\">---<\/td><td class=\"column-12\">11.38<\/td>\n<\/tr>\n<tr class=\"row-30\">\n\t<td class=\"column-3\">2<\/td><td class=\"column-4\">9.56<\/td><td class=\"column-6\">40<\/td><td class=\"column-7\">80<\/td><td class=\"column-8\">300<\/td><td class=\"column-9\">450<\/td><td class=\"column-10\">1200<\/td><td class=\"column-11\">---<\/td><td class=\"column-12\">15.45<\/td>\n<\/tr>\n<\/tbody>\n<\/table>\n<!-- #tablepress-8 from cache -->\n&nbsp;<\/p>\n<ol class=\"lower-alpha\">\n<li>Le tuyau OmegaFlex et la tresse correspondante doivent \u00eatre utilis\u00e9s en combinaison pour atteindre les pressions nominales.<\/li>\n<li>Les tuyaux de taille 3\u20448\u2033 \u00e0 2\u2033 sont conformes \u00e0 la norme ISO 10380 relative \u00e0 la dur\u00e9e de vie moyenne minimale de 50 000 cycles \u00e0 la pression de service nominale maximale indiqu\u00e9e ci-dessus.<\/li>\n<li>Les assemblages des tailles 2\u00bd\" \u00e0 8\u2033 doivent incorporer une tresse de pull-over avec une conception de collier vers le bas pour r\u00e9pondre aux pressions nominales r\u00e9pertori\u00e9es. Contacter OmegaFlex pour plus de d\u00e9tails sur cette proc\u00e9dure.<\/li>\n<li>Le manchon de tresse doit \u00eatre serti au diam\u00e8tre ext\u00e9rieur de sertissage du manchon de tresse indiqu\u00e9 pour les tailles 2\u2033 et inf\u00e9rieures afin de respecter les pressions nominales.  Consulter OmegaFlex pour plus de d\u00e9tails.<\/li>\n<li>1\/4\u2033 r\u00e9pond aux exigences de dur\u00e9e de vie ISO 10380 au rayon de courbure sp\u00e9cifi\u00e9 par OmegaFlex.<\/li>\n<\/ol>\n<p>&nbsp;<\/p>\n<h2>Sp\u00e9cification des num\u00e9ros de pi\u00e8ces pour les produits de la s\u00e9rie 800<\/h2>\n<p><img loading=\"lazy\" decoding=\"async\" class=\"alignnone size-full wp-image-3383\" src=\"http:\/\/omegaflex.com\/wp-content\/uploads\/part-num-series-800.jpg\" alt=\"\" width=\"569\" height=\"142\" srcset=\"https:\/\/omegaflex.com\/wp-content\/uploads\/part-num-series-800.jpg 569w, https:\/\/omegaflex.com\/wp-content\/uploads\/part-num-series-800-300x75.jpg 300w\" sizes=\"auto, (max-width: 569px) 100vw, 569px\" \/><\/p>\n<a href=\"http:\/\/omegaflex.com\/wp-content\/uploads\/omegaflex-stainless-hose-high-pressure.pdf\" class=\"jumbo cool-blue tt-button\" target=\"_blank\"> T\u00e9l\u00e9charger le PDF <\/a>","protected":false},"excerpt":{"rendered":"<p>Series 800 ISO 10380 Qualified 812 Series manufactured with 321 stainless steel hose with 304 stainless steel braid 813 Series manufactured in T316 stainless steel hose with T316 stainless steel braid Pressure capability includes full vacuum to pressures shown below Temperature ratings from cryogenic to 1500\u02daF Meets or exceeds ISO 10380b Sold only as braided [&hellip;]<\/p>\n","protected":false},"author":5,"featured_media":0,"parent":3046,"menu_order":0,"comment_status":"open","ping_status":"closed","template":"page-template-right-sidebar.php","meta":{"_acf_changed":false,"footnotes":""},"class_list":["post-3380","page","type-page","status-publish","hentry"],"acf":[],"yoast_head":"<!-- This site is optimized with the Yoast SEO plugin v27.0 - https:\/\/yoast.com\/product\/yoast-seo-wordpress\/ -->\n<title>Stainless High Pressure Hose - OmegaFlex Industrial<\/title>\n<meta name=\"robots\" content=\"index, follow, max-snippet:-1, max-image-preview:large, max-video-preview:-1\" \/>\n<link rel=\"canonical\" href=\"https:\/\/omegaflex.com\/fr\/product-specifications\/stainless-high-pressure-hose\/\" \/>\n<meta property=\"og:locale\" content=\"fr_CA\" \/>\n<meta property=\"og:type\" content=\"article\" \/>\n<meta property=\"og:title\" content=\"Stainless High Pressure Hose - OmegaFlex Industrial\" \/>\n<meta property=\"og:description\" content=\"Series 800 ISO 10380 Qualified 812 Series manufactured with 321 stainless steel hose with 304 stainless steel braid 813 Series manufactured in T316 stainless steel hose with T316 stainless steel braid Pressure capability includes full vacuum to pressures shown below Temperature ratings from cryogenic to 1500\u02daF Meets or exceeds ISO 10380b Sold only as braided [&hellip;]\" \/>\n<meta property=\"og:url\" content=\"https:\/\/omegaflex.com\/fr\/product-specifications\/stainless-high-pressure-hose\/\" \/>\n<meta property=\"og:site_name\" content=\"OmegaFlex Industrial\" \/>\n<meta property=\"article:modified_time\" content=\"2018-07-27T00:36:33+00:00\" \/>\n<meta property=\"og:image\" content=\"http:\/\/omegaflex.com\/wp-content\/uploads\/part-num-series-800.jpg\" \/>\n<meta name=\"twitter:label1\" content=\"Est. reading time\" \/>\n\t<meta name=\"twitter:data1\" content=\"1 minute\" \/>\n<script type=\"application\/ld+json\" class=\"yoast-schema-graph\">{\"@context\":\"https:\/\/schema.org\",\"@graph\":[{\"@type\":\"WebPage\",\"@id\":\"https:\/\/omegaflex.com\/product-specifications\/stainless-high-pressure-hose\/\",\"url\":\"https:\/\/omegaflex.com\/product-specifications\/stainless-high-pressure-hose\/\",\"name\":\"Stainless High Pressure Hose - OmegaFlex Industrial\",\"isPartOf\":{\"@id\":\"https:\/\/omegaflex.com\/#website\"},\"primaryImageOfPage\":{\"@id\":\"https:\/\/omegaflex.com\/product-specifications\/stainless-high-pressure-hose\/#primaryimage\"},\"image\":{\"@id\":\"https:\/\/omegaflex.com\/product-specifications\/stainless-high-pressure-hose\/#primaryimage\"},\"thumbnailUrl\":\"http:\/\/omegaflex.com\/wp-content\/uploads\/part-num-series-800.jpg\",\"datePublished\":\"2018-02-13T02:05:53+00:00\",\"dateModified\":\"2018-07-27T00:36:33+00:00\",\"breadcrumb\":{\"@id\":\"https:\/\/omegaflex.com\/product-specifications\/stainless-high-pressure-hose\/#breadcrumb\"},\"inLanguage\":\"fr-CA\",\"potentialAction\":[{\"@type\":\"ReadAction\",\"target\":[\"https:\/\/omegaflex.com\/product-specifications\/stainless-high-pressure-hose\/\"]}]},{\"@type\":\"ImageObject\",\"inLanguage\":\"fr-CA\",\"@id\":\"https:\/\/omegaflex.com\/product-specifications\/stainless-high-pressure-hose\/#primaryimage\",\"url\":\"http:\/\/omegaflex.com\/wp-content\/uploads\/part-num-series-800.jpg\",\"contentUrl\":\"http:\/\/omegaflex.com\/wp-content\/uploads\/part-num-series-800.jpg\"},{\"@type\":\"BreadcrumbList\",\"@id\":\"https:\/\/omegaflex.com\/product-specifications\/stainless-high-pressure-hose\/#breadcrumb\",\"itemListElement\":[{\"@type\":\"ListItem\",\"position\":1,\"name\":\"Home\",\"item\":\"https:\/\/omegaflex.com\/\"},{\"@type\":\"ListItem\",\"position\":2,\"name\":\"Product Specifications\",\"item\":\"https:\/\/omegaflex.com\/product-specifications\/\"},{\"@type\":\"ListItem\",\"position\":3,\"name\":\"Stainless High Pressure Hose\"}]},{\"@type\":\"WebSite\",\"@id\":\"https:\/\/omegaflex.com\/#website\",\"url\":\"https:\/\/omegaflex.com\/\",\"name\":\"OmegaFlex Industrial\",\"description\":\"\",\"potentialAction\":[{\"@type\":\"SearchAction\",\"target\":{\"@type\":\"EntryPoint\",\"urlTemplate\":\"https:\/\/omegaflex.com\/?s={search_term_string}\"},\"query-input\":{\"@type\":\"PropertyValueSpecification\",\"valueRequired\":true,\"valueName\":\"search_term_string\"}}],\"inLanguage\":\"fr-CA\"}]}<\/script>\n<!-- \/ Yoast SEO plugin. -->","yoast_head_json":{"title":"Tuyau haute pression en acier inoxydable - OmegaFlex Industrial","robots":{"index":"index","follow":"follow","max-snippet":"max-snippet:-1","max-image-preview":"max-image-preview:large","max-video-preview":"max-video-preview:-1"},"canonical":"https:\/\/omegaflex.com\/fr\/product-specifications\/stainless-high-pressure-hose\/","og_locale":"fr_CA","og_type":"article","og_title":"Stainless High Pressure Hose - OmegaFlex Industrial","og_description":"Series 800 ISO 10380 Qualified 812 Series manufactured with 321 stainless steel hose with 304 stainless steel braid 813 Series manufactured in T316 stainless steel hose with T316 stainless steel braid Pressure capability includes full vacuum to pressures shown below Temperature ratings from cryogenic to 1500\u02daF Meets or exceeds ISO 10380b Sold only as braided [&hellip;]","og_url":"https:\/\/omegaflex.com\/fr\/product-specifications\/stainless-high-pressure-hose\/","og_site_name":"OmegaFlex Industrial","article_modified_time":"2018-07-27T00:36:33+00:00","og_image":[{"url":"http:\/\/omegaflex.com\/wp-content\/uploads\/part-num-series-800.jpg","type":"","width":"","height":""}],"twitter_misc":{"Est. reading time":"1 minute"},"schema":{"@context":"https:\/\/schema.org","@graph":[{"@type":"WebPage","@id":"https:\/\/omegaflex.com\/product-specifications\/stainless-high-pressure-hose\/","url":"https:\/\/omegaflex.com\/product-specifications\/stainless-high-pressure-hose\/","name":"Tuyau haute pression en acier inoxydable - OmegaFlex Industrial","isPartOf":{"@id":"https:\/\/omegaflex.com\/#website"},"primaryImageOfPage":{"@id":"https:\/\/omegaflex.com\/product-specifications\/stainless-high-pressure-hose\/#primaryimage"},"image":{"@id":"https:\/\/omegaflex.com\/product-specifications\/stainless-high-pressure-hose\/#primaryimage"},"thumbnailUrl":"http:\/\/omegaflex.com\/wp-content\/uploads\/part-num-series-800.jpg","datePublished":"2018-02-13T02:05:53+00:00","dateModified":"2018-07-27T00:36:33+00:00","breadcrumb":{"@id":"https:\/\/omegaflex.com\/product-specifications\/stainless-high-pressure-hose\/#breadcrumb"},"inLanguage":"fr-CA","potentialAction":[{"@type":"ReadAction","target":["https:\/\/omegaflex.com\/product-specifications\/stainless-high-pressure-hose\/"]}]},{"@type":"ImageObject","inLanguage":"fr-CA","@id":"https:\/\/omegaflex.com\/product-specifications\/stainless-high-pressure-hose\/#primaryimage","url":"http:\/\/omegaflex.com\/wp-content\/uploads\/part-num-series-800.jpg","contentUrl":"http:\/\/omegaflex.com\/wp-content\/uploads\/part-num-series-800.jpg"},{"@type":"BreadcrumbList","@id":"https:\/\/omegaflex.com\/product-specifications\/stainless-high-pressure-hose\/#breadcrumb","itemListElement":[{"@type":"ListItem","position":1,"name":"Home","item":"https:\/\/omegaflex.com\/"},{"@type":"ListItem","position":2,"name":"Product Specifications","item":"https:\/\/omegaflex.com\/product-specifications\/"},{"@type":"ListItem","position":3,"name":"Stainless High Pressure Hose"}]},{"@type":"WebSite","@id":"https:\/\/omegaflex.com\/#website","url":"https:\/\/omegaflex.com\/","name":"OmegaFlex Industrial","description":"","potentialAction":[{"@type":"SearchAction","target":{"@type":"EntryPoint","urlTemplate":"https:\/\/omegaflex.com\/?s={search_term_string}"},"query-input":{"@type":"PropertyValueSpecification","valueRequired":true,"valueName":"search_term_string"}}],"inLanguage":"fr-CA"}]}},"_links":{"self":[{"href":"http:\/\/omegaflex.com\/fr\/wp-json\/wp\/v2\/pages\/3380","targetHints":{"allow":["GET"]}}],"collection":[{"href":"http:\/\/omegaflex.com\/fr\/wp-json\/wp\/v2\/pages"}],"about":[{"href":"http:\/\/omegaflex.com\/fr\/wp-json\/wp\/v2\/types\/page"}],"author":[{"embeddable":true,"href":"http:\/\/omegaflex.com\/fr\/wp-json\/wp\/v2\/users\/5"}],"replies":[{"embeddable":true,"href":"http:\/\/omegaflex.com\/fr\/wp-json\/wp\/v2\/comments?post=3380"}],"version-history":[{"count":0,"href":"http:\/\/omegaflex.com\/fr\/wp-json\/wp\/v2\/pages\/3380\/revisions"}],"up":[{"embeddable":true,"href":"http:\/\/omegaflex.com\/fr\/wp-json\/wp\/v2\/pages\/3046"}],"wp:attachment":[{"href":"http:\/\/omegaflex.com\/fr\/wp-json\/wp\/v2\/media?parent=3380"}],"curies":[{"name":"wp","href":"https:\/\/api.w.org\/{rel}","templated":true}]}}