{"id":3385,"date":"2018-02-12T22:28:53","date_gmt":"2018-02-13T03:28:53","guid":{"rendered":"http:\/\/omegaflex.com\/?page_id=3385"},"modified":"2018-07-25T17:16:37","modified_gmt":"2018-07-25T21:16:37","slug":"stainless-helical-hose","status":"publish","type":"page","link":"http:\/\/omegaflex.com\/fr\/product-specifications\/stainless-helical-hose\/","title":{"rendered":"Tuyau h\u00e9lico\u00efdal en acier inoxydable"},"content":{"rendered":"<h2>S\u00e9rie 100<\/h2>\n<h4>Qualifi\u00e9 ISO 10380<\/h4>\n<ul>\n<li>Disponible en acier inoxydable 304, 321, 316L et autres mat\u00e9riaux sur demande<\/li>\n<li>La capacit\u00e9 de pression comprend le vide complet jusqu'aux pressions indiqu\u00e9es ci-dessous<\/li>\n<li>Temp\u00e9rature nominale de cryog\u00e9nique \u00e0 1500\u00b0F<\/li>\n<li>Les mod\u00e8les d'ondulation des tuyaux comprennent le pas standard, le pas ouvert et le Superflex.<br \/>\nContactez OmegaFlex pour obtenir les sp\u00e9cifications des produits Open Pitch et Superflex.<\/li>\n<li>Un auto-drainage unique trouv\u00e9 uniquement dans les ondulations h\u00e9lico\u00efdales<\/li>\n<\/ul>\n<p>&nbsp;<\/p>\n<h2>S\u00e9rie 100 - Tuyau h\u00e9lico\u00efdal en acier inoxydable \u00e0 pas standard<\/h2>\n\n<table id=\"tablepress-9\" class=\"tablepress tablepress-id-9 table-series tbody-has-connected-cells\">\n<tbody>\n<tr class=\"row-1\">\n\t<td rowspan=\"2\" class=\"column-1\">Nominal<br \/>\nTuyau<br \/>\nTaille (po)<\/td><td rowspan=\"2\" class=\"column-2\">Diam\u00e8tre<br \/>\nTaille du tuyau<br \/>\n(DN)<\/td><td rowspan=\"2\" class=\"column-3\">Tresse<br \/>\nCouches\/<br \/>\nType<\/td><td rowspan=\"2\" class=\"column-4\">Nominal<br \/>\nA l'ext\u00e9rieur<br \/>\nDiam\u00e8tre<\/td><td rowspan=\"2\" class=\"column-5\">Nominal<br \/>\n A l'int\u00e9rieur<br \/>\nDiam\u00e8tre<\/td><td colspan=\"2\" class=\"column-6\">Ligne m\u00e9diane minimale<br \/>\nRayon de courbure (po)<\/td><td colspan=\"3\" class=\"column-8\">Pressions nominales \u00e0 70\u00b0F (PSIG)<sup>a<\/sup><\/td><td rowspan=\"2\" class=\"column-11\">Poids<br \/>\npar pied<br \/>\n(lb.)<\/td><td rowspan=\"2\" class=\"column-12\">Typique<br \/>\nLongueur du moulin<br \/>\n (ft.)<sup>b<\/sup><\/td>\n<\/tr>\n<tr class=\"row-2\">\n\t<td class=\"column-6\">Statique<\/td><td class=\"column-7\">Dynamique<\/td><td class=\"column-8\">Max.<br \/>\nTravailler<\/td><td class=\"column-9\">Max.<br \/>\nTest<\/td><td class=\"column-10\">\u00c9clatement nominal<\/td>\n<\/tr>\n<tr class=\"row-3\">\n\t<td rowspan=\"3\" class=\"column-1\">\u00bcc<\/td><td rowspan=\"3\" class=\"column-2\">8<\/td><td class=\"column-3\">0<\/td><td class=\"column-4\">0.44<\/td><td rowspan=\"3\" class=\"column-5\">0.30<\/td><td rowspan=\"3\" class=\"column-6\">4<\/td><td rowspan=\"3\" class=\"column-7\">6<\/td><td class=\"column-8\">140<\/td><td class=\"column-9\">210<\/td><td class=\"column-10\">---<\/td><td class=\"column-11\">0.08<\/td><td rowspan=\"3\" class=\"column-12\">30-100<\/td>\n<\/tr>\n<tr class=\"row-4\">\n\t<td class=\"column-3\">1<\/td><td class=\"column-4\"> 0.49<\/td><td class=\"column-8\">2625<\/td><td class=\"column-9\">3938<\/td><td class=\"column-10\">10500<\/td><td class=\"column-11\">0.17<\/td>\n<\/tr>\n<tr class=\"row-5\">\n\t<td class=\"column-3\">2<\/td><td class=\"column-4\">0.54<\/td><td class=\"column-8\">3625<\/td><td class=\"column-9\">5438<\/td><td class=\"column-10\">14500<\/td><td class=\"column-11\">0.26<\/td>\n<\/tr>\n<tr class=\"row-6\">\n\t<td rowspan=\"3\" class=\"column-1\">3\u20448<\/td><td rowspan=\"3\" class=\"column-2\">10<\/td><td class=\"column-3\">0<\/td><td class=\"column-4\">0.60<\/td><td rowspan=\"3\" class=\"column-5\">0.39<\/td><td rowspan=\"3\" class=\"column-6\">2<\/td><td rowspan=\"3\" class=\"column-7\">4<\/td><td class=\"column-8\">100<\/td><td class=\"column-9\">150<\/td><td class=\"column-10\">---<\/td><td class=\"column-11\">0.12<\/td><td rowspan=\"3\" class=\"column-12\">30-100<\/td>\n<\/tr>\n<tr class=\"row-7\">\n\t<td class=\"column-3\">1<\/td><td class=\"column-4\">0.66<\/td><td class=\"column-8\">1650<\/td><td class=\"column-9\">2475<\/td><td class=\"column-10\">6600<\/td><td class=\"column-11\">0.23<\/td>\n<\/tr>\n<tr class=\"row-8\">\n\t<td class=\"column-3\">2<\/td><td class=\"column-4\"> 0.72<\/td><td class=\"column-8\">2200<\/td><td class=\"column-9\">3300<\/td><td class=\"column-10\">8800<\/td><td class=\"column-11\">0.35<\/td>\n<\/tr>\n<tr class=\"row-9\">\n\t<td rowspan=\"3\" class=\"column-1\">1\u20442<\/td><td rowspan=\"3\" class=\"column-2\">15<\/td><td class=\"column-3\">0<\/td><td class=\"column-4\">0.60<\/td><td rowspan=\"3\" class=\"column-5\">0.51<\/td><td rowspan=\"3\" class=\"column-6\">3<\/td><td rowspan=\"3\" class=\"column-7\">5<\/td><td class=\"column-8\">75<\/td><td class=\"column-9\">113<\/td><td class=\"column-10\">---<\/td><td class=\"column-11\">0.12<\/td><td rowspan=\"3\" class=\"column-12\">30-100<\/td>\n<\/tr>\n<tr class=\"row-10\">\n\t<td class=\"column-3\">1<\/td><td class=\"column-4\">0.66<\/td><td class=\"column-8\">1150<\/td><td class=\"column-9\">1725<\/td><td class=\"column-10\">4600<\/td><td class=\"column-11\">0.26<\/td>\n<\/tr>\n<tr class=\"row-11\">\n\t<td class=\"column-3\">2<\/td><td class=\"column-4\"> 0.72<\/td><td class=\"column-8\">1750<\/td><td class=\"column-9\">2625<\/td><td class=\"column-10\">7000<\/td><td class=\"column-11\">0.37<\/td>\n<\/tr>\n<tr class=\"row-12\">\n\t<td rowspan=\"3\" class=\"column-1\">3\u20444<\/td><td rowspan=\"3\" class=\"column-2\">20<\/td><td class=\"column-3\">0<\/td><td class=\"column-4\">1.00<\/td><td rowspan=\"3\" class=\"column-5\">0.76<\/td><td rowspan=\"3\" class=\"column-6\">4<\/td><td rowspan=\"3\" class=\"column-7\">6<\/td><td class=\"column-8\">50<\/td><td class=\"column-9\">75<\/td><td class=\"column-10\">---<\/td><td class=\"column-11\">0.24<\/td><td rowspan=\"3\" class=\"column-12\">30-100<\/td>\n<\/tr>\n<tr class=\"row-13\">\n\t<td class=\"column-3\">1<\/td><td class=\"column-4\">1.05<\/td><td class=\"column-8\">800<\/td><td class=\"column-9\">1200<\/td><td class=\"column-10\">3600<\/td><td class=\"column-11\">0.41<\/td>\n<\/tr>\n<tr class=\"row-14\">\n\t<td class=\"column-3\">2<\/td><td class=\"column-4\">1.11<\/td><td class=\"column-8\">1250<\/td><td class=\"column-9\">1875<\/td><td class=\"column-10\">4800<\/td><td class=\"column-11\">0.60<\/td>\n<\/tr>\n<tr class=\"row-15\">\n\t<td rowspan=\"3\" class=\"column-1\">1<\/td><td rowspan=\"3\" class=\"column-2\">25<\/td><td class=\"column-3\">0<\/td><td class=\"column-4\">1.28<\/td><td rowspan=\"3\" class=\"column-5\">1.00<\/td><td rowspan=\"3\" class=\"column-6\">4.5<\/td><td rowspan=\"3\" class=\"column-7\">7<\/td><td class=\"column-8\">50<\/td><td class=\"column-9\">75<\/td><td class=\"column-10\">---<\/td><td class=\"column-11\">0.34<\/td><td rowspan=\"3\" class=\"column-12\">30-100<\/td>\n<\/tr>\n<tr class=\"row-16\">\n\t<td class=\"column-3\">1<\/td><td class=\"column-4\">1.36<\/td><td class=\"column-8\">750<\/td><td class=\"column-9\">1125<\/td><td class=\"column-10\">3000<\/td><td class=\"column-11\">0.60<\/td>\n<\/tr>\n<tr class=\"row-17\">\n\t<td class=\"column-3\">2<\/td><td class=\"column-4\">1.44<\/td><td class=\"column-8\">1050<\/td><td class=\"column-9\">1575<\/td><td class=\"column-10\">4200<\/td><td class=\"column-11\">0.89<\/td>\n<\/tr>\n<\/tbody>\n<\/table>\n<!-- #tablepress-9 from cache -->\n<ol class=\"lower-alpha\">\n<li>Le tuyau OmegaFlex et la tresse correspondante doivent \u00eatre utilis\u00e9s en combinaison pour atteindre les pressions nominales.<\/li>\n<li>Consulter l'usine pour des longueurs plus importantes.<\/li>\n<li>\u00bc\" r\u00e9pond aux exigences de dur\u00e9e de vie ISO 10380 au rayon de courbure sp\u00e9cifi\u00e9 par OmegaFlex<\/li>\n<\/ol>\n<p>&nbsp;<\/p>\n<h2>Tuyau sur bobine<\/h2>\n<ul>\n<li>Tresse en forme de \"maillon de saucisse\".<\/li>\n<li>Longueur des tuyaux de 30 \u00e0 100 pieds<\/li>\n<li>Manipulation, stockage et contr\u00f4le des stocks ais\u00e9s<\/li>\n<li>\u00c9galement disponible en version double tresse<\/li>\n<\/ul>\n<p>&nbsp;<\/p>\n<h2>S\u00e9rie 100 Tuyau tress\u00e9 h\u00e9lico\u00efdal sur touret, tresse simple<sup>a<\/sup><\/h2>\n\n<table id=\"tablepress-10\" class=\"tablepress tablepress-id-10 tp-collapse\">\n<thead>\n<tr class=\"row-1\">\n\t<th class=\"column-1\">Tuyau nominal<br \/>\nTaille (po)<\/th><th class=\"column-2\">Diam\u00e8tre<br \/>\nTaille du tuyau (DN)<\/th><th class=\"column-3\">Quantit\u00e9 de bobines<br \/>\n(ft.)<\/th><th class=\"column-4\">Bride de l'enrouleur<br \/>\n(in.)<\/th><th class=\"column-5\">Largeur de la bobine<br \/>\n(in.)<\/th><th class=\"column-6\">Poids par<br \/>\nEnrouleur (lb)<\/th>\n<\/tr>\n<\/thead>\n<tbody class=\"row-striping row-hover\">\n<tr class=\"row-2\">\n\t<td class=\"column-1\">\u00bc<\/td><td class=\"column-2\">8<\/td><td class=\"column-3\">400<\/td><td class=\"column-4\">24<\/td><td class=\"column-5\">13<\/td><td class=\"column-6\">93<\/td>\n<\/tr>\n<tr class=\"row-3\">\n\t<td class=\"column-1\">3\u20448<\/td><td class=\"column-2\">10<\/td><td class=\"column-3\">400<\/td><td class=\"column-4\">24<\/td><td class=\"column-5\">13<\/td><td class=\"column-6\">117<\/td>\n<\/tr>\n<tr class=\"row-4\">\n\t<td class=\"column-1\">\u00bd<\/td><td class=\"column-2\">15<\/td><td class=\"column-3\">400<\/td><td class=\"column-4\">24<\/td><td class=\"column-5\">13<\/td><td class=\"column-6\">129<\/td>\n<\/tr>\n<tr class=\"row-5\">\n\t<td class=\"column-1\">\u00be<\/td><td class=\"column-2\">20<\/td><td class=\"column-3\">300<\/td><td class=\"column-4\">28<\/td><td class=\"column-5\">15<\/td><td class=\"column-6\">148<\/td>\n<\/tr>\n<tr class=\"row-6\">\n\t<td class=\"column-1\">1<\/td><td class=\"column-2\">25<\/td><td class=\"column-3\">200<\/td><td class=\"column-4\">28<\/td><td class=\"column-5\">15<\/td><td class=\"column-6\">145<\/td>\n<\/tr>\n<\/tbody>\n<\/table>\n<!-- #tablepress-10 from cache -->\n<p>a. Utiliser le tableau ci-dessus pour les sp\u00e9cifications des tuyaux \u00e0 simple tresse.<\/p>\n<h2>Sp\u00e9cification des num\u00e9ros de pi\u00e8ces pour les produits de la s\u00e9rie 100<\/h2>\n<p><img loading=\"lazy\" decoding=\"async\" class=\"alignnone size-full wp-image-3389\" src=\"http:\/\/omegaflex.com\/wp-content\/uploads\/part-num-series-100.jpg\" alt=\"\" width=\"592\" height=\"153\" srcset=\"https:\/\/omegaflex.com\/wp-content\/uploads\/part-num-series-100.jpg 592w, https:\/\/omegaflex.com\/wp-content\/uploads\/part-num-series-100-300x78.jpg 300w\" sizes=\"auto, (max-width: 592px) 100vw, 592px\" \/><\/p>\n<a href=\"http:\/\/omegaflex.com\/wp-content\/uploads\/omegaflex-stainless-hose-helical.pdf\" class=\"jumbo cool-blue tt-button\" target=\"_blank\"> T\u00e9l\u00e9charger le PDF <\/a>","protected":false},"excerpt":{"rendered":"<p>Series 100 ISO 10380 Qualified Available in 304, 321, 316L stainless steel and other materials on request Pressure capability includes full vacuum to pressures shown below Temperature rating from cryogenic to 1500\u00b0F Hose corrugation designs include Standard Pitch, Open Pitch and Superflex. Contact OmegaFlex for specifications on Open Pitch and Superflex. Unique self-draining found only [&hellip;]<\/p>\n","protected":false},"author":5,"featured_media":0,"parent":3046,"menu_order":0,"comment_status":"open","ping_status":"closed","template":"page-template-right-sidebar.php","meta":{"_acf_changed":false,"footnotes":""},"class_list":["post-3385","page","type-page","status-publish","hentry"],"acf":[],"yoast_head":"<!-- This site is optimized with the Yoast SEO plugin v27.0 - https:\/\/yoast.com\/product\/yoast-seo-wordpress\/ -->\n<title>Stainless Helical Hose - OmegaFlex Industrial<\/title>\n<meta name=\"robots\" content=\"index, follow, max-snippet:-1, max-image-preview:large, max-video-preview:-1\" \/>\n<link rel=\"canonical\" href=\"https:\/\/omegaflex.com\/fr\/product-specifications\/stainless-helical-hose\/\" \/>\n<meta property=\"og:locale\" content=\"fr_CA\" \/>\n<meta property=\"og:type\" content=\"article\" \/>\n<meta property=\"og:title\" content=\"Stainless Helical Hose - OmegaFlex Industrial\" \/>\n<meta property=\"og:description\" content=\"Series 100 ISO 10380 Qualified Available in 304, 321, 316L stainless steel and other materials on request Pressure capability includes full vacuum to pressures shown below Temperature rating from cryogenic to 1500\u00b0F Hose corrugation designs include Standard Pitch, Open Pitch and Superflex. Contact OmegaFlex for specifications on Open Pitch and Superflex. Unique self-draining found only [&hellip;]\" \/>\n<meta property=\"og:url\" content=\"https:\/\/omegaflex.com\/fr\/product-specifications\/stainless-helical-hose\/\" \/>\n<meta property=\"og:site_name\" content=\"OmegaFlex Industrial\" \/>\n<meta property=\"article:modified_time\" content=\"2018-07-25T21:16:37+00:00\" \/>\n<meta property=\"og:image\" content=\"http:\/\/omegaflex.com\/wp-content\/uploads\/part-num-series-100.jpg\" \/>\n<meta name=\"twitter:label1\" content=\"Est. reading time\" \/>\n\t<meta name=\"twitter:data1\" content=\"1 minute\" \/>\n<script type=\"application\/ld+json\" class=\"yoast-schema-graph\">{\"@context\":\"https:\/\/schema.org\",\"@graph\":[{\"@type\":\"WebPage\",\"@id\":\"https:\/\/omegaflex.com\/product-specifications\/stainless-helical-hose\/\",\"url\":\"https:\/\/omegaflex.com\/product-specifications\/stainless-helical-hose\/\",\"name\":\"Stainless Helical Hose - OmegaFlex Industrial\",\"isPartOf\":{\"@id\":\"https:\/\/omegaflex.com\/#website\"},\"primaryImageOfPage\":{\"@id\":\"https:\/\/omegaflex.com\/product-specifications\/stainless-helical-hose\/#primaryimage\"},\"image\":{\"@id\":\"https:\/\/omegaflex.com\/product-specifications\/stainless-helical-hose\/#primaryimage\"},\"thumbnailUrl\":\"http:\/\/omegaflex.com\/wp-content\/uploads\/part-num-series-100.jpg\",\"datePublished\":\"2018-02-13T03:28:53+00:00\",\"dateModified\":\"2018-07-25T21:16:37+00:00\",\"breadcrumb\":{\"@id\":\"https:\/\/omegaflex.com\/product-specifications\/stainless-helical-hose\/#breadcrumb\"},\"inLanguage\":\"fr-CA\",\"potentialAction\":[{\"@type\":\"ReadAction\",\"target\":[\"https:\/\/omegaflex.com\/product-specifications\/stainless-helical-hose\/\"]}]},{\"@type\":\"ImageObject\",\"inLanguage\":\"fr-CA\",\"@id\":\"https:\/\/omegaflex.com\/product-specifications\/stainless-helical-hose\/#primaryimage\",\"url\":\"http:\/\/omegaflex.com\/wp-content\/uploads\/part-num-series-100.jpg\",\"contentUrl\":\"http:\/\/omegaflex.com\/wp-content\/uploads\/part-num-series-100.jpg\"},{\"@type\":\"BreadcrumbList\",\"@id\":\"https:\/\/omegaflex.com\/product-specifications\/stainless-helical-hose\/#breadcrumb\",\"itemListElement\":[{\"@type\":\"ListItem\",\"position\":1,\"name\":\"Home\",\"item\":\"https:\/\/omegaflex.com\/\"},{\"@type\":\"ListItem\",\"position\":2,\"name\":\"Product Specifications\",\"item\":\"https:\/\/omegaflex.com\/product-specifications\/\"},{\"@type\":\"ListItem\",\"position\":3,\"name\":\"Stainless Helical Hose\"}]},{\"@type\":\"WebSite\",\"@id\":\"https:\/\/omegaflex.com\/#website\",\"url\":\"https:\/\/omegaflex.com\/\",\"name\":\"OmegaFlex Industrial\",\"description\":\"\",\"potentialAction\":[{\"@type\":\"SearchAction\",\"target\":{\"@type\":\"EntryPoint\",\"urlTemplate\":\"https:\/\/omegaflex.com\/?s={search_term_string}\"},\"query-input\":{\"@type\":\"PropertyValueSpecification\",\"valueRequired\":true,\"valueName\":\"search_term_string\"}}],\"inLanguage\":\"fr-CA\"}]}<\/script>\n<!-- \/ Yoast SEO plugin. -->","yoast_head_json":{"title":"Tuyau h\u00e9lico\u00efdal en acier inoxydable - OmegaFlex Industrial","robots":{"index":"index","follow":"follow","max-snippet":"max-snippet:-1","max-image-preview":"max-image-preview:large","max-video-preview":"max-video-preview:-1"},"canonical":"https:\/\/omegaflex.com\/fr\/product-specifications\/stainless-helical-hose\/","og_locale":"fr_CA","og_type":"article","og_title":"Stainless Helical Hose - OmegaFlex Industrial","og_description":"Series 100 ISO 10380 Qualified Available in 304, 321, 316L stainless steel and other materials on request Pressure capability includes full vacuum to pressures shown below Temperature rating from cryogenic to 1500\u00b0F Hose corrugation designs include Standard Pitch, Open Pitch and Superflex. Contact OmegaFlex for specifications on Open Pitch and Superflex. Unique self-draining found only [&hellip;]","og_url":"https:\/\/omegaflex.com\/fr\/product-specifications\/stainless-helical-hose\/","og_site_name":"OmegaFlex Industrial","article_modified_time":"2018-07-25T21:16:37+00:00","og_image":[{"url":"http:\/\/omegaflex.com\/wp-content\/uploads\/part-num-series-100.jpg","type":"","width":"","height":""}],"twitter_misc":{"Est. reading time":"1 minute"},"schema":{"@context":"https:\/\/schema.org","@graph":[{"@type":"WebPage","@id":"https:\/\/omegaflex.com\/product-specifications\/stainless-helical-hose\/","url":"https:\/\/omegaflex.com\/product-specifications\/stainless-helical-hose\/","name":"Tuyau h\u00e9lico\u00efdal en acier inoxydable - OmegaFlex Industrial","isPartOf":{"@id":"https:\/\/omegaflex.com\/#website"},"primaryImageOfPage":{"@id":"https:\/\/omegaflex.com\/product-specifications\/stainless-helical-hose\/#primaryimage"},"image":{"@id":"https:\/\/omegaflex.com\/product-specifications\/stainless-helical-hose\/#primaryimage"},"thumbnailUrl":"http:\/\/omegaflex.com\/wp-content\/uploads\/part-num-series-100.jpg","datePublished":"2018-02-13T03:28:53+00:00","dateModified":"2018-07-25T21:16:37+00:00","breadcrumb":{"@id":"https:\/\/omegaflex.com\/product-specifications\/stainless-helical-hose\/#breadcrumb"},"inLanguage":"fr-CA","potentialAction":[{"@type":"ReadAction","target":["https:\/\/omegaflex.com\/product-specifications\/stainless-helical-hose\/"]}]},{"@type":"ImageObject","inLanguage":"fr-CA","@id":"https:\/\/omegaflex.com\/product-specifications\/stainless-helical-hose\/#primaryimage","url":"http:\/\/omegaflex.com\/wp-content\/uploads\/part-num-series-100.jpg","contentUrl":"http:\/\/omegaflex.com\/wp-content\/uploads\/part-num-series-100.jpg"},{"@type":"BreadcrumbList","@id":"https:\/\/omegaflex.com\/product-specifications\/stainless-helical-hose\/#breadcrumb","itemListElement":[{"@type":"ListItem","position":1,"name":"Home","item":"https:\/\/omegaflex.com\/"},{"@type":"ListItem","position":2,"name":"Product Specifications","item":"https:\/\/omegaflex.com\/product-specifications\/"},{"@type":"ListItem","position":3,"name":"Stainless Helical Hose"}]},{"@type":"WebSite","@id":"https:\/\/omegaflex.com\/#website","url":"https:\/\/omegaflex.com\/","name":"OmegaFlex Industrial","description":"","potentialAction":[{"@type":"SearchAction","target":{"@type":"EntryPoint","urlTemplate":"https:\/\/omegaflex.com\/?s={search_term_string}"},"query-input":{"@type":"PropertyValueSpecification","valueRequired":true,"valueName":"search_term_string"}}],"inLanguage":"fr-CA"}]}},"_links":{"self":[{"href":"http:\/\/omegaflex.com\/fr\/wp-json\/wp\/v2\/pages\/3385","targetHints":{"allow":["GET"]}}],"collection":[{"href":"http:\/\/omegaflex.com\/fr\/wp-json\/wp\/v2\/pages"}],"about":[{"href":"http:\/\/omegaflex.com\/fr\/wp-json\/wp\/v2\/types\/page"}],"author":[{"embeddable":true,"href":"http:\/\/omegaflex.com\/fr\/wp-json\/wp\/v2\/users\/5"}],"replies":[{"embeddable":true,"href":"http:\/\/omegaflex.com\/fr\/wp-json\/wp\/v2\/comments?post=3385"}],"version-history":[{"count":0,"href":"http:\/\/omegaflex.com\/fr\/wp-json\/wp\/v2\/pages\/3385\/revisions"}],"up":[{"embeddable":true,"href":"http:\/\/omegaflex.com\/fr\/wp-json\/wp\/v2\/pages\/3046"}],"wp:attachment":[{"href":"http:\/\/omegaflex.com\/fr\/wp-json\/wp\/v2\/media?parent=3385"}],"curies":[{"name":"wp","href":"https:\/\/api.w.org\/{rel}","templated":true}]}}