{"id":3391,"date":"2018-02-12T22:58:13","date_gmt":"2018-02-13T03:58:13","guid":{"rendered":"http:\/\/omegaflex.com\/?page_id=3391"},"modified":"2018-07-26T20:36:35","modified_gmt":"2018-07-27T00:36:35","slug":"stainless-tubular-braid","status":"publish","type":"page","link":"http:\/\/omegaflex.com\/fr\/product-specifications\/stainless-tubular-braid\/","title":{"rendered":"Tresse tubulaire en acier inoxydable"},"content":{"rendered":"<h2>S\u00e9rie 100<\/h2>\n<ul>\n<li>Large gamme de constructions comprenant des mod\u00e8les \u00e0 24, 36, 48 et 72 supports<\/li>\n<li>Propre et sans huile<\/li>\n<li>De grandes longueurs de broyage pour moins de d\u00e9chets<\/li>\n<li>Con\u00e7u pour une couverture optimale du tuyau<\/li>\n<li>Excellente r\u00e9sistance chimique au chlore sec, \u00e0 l'eau sal\u00e9e et aux alcalins<\/li>\n<li>Fabriqu\u00e9 sur des mandrins de tuyau OmegaFlex pour garantir un angle de tressage correct.<\/li>\n<li>Le tressage sur mesure selon les sp\u00e9cifications du client est disponible en acier inoxydable 304, 321 et 316L, en bronze, en monel, en alliages exotiques et en mat\u00e9riaux synth\u00e9tiques.<\/li>\n<\/ul>\n<h2>Tresse tubulaire pour tuyaux de la s\u00e9rie 100 - Acier inoxydable T304, T321 et T316<\/h2>\n\n<table id=\"tablepress-11\" class=\"tablepress tablepress-id-11 tp-collapse\">\n<thead>\n<tr class=\"row-1\">\n\t<th class=\"column-1\">Nominal<br \/>\nTuyau<br \/>\nTaille (po)<\/th><th class=\"column-2\">Diam\u00e8tre<br \/>\nTaille du tuyau<br \/>\n(DN)<\/th><th class=\"column-3\">Tresse<br \/>\nLa construction<\/th><th class=\"column-4\">Tresse I.D.<br \/>\n(in.)<\/th><th class=\"column-5\">Tresse<br \/>\nCouverture<br \/>\n(%)<\/th><th class=\"column-6\">Max. Travail<br \/>\nPression<br \/>\n\u00e0 70\u00b0F (PSIG)<sup>a<\/sup><\/th><th class=\"column-7\">Poids<br \/>\nPar pied<br \/>\n(lb.)<\/th><th class=\"column-8\">Typique<br \/>\nLongueur du moulin<br \/>\n(ft.)<sup>b<\/sup><\/th>\n<\/tr>\n<\/thead>\n<tbody class=\"row-striping row-hover\">\n<tr class=\"row-2\">\n\t<td class=\"column-1\">\u00bc<\/td><td class=\"column-2\">8<\/td><td class=\"column-3\">24 x 6 x .012<\/td><td class=\"column-4\">0.44<\/td><td class=\"column-5\">90<\/td><td class=\"column-6\">2625<\/td><td class=\"column-7\">0.065<\/td><td class=\"column-8\">30-100<\/td>\n<\/tr>\n<tr class=\"row-3\">\n\t<td class=\"column-1\">3\u20448<\/td><td class=\"column-2\">10<\/td><td class=\"column-3\">24 x 8 x .012<\/td><td class=\"column-4\"> 0.60<\/td><td class=\"column-5\">94<\/td><td class=\"column-6\">1650<\/td><td class=\"column-7\">0.098<\/td><td class=\"column-8\">30-100<\/td>\n<\/tr>\n<tr class=\"row-4\">\n\t<td class=\"column-1\">\u00bd<\/td><td class=\"column-2\">15<\/td><td class=\"column-3\">24 x 8 x .012<\/td><td class=\"column-4\">0.73<\/td><td class=\"column-5\">86<\/td><td class=\"column-6\">1150<\/td><td class=\"column-7\">0.101<\/td><td class=\"column-8\">30-100<\/td>\n<\/tr>\n<tr class=\"row-5\">\n\t<td class=\"column-1\">\u00be<\/td><td class=\"column-2\">20<\/td><td class=\"column-3\">36 x 8 x .012<\/td><td class=\"column-4\">1.00<\/td><td class=\"column-5\">90<\/td><td class=\"column-6\">800<\/td><td class=\"column-7\">0.143<\/td><td class=\"column-8\">30-100<\/td>\n<\/tr>\n<tr class=\"row-6\">\n\t<td class=\"column-1\">1<\/td><td class=\"column-2\">25<\/td><td class=\"column-3\">36 x 8 x .016<\/td><td class=\"column-4\">1.28<\/td><td class=\"column-5\">88<\/td><td class=\"column-6\">750<\/td><td class=\"column-7\">0.268<\/td><td class=\"column-8\">30-100<\/td>\n<\/tr>\n<\/tbody>\n<\/table>\n<!-- #tablepress-11 from cache -->\n&nbsp;<\/p>\n<ol class=\"lower-alpha\">\n<li>La pression de service maximale indiqu\u00e9e est calcul\u00e9e pour le tuyau h\u00e9lico\u00efdal OmegaFlex et la tresse monocouche correspondante. Voir les sp\u00e9cifications des tuyaux h\u00e9lico\u00efdaux de la s\u00e9rie 100 pour plus d'informations.<\/li>\n<li>Consulter l'usine pour des longueurs plus importantes.<\/li>\n<\/ol>\n<h2>Tresse tubulaire r\u00e9sistante \u00e0 l'abrasion pour les tuyaux de la s\u00e9rie 100 - Acier inoxydable T304<\/h2>\n\n<table id=\"tablepress-12\" class=\"tablepress tablepress-id-12 tp-collapse\">\n<thead>\n<tr class=\"row-1\">\n\t<th class=\"column-1\">Nominal<br \/>\nTuyau<br \/>\nTaille (po)<\/th><th class=\"column-2\">Diam\u00e8tre<br \/>\nTaille du tuyau<br \/>\n(DN)<\/th><th class=\"column-3\">Tresse<br \/>\nType<sup>a<\/sup><\/th><th class=\"column-4\">Tresse<br \/>\nLa construction<\/th><th class=\"column-5\">Tresse I.D.<br \/>\n(in.)<\/th><th class=\"column-6\">Tresse<br \/>\nCouverture<br \/>\n(%)<\/th><th class=\"column-7\">Max. Travail<br \/>\nPression<br \/>\n\u00e0 70\u00b0F (PSIG)<sup>b<\/sup><\/th><th class=\"column-8\">Poids<br \/>\nPar pied<br \/>\n(lb.)<\/th><th class=\"column-9\">Typique<br \/>\nLongueur du moulin<br \/>\n(ft.)<sup>c<\/sup><\/th>\n<\/tr>\n<\/thead>\n<tbody class=\"row-striping row-hover\">\n<tr class=\"row-2\">\n\t<td class=\"column-1\">\u00bc<\/td><td class=\"column-2\">8<\/td><td class=\"column-3\">H<\/td><td class=\"column-4\">24 x 7 x .012<\/td><td class=\"column-5\">0.44<\/td><td class=\"column-6\">96<\/td><td class=\"column-7\">2625<\/td><td class=\"column-8\">0.130<\/td><td class=\"column-9\">30-100<\/td>\n<\/tr>\n<tr class=\"row-3\">\n\t<td class=\"column-1\">3\u2044<\/td><td class=\"column-2\">10<\/td><td class=\"column-3\">H<\/td><td class=\"column-4\">24 x 8 x .016<\/td><td class=\"column-5\">0.60<\/td><td class=\"column-6\">94<\/td><td class=\"column-7\">1650<\/td><td class=\"column-8\">0.168<\/td><td class=\"column-9\">30-100<\/td>\n<\/tr>\n<tr class=\"row-4\">\n\t<td class=\"column-1\">\u00bd<\/td><td class=\"column-2\">15<\/td><td class=\"column-3\">H<\/td><td class=\"column-4\">24 x 8 x .016<\/td><td class=\"column-5\">0.73<\/td><td class=\"column-6\">95<\/td><td class=\"column-7\">1150<\/td><td class=\"column-8\">0.200<\/td><td class=\"column-9\">30-100<\/td>\n<\/tr>\n<tr class=\"row-5\">\n\t<td class=\"column-1\">\u00be<\/td><td class=\"column-2\">20<\/td><td class=\"column-3\">H<\/td><td class=\"column-4\">36 x 7 x .020<\/td><td class=\"column-5\">1.00<\/td><td class=\"column-6\">94<\/td><td class=\"column-7\">800<\/td><td class=\"column-8\">0.310<\/td><td class=\"column-9\">30-100<\/td>\n<\/tr>\n<tr class=\"row-6\">\n\t<td class=\"column-1\">1<\/td><td class=\"column-2\">25<\/td><td class=\"column-3\">H<\/td><td class=\"column-4\">36 x 6 x .024<\/td><td class=\"column-5\">1.28<\/td><td class=\"column-6\"> 95<\/td><td class=\"column-7\">750<\/td><td class=\"column-8\">0.450<\/td><td class=\"column-9\">30-100<\/td>\n<\/tr>\n<\/tbody>\n<\/table>\n<!-- #tablepress-12 from cache -->\n&nbsp;<\/p>\n<ol class=\"lower-alpha\">\n<li>La tresse r\u00e9sistante \u00e0 l'abrasion dans les environnements abrasifs prolonge la dur\u00e9e de vie du tuyau. La tresse r\u00e9sistante \u00e0 l'abrasion n'est pas destin\u00e9e \u00e0 \u00eatre utilis\u00e9e dans des applications \u00e0 haute pression - voir les sp\u00e9cifications des tuyaux \u00e0 haute pression de la s\u00e9rie 800.<\/li>\n<li>La pression de service maximale indiqu\u00e9e est calcul\u00e9e pour le tuyau h\u00e9lico\u00efdal OmegaFlex et la tresse monocouche correspondante. Voir les sp\u00e9cifications des tuyaux h\u00e9lico\u00efdaux de la s\u00e9rie 100 pour plus d'informations.<\/li>\n<li>Consulter l'usine pour des longueurs plus importantes.<\/li>\n<\/ol>\n<p>&nbsp;<\/p>\n<h2>Sp\u00e9cification des num\u00e9ros de pi\u00e8ces pour les produits de tresse h\u00e9lico\u00efdale<\/h2>\n<p><img loading=\"lazy\" decoding=\"async\" class=\"alignnone size-full wp-image-3395\" src=\"http:\/\/omegaflex.com\/wp-content\/uploads\/part-num-helical-braid.jpg\" alt=\"\" width=\"621\" height=\"156\" srcset=\"https:\/\/omegaflex.com\/wp-content\/uploads\/part-num-helical-braid.jpg 621w, https:\/\/omegaflex.com\/wp-content\/uploads\/part-num-helical-braid-300x75.jpg 300w\" sizes=\"auto, (max-width: 621px) 100vw, 621px\" \/><\/p>\n<a href=\"http:\/\/omegaflex.com\/wp-content\/uploads\/omegaflex-stainless-braid-tubular.pdf\" class=\"jumbo cool-blue tt-button\" target=\"_blank\"> T\u00e9l\u00e9charger le PDF <\/a>","protected":false},"excerpt":{"rendered":"<p>Series 100 Wide range of constructions including 24, 36, 48 and 72 carrier designs Clean and oil-free Long mill lengths for less waste Engineered for optimal hose coverage Excellent Chemical resistance to dry chlorine, salt water, and alkalines Manufactured on OmegaFlex hose mandrels to ensure proper braid angle Custom braiding to customer specifications is available [&hellip;]<\/p>\n","protected":false},"author":5,"featured_media":0,"parent":3046,"menu_order":0,"comment_status":"open","ping_status":"closed","template":"page-template-right-sidebar.php","meta":{"_acf_changed":false,"footnotes":""},"class_list":["post-3391","page","type-page","status-publish","hentry"],"acf":[],"yoast_head":"<!-- This site is optimized with the Yoast SEO plugin v27.0 - https:\/\/yoast.com\/product\/yoast-seo-wordpress\/ -->\n<title>Stainless Tubular Braid - OmegaFlex Industrial<\/title>\n<meta name=\"robots\" content=\"index, follow, max-snippet:-1, max-image-preview:large, max-video-preview:-1\" \/>\n<link rel=\"canonical\" href=\"https:\/\/omegaflex.com\/fr\/product-specifications\/stainless-tubular-braid\/\" \/>\n<meta property=\"og:locale\" content=\"fr_CA\" \/>\n<meta property=\"og:type\" content=\"article\" \/>\n<meta property=\"og:title\" content=\"Stainless Tubular Braid - OmegaFlex Industrial\" \/>\n<meta property=\"og:description\" content=\"Series 100 Wide range of constructions including 24, 36, 48 and 72 carrier designs Clean and oil-free Long mill lengths for less waste Engineered for optimal hose coverage Excellent Chemical resistance to dry chlorine, salt water, and alkalines Manufactured on OmegaFlex hose mandrels to ensure proper braid angle Custom braiding to customer specifications is available [&hellip;]\" \/>\n<meta property=\"og:url\" content=\"https:\/\/omegaflex.com\/fr\/product-specifications\/stainless-tubular-braid\/\" \/>\n<meta property=\"og:site_name\" content=\"OmegaFlex Industrial\" \/>\n<meta property=\"article:modified_time\" content=\"2018-07-27T00:36:35+00:00\" \/>\n<meta property=\"og:image\" content=\"http:\/\/omegaflex.com\/wp-content\/uploads\/part-num-helical-braid.jpg\" \/>\n<meta name=\"twitter:label1\" content=\"Est. reading time\" \/>\n\t<meta name=\"twitter:data1\" content=\"1 minute\" \/>\n<script type=\"application\/ld+json\" class=\"yoast-schema-graph\">{\"@context\":\"https:\/\/schema.org\",\"@graph\":[{\"@type\":\"WebPage\",\"@id\":\"https:\/\/omegaflex.com\/product-specifications\/stainless-tubular-braid\/\",\"url\":\"https:\/\/omegaflex.com\/product-specifications\/stainless-tubular-braid\/\",\"name\":\"Stainless Tubular Braid - OmegaFlex Industrial\",\"isPartOf\":{\"@id\":\"https:\/\/omegaflex.com\/#website\"},\"primaryImageOfPage\":{\"@id\":\"https:\/\/omegaflex.com\/product-specifications\/stainless-tubular-braid\/#primaryimage\"},\"image\":{\"@id\":\"https:\/\/omegaflex.com\/product-specifications\/stainless-tubular-braid\/#primaryimage\"},\"thumbnailUrl\":\"http:\/\/omegaflex.com\/wp-content\/uploads\/part-num-helical-braid.jpg\",\"datePublished\":\"2018-02-13T03:58:13+00:00\",\"dateModified\":\"2018-07-27T00:36:35+00:00\",\"breadcrumb\":{\"@id\":\"https:\/\/omegaflex.com\/product-specifications\/stainless-tubular-braid\/#breadcrumb\"},\"inLanguage\":\"fr-CA\",\"potentialAction\":[{\"@type\":\"ReadAction\",\"target\":[\"https:\/\/omegaflex.com\/product-specifications\/stainless-tubular-braid\/\"]}]},{\"@type\":\"ImageObject\",\"inLanguage\":\"fr-CA\",\"@id\":\"https:\/\/omegaflex.com\/product-specifications\/stainless-tubular-braid\/#primaryimage\",\"url\":\"http:\/\/omegaflex.com\/wp-content\/uploads\/part-num-helical-braid.jpg\",\"contentUrl\":\"http:\/\/omegaflex.com\/wp-content\/uploads\/part-num-helical-braid.jpg\"},{\"@type\":\"BreadcrumbList\",\"@id\":\"https:\/\/omegaflex.com\/product-specifications\/stainless-tubular-braid\/#breadcrumb\",\"itemListElement\":[{\"@type\":\"ListItem\",\"position\":1,\"name\":\"Home\",\"item\":\"https:\/\/omegaflex.com\/\"},{\"@type\":\"ListItem\",\"position\":2,\"name\":\"Product Specifications\",\"item\":\"https:\/\/omegaflex.com\/product-specifications\/\"},{\"@type\":\"ListItem\",\"position\":3,\"name\":\"Stainless Tubular Braid\"}]},{\"@type\":\"WebSite\",\"@id\":\"https:\/\/omegaflex.com\/#website\",\"url\":\"https:\/\/omegaflex.com\/\",\"name\":\"OmegaFlex Industrial\",\"description\":\"\",\"potentialAction\":[{\"@type\":\"SearchAction\",\"target\":{\"@type\":\"EntryPoint\",\"urlTemplate\":\"https:\/\/omegaflex.com\/?s={search_term_string}\"},\"query-input\":{\"@type\":\"PropertyValueSpecification\",\"valueRequired\":true,\"valueName\":\"search_term_string\"}}],\"inLanguage\":\"fr-CA\"}]}<\/script>\n<!-- \/ Yoast SEO plugin. -->","yoast_head_json":{"title":"Tresse tubulaire en acier inoxydable - OmegaFlex Industrial","robots":{"index":"index","follow":"follow","max-snippet":"max-snippet:-1","max-image-preview":"max-image-preview:large","max-video-preview":"max-video-preview:-1"},"canonical":"https:\/\/omegaflex.com\/fr\/product-specifications\/stainless-tubular-braid\/","og_locale":"fr_CA","og_type":"article","og_title":"Stainless Tubular Braid - OmegaFlex Industrial","og_description":"Series 100 Wide range of constructions including 24, 36, 48 and 72 carrier designs Clean and oil-free Long mill lengths for less waste Engineered for optimal hose coverage Excellent Chemical resistance to dry chlorine, salt water, and alkalines Manufactured on OmegaFlex hose mandrels to ensure proper braid angle Custom braiding to customer specifications is available [&hellip;]","og_url":"https:\/\/omegaflex.com\/fr\/product-specifications\/stainless-tubular-braid\/","og_site_name":"OmegaFlex Industrial","article_modified_time":"2018-07-27T00:36:35+00:00","og_image":[{"url":"http:\/\/omegaflex.com\/wp-content\/uploads\/part-num-helical-braid.jpg","type":"","width":"","height":""}],"twitter_misc":{"Est. reading time":"1 minute"},"schema":{"@context":"https:\/\/schema.org","@graph":[{"@type":"WebPage","@id":"https:\/\/omegaflex.com\/product-specifications\/stainless-tubular-braid\/","url":"https:\/\/omegaflex.com\/product-specifications\/stainless-tubular-braid\/","name":"Tresse tubulaire en acier inoxydable - OmegaFlex Industrial","isPartOf":{"@id":"https:\/\/omegaflex.com\/#website"},"primaryImageOfPage":{"@id":"https:\/\/omegaflex.com\/product-specifications\/stainless-tubular-braid\/#primaryimage"},"image":{"@id":"https:\/\/omegaflex.com\/product-specifications\/stainless-tubular-braid\/#primaryimage"},"thumbnailUrl":"http:\/\/omegaflex.com\/wp-content\/uploads\/part-num-helical-braid.jpg","datePublished":"2018-02-13T03:58:13+00:00","dateModified":"2018-07-27T00:36:35+00:00","breadcrumb":{"@id":"https:\/\/omegaflex.com\/product-specifications\/stainless-tubular-braid\/#breadcrumb"},"inLanguage":"fr-CA","potentialAction":[{"@type":"ReadAction","target":["https:\/\/omegaflex.com\/product-specifications\/stainless-tubular-braid\/"]}]},{"@type":"ImageObject","inLanguage":"fr-CA","@id":"https:\/\/omegaflex.com\/product-specifications\/stainless-tubular-braid\/#primaryimage","url":"http:\/\/omegaflex.com\/wp-content\/uploads\/part-num-helical-braid.jpg","contentUrl":"http:\/\/omegaflex.com\/wp-content\/uploads\/part-num-helical-braid.jpg"},{"@type":"BreadcrumbList","@id":"https:\/\/omegaflex.com\/product-specifications\/stainless-tubular-braid\/#breadcrumb","itemListElement":[{"@type":"ListItem","position":1,"name":"Home","item":"https:\/\/omegaflex.com\/"},{"@type":"ListItem","position":2,"name":"Product Specifications","item":"https:\/\/omegaflex.com\/product-specifications\/"},{"@type":"ListItem","position":3,"name":"Stainless Tubular Braid"}]},{"@type":"WebSite","@id":"https:\/\/omegaflex.com\/#website","url":"https:\/\/omegaflex.com\/","name":"OmegaFlex Industrial","description":"","potentialAction":[{"@type":"SearchAction","target":{"@type":"EntryPoint","urlTemplate":"https:\/\/omegaflex.com\/?s={search_term_string}"},"query-input":{"@type":"PropertyValueSpecification","valueRequired":true,"valueName":"search_term_string"}}],"inLanguage":"fr-CA"}]}},"_links":{"self":[{"href":"http:\/\/omegaflex.com\/fr\/wp-json\/wp\/v2\/pages\/3391","targetHints":{"allow":["GET"]}}],"collection":[{"href":"http:\/\/omegaflex.com\/fr\/wp-json\/wp\/v2\/pages"}],"about":[{"href":"http:\/\/omegaflex.com\/fr\/wp-json\/wp\/v2\/types\/page"}],"author":[{"embeddable":true,"href":"http:\/\/omegaflex.com\/fr\/wp-json\/wp\/v2\/users\/5"}],"replies":[{"embeddable":true,"href":"http:\/\/omegaflex.com\/fr\/wp-json\/wp\/v2\/comments?post=3391"}],"version-history":[{"count":0,"href":"http:\/\/omegaflex.com\/fr\/wp-json\/wp\/v2\/pages\/3391\/revisions"}],"up":[{"embeddable":true,"href":"http:\/\/omegaflex.com\/fr\/wp-json\/wp\/v2\/pages\/3046"}],"wp:attachment":[{"href":"http:\/\/omegaflex.com\/fr\/wp-json\/wp\/v2\/media?parent=3391"}],"curies":[{"name":"wp","href":"https:\/\/api.w.org\/{rel}","templated":true}]}}