{"id":3416,"date":"2018-02-13T00:53:42","date_gmt":"2018-02-13T05:53:42","guid":{"rendered":"http:\/\/omegaflex.com\/?page_id=3416"},"modified":"2019-04-18T04:14:01","modified_gmt":"2019-04-18T08:14:01","slug":"inconel-annular-hose","status":"publish","type":"page","link":"http:\/\/omegaflex.com\/fr\/product-specifications\/inconel-annular-hose\/","title":{"rendered":"Tuyau annulaire en Inconel"},"content":{"rendered":"<h2>S\u00e9rie 600<\/h2>\n<ul>\n<li>Le mat\u00e9riau de base est le nickel-chrome-molybd\u00e8ne-columbium N06625.<\/li>\n<li>Le mat\u00e9riau de la tresse est le nickel-chrome-fer N06025.<\/li>\n<li>La capacit\u00e9 de pression comprend le vide complet jusqu'aux pressions indiqu\u00e9es ci-dessous.<\/li>\n<li>Temp\u00e9ratures jusqu'\u00e0 1 500\u00b0F<\/li>\n<li>Excellente r\u00e9sistance \u00e0 la corrosion \u00e0 haute temp\u00e9rature<\/li>\n<\/ul>\n<p>&nbsp;<\/p>\n<h2>S\u00e9rie 600 - Tuyau annulaire, en Inconel, \u00e0 pas standard<\/h2>\n\n<table id=\"tablepress-17\" class=\"tablepress tablepress-id-17 table-series tbody-has-connected-cells\">\n<tbody>\n<tr class=\"row-1\">\n\t<td rowspan=\"2\" class=\"column-1\">Nominal<br \/>\nTuyau<br \/>\nTaille (po)<\/td><td rowspan=\"2\" class=\"column-2\">Diam\u00e8tre<br \/>\nTuyau<br \/>\nTaille (DN)<\/td><td rowspan=\"2\" class=\"column-3\">Tresse<br \/>\nCouches\/<br \/>\nType<\/td><td rowspan=\"2\" class=\"column-4\">Nominal<br \/>\nA l'ext\u00e9rieur<br \/>\nDiam\u00e8tre<\/td><td rowspan=\"2\" class=\"column-5\">Nominal<br \/>\nA l'int\u00e9rieur<br \/>\nDiam\u00e8tre<\/td><td colspan=\"2\" class=\"column-6\">Rayon de courbure minimal de l'axe central<br \/>\n(en pouces)<\/td><td colspan=\"3\" class=\"column-8\">Pressions nominales \u00e0 70\u00b0F (PSIG)a W<\/td><td rowspan=\"2\" class=\"column-11\">Poids<br \/>\npar pied<br \/>\n(lb.)<\/td><td rowspan=\"2\" class=\"column-12\">Typique<br \/>\nLongueur du moulin<br \/>\n (ft.)<\/td>\n<\/tr>\n<tr class=\"row-2\">\n\t<td class=\"column-6\">Statique<\/td><td class=\"column-7\">Dynamique<\/td><td class=\"column-8\">Max.<br \/>\nTravailler<\/td><td class=\"column-9\">Max.<br \/>\nTest<\/td><td class=\"column-10\">\u00c9clatement nominal<\/td>\n<\/tr>\n<tr class=\"row-3\">\n\t<td rowspan=\"3\" class=\"column-1\">\u00bc<\/td><td rowspan=\"3\" class=\"column-2\">8<\/td><td class=\"column-3\">0<\/td><td class=\"column-4\">.46<\/td><td rowspan=\"3\" class=\"column-5\">.32<\/td><td rowspan=\"3\" class=\"column-6\">4<\/td><td rowspan=\"3\" class=\"column-7\">6<\/td><td class=\"column-8\">140<\/td><td class=\"column-9\">210<\/td><td class=\"column-10\">---<\/td><td class=\"column-11\">0.09<\/td><td rowspan=\"3\" class=\"column-12\">30-100<\/td>\n<\/tr>\n<tr class=\"row-4\">\n\t<td class=\"column-3\">1<\/td><td class=\"column-4\">.51<\/td><td class=\"column-8\">2375<\/td><td class=\"column-9\">3563<\/td><td class=\"column-10\">9500<\/td><td class=\"column-11\">0.19<\/td>\n<\/tr>\n<tr class=\"row-5\">\n\t<td class=\"column-3\">2<\/td><td class=\"column-4\">.56<\/td><td class=\"column-8\">3125<\/td><td class=\"column-9\">4688<\/td><td class=\"column-10\">12500<\/td><td class=\"column-11\">0.28<\/td>\n<\/tr>\n<tr class=\"row-6\">\n\t<td rowspan=\"3\" class=\"column-1\">3\u20448<\/td><td rowspan=\"3\" class=\"column-2\">10<\/td><td class=\"column-3\">0<\/td><td class=\"column-4\">0.61<\/td><td rowspan=\"3\" class=\"column-5\">.42<\/td><td rowspan=\"3\" class=\"column-6\">2<\/td><td rowspan=\"3\" class=\"column-7\">4<\/td><td class=\"column-8\">100<\/td><td class=\"column-9\">150<\/td><td class=\"column-10\">---<\/td><td class=\"column-11\">0.13<\/td><td rowspan=\"3\" class=\"column-12\">30-100<\/td>\n<\/tr>\n<tr class=\"row-7\">\n\t<td class=\"column-3\">1<\/td><td class=\"column-4\">0.67<\/td><td class=\"column-8\">1650<\/td><td class=\"column-9\">2475<\/td><td class=\"column-10\">6600<\/td><td class=\"column-11\">0.24<\/td>\n<\/tr>\n<tr class=\"row-8\">\n\t<td class=\"column-3\">2<\/td><td class=\"column-4\">0.73<\/td><td class=\"column-8\">2200<\/td><td class=\"column-9\">3300<\/td><td class=\"column-10\">8800<\/td><td class=\"column-11\">0.36<\/td>\n<\/tr>\n<tr class=\"row-9\">\n\t<td rowspan=\"3\" class=\"column-1\">1\u20442<\/td><td rowspan=\"3\" class=\"column-2\">15<\/td><td class=\"column-3\">0<\/td><td class=\"column-4\">0.76<\/td><td rowspan=\"3\" class=\"column-5\">.55<\/td><td rowspan=\"3\" class=\"column-6\">3<\/td><td rowspan=\"3\" class=\"column-7\">5<\/td><td class=\"column-8\">75<\/td><td class=\"column-9\">113<\/td><td class=\"column-10\">---<\/td><td class=\"column-11\">0.17<\/td><td rowspan=\"3\" class=\"column-12\">30-100<\/td>\n<\/tr>\n<tr class=\"row-10\">\n\t<td class=\"column-3\">1<\/td><td class=\"column-4\">0.81<\/td><td class=\"column-8\">1100<\/td><td class=\"column-9\">1650<\/td><td class=\"column-10\">4400<\/td><td class=\"column-11\">0.29<\/td>\n<\/tr>\n<tr class=\"row-11\">\n\t<td class=\"column-3\">2<\/td><td class=\"column-4\">0.87<\/td><td class=\"column-8\">1625<\/td><td class=\"column-9\">2438<\/td><td class=\"column-10\">6500<\/td><td class=\"column-11\">0.41<\/td>\n<\/tr>\n<tr class=\"row-12\">\n\t<td rowspan=\"3\" class=\"column-1\">3\u20444<\/td><td rowspan=\"3\" class=\"column-2\">20<\/td><td class=\"column-3\">0<\/td><td class=\"column-4\">1.05<\/td><td rowspan=\"3\" class=\"column-5\">.81<\/td><td rowspan=\"3\" class=\"column-6\">4<\/td><td rowspan=\"3\" class=\"column-7\">6<\/td><td class=\"column-8\">50<\/td><td class=\"column-9\">75<\/td><td class=\"column-10\">---<\/td><td class=\"column-11\">0.27<\/td><td rowspan=\"3\" class=\"column-12\">30-100<\/td>\n<\/tr>\n<tr class=\"row-13\">\n\t<td class=\"column-3\">1<\/td><td class=\"column-4\">1.10<\/td><td class=\"column-8\">800<\/td><td class=\"column-9\">1200<\/td><td class=\"column-10\">3200<\/td><td class=\"column-11\">0.45<\/td>\n<\/tr>\n<tr class=\"row-14\">\n\t<td class=\"column-3\">2<\/td><td class=\"column-4\">1.16<\/td><td class=\"column-8\">1250<\/td><td class=\"column-9\">1875<\/td><td class=\"column-10\">5000<\/td><td class=\"column-11\">0.63<\/td>\n<\/tr>\n<tr class=\"row-15\">\n\t<td rowspan=\"3\" class=\"column-1\">1<\/td><td rowspan=\"3\" class=\"column-2\">25<\/td><td class=\"column-3\">0<\/td><td class=\"column-4\">1.34<\/td><td rowspan=\"3\" class=\"column-5\">1.03<\/td><td rowspan=\"3\" class=\"column-6\">4.5<\/td><td rowspan=\"3\" class=\"column-7\">7<\/td><td class=\"column-8\">50<\/td><td class=\"column-9\">75<\/td><td class=\"column-10\">---<\/td><td class=\"column-11\">0.38<\/td><td rowspan=\"3\" class=\"column-12\">30-100<\/td>\n<\/tr>\n<tr class=\"row-16\">\n\t<td class=\"column-3\">1<\/td><td class=\"column-4\">1.42<\/td><td class=\"column-8\">750<\/td><td class=\"column-9\">1125<\/td><td class=\"column-10\">3000<\/td><td class=\"column-11\">0.65<\/td>\n<\/tr>\n<tr class=\"row-17\">\n\t<td class=\"column-3\">2<\/td><td class=\"column-4\">1.50<\/td><td class=\"column-8\">1000<\/td><td class=\"column-9\">1500<\/td><td class=\"column-10\">4000<\/td><td class=\"column-11\">0.92<\/td>\n<\/tr>\n<tr class=\"row-18\">\n\t<td rowspan=\"3\" class=\"column-1\">1 \u00bc<\/td><td rowspan=\"3\" class=\"column-2\">32<\/td><td class=\"column-3\">0<\/td><td class=\"column-4\">1.78<\/td><td rowspan=\"3\" class=\"column-5\">1.26<\/td><td rowspan=\"3\" class=\"column-6\">4<\/td><td rowspan=\"3\" class=\"column-7\">11<\/td><td class=\"column-8\">25<\/td><td class=\"column-9\">37.5<\/td><td class=\"column-10\">---<\/td><td class=\"column-11\">0.52<\/td><td rowspan=\"3\" class=\"column-12\">7-20<\/td>\n<\/tr>\n<tr class=\"row-19\">\n\t<td class=\"column-3\">1<\/td><td class=\"column-4\">1.86<\/td><td class=\"column-8\">725<\/td><td class=\"column-9\">1088<\/td><td class=\"column-10\">2900<\/td><td class=\"column-11\">0.94<\/td>\n<\/tr>\n<tr class=\"row-20\">\n\t<td class=\"column-3\">2<\/td><td class=\"column-4\">1.94<\/td><td class=\"column-8\">1100<\/td><td class=\"column-9\">1650<\/td><td class=\"column-10\">4400<\/td><td class=\"column-11\">1.36<\/td>\n<\/tr>\n<tr class=\"row-21\">\n\t<td rowspan=\"3\" class=\"column-1\">1\u00bd<\/td><td rowspan=\"3\" class=\"column-2\">40<\/td><td class=\"column-3\">0<\/td><td class=\"column-4\">2.10<\/td><td rowspan=\"3\" class=\"column-5\">1.55<\/td><td rowspan=\"3\" class=\"column-6\">4.5<\/td><td rowspan=\"3\" class=\"column-7\">12<\/td><td class=\"column-8\">20<\/td><td class=\"column-9\">30<\/td><td class=\"column-10\">---<\/td><td class=\"column-11\">0.56<\/td><td rowspan=\"3\" class=\"column-12\">7-20<\/td>\n<\/tr>\n<tr class=\"row-22\">\n\t<td class=\"column-3\">1<\/td><td class=\"column-4\">2.16<\/td><td class=\"column-8\">565<\/td><td class=\"column-9\">850<\/td><td class=\"column-10\">2260<\/td><td class=\"column-11\">0.99<\/td>\n<\/tr>\n<tr class=\"row-23\">\n\t<td class=\"column-3\">2<\/td><td class=\"column-4\">2.23<\/td><td class=\"column-8\">887<\/td><td class=\"column-9\">1330<\/td><td class=\"column-10\">3550<\/td><td class=\"column-11\">1.42<\/td>\n<\/tr>\n<tr class=\"row-24\">\n\t<td rowspan=\"3\" class=\"column-1\">2<\/td><td rowspan=\"3\" class=\"column-2\">50<\/td><td class=\"column-3\">0<\/td><td class=\"column-4\">2.54<\/td><td rowspan=\"3\" class=\"column-5\">2.00<\/td><td rowspan=\"3\" class=\"column-6\">5<\/td><td rowspan=\"3\" class=\"column-7\">13<\/td><td class=\"column-8\">16<\/td><td class=\"column-9\">24<\/td><td class=\"column-10\">---<\/td><td class=\"column-11\">0.76<\/td><td rowspan=\"3\" class=\"column-12\">7-20<\/td>\n<\/tr>\n<tr class=\"row-25\">\n\t<td class=\"column-3\">1<\/td><td class=\"column-4\">2.65<\/td><td class=\"column-8\">500<\/td><td class=\"column-9\">750<\/td><td class=\"column-10\">2000<\/td><td class=\"column-11\">1.50<\/td>\n<\/tr>\n<tr class=\"row-26\">\n\t<td class=\"column-3\">2<\/td><td class=\"column-4\">2.76<\/td><td class=\"column-8\">750<\/td><td class=\"column-9\">1050<\/td><td class=\"column-10\">3000<\/td><td class=\"column-11\">2.24<\/td>\n<\/tr>\n<tr class=\"row-27\">\n\t<td rowspan=\"3\" class=\"column-1\">3<\/td><td rowspan=\"3\" class=\"column-2\">50<\/td><td class=\"column-3\">0<\/td><td class=\"column-4\">3.89<\/td><td rowspan=\"3\" class=\"column-5\">3.10<\/td><td rowspan=\"3\" class=\"column-6\">7.5<\/td><td rowspan=\"3\" class=\"column-7\">16<\/td><td class=\"column-8\">8<\/td><td class=\"column-9\">12<\/td><td class=\"column-10\">---<\/td><td class=\"column-11\">1.61<\/td><td rowspan=\"3\" class=\"column-12\">7-20<\/td>\n<\/tr>\n<tr class=\"row-28\">\n\t<td class=\"column-3\">1<\/td><td class=\"column-4\">4.01<\/td><td class=\"column-8\">288<\/td><td class=\"column-9\">431<\/td><td class=\"column-10\">1150<\/td><td class=\"column-11\">2.52<\/td>\n<\/tr>\n<tr class=\"row-29\">\n\t<td class=\"column-3\">2<\/td><td class=\"column-4\">4.13<\/td><td class=\"column-8\">431<\/td><td class=\"column-9\">647<\/td><td class=\"column-10\">1725<\/td><td class=\"column-11\">3.43<\/td>\n<\/tr>\n<tr class=\"row-30\">\n\t<td rowspan=\"3\" class=\"column-1\">4<\/td><td rowspan=\"3\" class=\"column-2\">100<\/td><td class=\"column-3\">0<\/td><td class=\"column-4\">4.83<\/td><td rowspan=\"3\" class=\"column-5\">3.98<\/td><td rowspan=\"3\" class=\"column-6\">10<\/td><td rowspan=\"3\" class=\"column-7\">20<\/td><td class=\"column-8\">5<\/td><td class=\"column-9\">7.5<\/td><td class=\"column-10\">---<\/td><td class=\"column-11\">2.06<\/td><td rowspan=\"3\" class=\"column-12\">7-20<\/td>\n<\/tr>\n<tr class=\"row-31\">\n\t<td class=\"column-3\">1<\/td><td class=\"column-4\">5.03<\/td><td class=\"column-8\">250<\/td><td class=\"column-9\">375<\/td><td class=\"column-10\">1000<\/td><td class=\"column-11\">3.26<\/td>\n<\/tr>\n<tr class=\"row-32\">\n\t<td class=\"column-3\">2<\/td><td class=\"column-4\">5.23<\/td><td class=\"column-8\">375<\/td><td class=\"column-9\">563<\/td><td class=\"column-10\">1500<\/td><td class=\"column-11\">4.46<\/td>\n<\/tr>\n<\/tbody>\n<\/table>\n<!-- #tablepress-17 from cache -->\n<ol class=\"lower-alpha\">\n<li>Le tuyau Omegaflex et la tresse correspondante doivent \u00eatre utilis\u00e9s en combinaison pour atteindre les pressions nominales.<\/li>\n<li>Consulter l'usine pour des longueurs plus importantes<\/li>\n<\/ol>\n<p>&nbsp;<\/p>\n<h2>Sp\u00e9cification des num\u00e9ros de pi\u00e8ces pour les produits de la s\u00e9rie 600<\/h2>\n<p><img loading=\"lazy\" decoding=\"async\" class=\"alignnone size-full wp-image-3419\" src=\"http:\/\/omegaflex.com\/wp-content\/uploads\/part-num-series-600.jpg\" alt=\"\" width=\"607\" height=\"151\" srcset=\"https:\/\/omegaflex.com\/wp-content\/uploads\/part-num-series-600.jpg 607w, https:\/\/omegaflex.com\/wp-content\/uploads\/part-num-series-600-300x75.jpg 300w\" sizes=\"auto, (max-width: 607px) 100vw, 607px\" \/><\/p>\n<a href=\"http:\/\/omegaflex.com\/wp-content\/uploads\/omegaflex-inconel-hose-annular.pdf\" class=\"jumbo cool-blue tt-button\" target=\"_blank\"> T\u00e9l\u00e9charger le PDF <\/a>","protected":false},"excerpt":{"rendered":"<p>Series 600 Core Material is Nickel-Chromium-Molybdenum-Columbium N06625 Braid Material is Nickel-Chromium-Iron N06025 Pressure capability includes full vacuum to pressures show below Temperatures to 1,500\u00b0F Excellent corrosion resistance at high temperature &nbsp; Series 600 &#8211; Annular, Inconel, Standard Pitch Hose Omegaflex hose and corresponding braid must be used in combination to achieve pressure ratings Consult factory [&hellip;]<\/p>\n","protected":false},"author":5,"featured_media":0,"parent":3046,"menu_order":0,"comment_status":"open","ping_status":"closed","template":"page-template-right-sidebar.php","meta":{"_acf_changed":false,"footnotes":""},"class_list":["post-3416","page","type-page","status-publish","hentry"],"acf":[],"yoast_head":"<!-- This site is optimized with the Yoast SEO plugin v27.0 - https:\/\/yoast.com\/product\/yoast-seo-wordpress\/ -->\n<title>Inconel Annular Hose - OmegaFlex Industrial<\/title>\n<meta name=\"robots\" content=\"index, follow, max-snippet:-1, max-image-preview:large, max-video-preview:-1\" \/>\n<link rel=\"canonical\" href=\"https:\/\/omegaflex.com\/fr\/product-specifications\/inconel-annular-hose\/\" \/>\n<meta property=\"og:locale\" content=\"fr_CA\" \/>\n<meta property=\"og:type\" content=\"article\" \/>\n<meta property=\"og:title\" content=\"Inconel Annular Hose - OmegaFlex Industrial\" \/>\n<meta property=\"og:description\" content=\"Series 600 Core Material is Nickel-Chromium-Molybdenum-Columbium N06625 Braid Material is Nickel-Chromium-Iron N06025 Pressure capability includes full vacuum to pressures show below Temperatures to 1,500\u00b0F Excellent corrosion resistance at high temperature &nbsp; Series 600 &#8211; Annular, Inconel, Standard Pitch Hose Omegaflex hose and corresponding braid must be used in combination to achieve pressure ratings Consult factory [&hellip;]\" \/>\n<meta property=\"og:url\" content=\"https:\/\/omegaflex.com\/fr\/product-specifications\/inconel-annular-hose\/\" \/>\n<meta property=\"og:site_name\" content=\"OmegaFlex Industrial\" \/>\n<meta property=\"article:modified_time\" content=\"2019-04-18T08:14:01+00:00\" \/>\n<meta property=\"og:image\" content=\"http:\/\/omegaflex.com\/wp-content\/uploads\/part-num-series-600.jpg\" \/>\n<script type=\"application\/ld+json\" class=\"yoast-schema-graph\">{\"@context\":\"https:\/\/schema.org\",\"@graph\":[{\"@type\":\"WebPage\",\"@id\":\"https:\/\/omegaflex.com\/product-specifications\/inconel-annular-hose\/\",\"url\":\"https:\/\/omegaflex.com\/product-specifications\/inconel-annular-hose\/\",\"name\":\"Inconel Annular Hose - OmegaFlex Industrial\",\"isPartOf\":{\"@id\":\"https:\/\/omegaflex.com\/#website\"},\"primaryImageOfPage\":{\"@id\":\"https:\/\/omegaflex.com\/product-specifications\/inconel-annular-hose\/#primaryimage\"},\"image\":{\"@id\":\"https:\/\/omegaflex.com\/product-specifications\/inconel-annular-hose\/#primaryimage\"},\"thumbnailUrl\":\"http:\/\/omegaflex.com\/wp-content\/uploads\/part-num-series-600.jpg\",\"datePublished\":\"2018-02-13T05:53:42+00:00\",\"dateModified\":\"2019-04-18T08:14:01+00:00\",\"breadcrumb\":{\"@id\":\"https:\/\/omegaflex.com\/product-specifications\/inconel-annular-hose\/#breadcrumb\"},\"inLanguage\":\"fr-CA\",\"potentialAction\":[{\"@type\":\"ReadAction\",\"target\":[\"https:\/\/omegaflex.com\/product-specifications\/inconel-annular-hose\/\"]}]},{\"@type\":\"ImageObject\",\"inLanguage\":\"fr-CA\",\"@id\":\"https:\/\/omegaflex.com\/product-specifications\/inconel-annular-hose\/#primaryimage\",\"url\":\"http:\/\/omegaflex.com\/wp-content\/uploads\/part-num-series-600.jpg\",\"contentUrl\":\"http:\/\/omegaflex.com\/wp-content\/uploads\/part-num-series-600.jpg\"},{\"@type\":\"BreadcrumbList\",\"@id\":\"https:\/\/omegaflex.com\/product-specifications\/inconel-annular-hose\/#breadcrumb\",\"itemListElement\":[{\"@type\":\"ListItem\",\"position\":1,\"name\":\"Home\",\"item\":\"https:\/\/omegaflex.com\/\"},{\"@type\":\"ListItem\",\"position\":2,\"name\":\"Product Specifications\",\"item\":\"https:\/\/omegaflex.com\/product-specifications\/\"},{\"@type\":\"ListItem\",\"position\":3,\"name\":\"Inconel Annular Hose\"}]},{\"@type\":\"WebSite\",\"@id\":\"https:\/\/omegaflex.com\/#website\",\"url\":\"https:\/\/omegaflex.com\/\",\"name\":\"OmegaFlex Industrial\",\"description\":\"\",\"potentialAction\":[{\"@type\":\"SearchAction\",\"target\":{\"@type\":\"EntryPoint\",\"urlTemplate\":\"https:\/\/omegaflex.com\/?s={search_term_string}\"},\"query-input\":{\"@type\":\"PropertyValueSpecification\",\"valueRequired\":true,\"valueName\":\"search_term_string\"}}],\"inLanguage\":\"fr-CA\"}]}<\/script>\n<!-- \/ Yoast SEO plugin. -->","yoast_head_json":{"title":"Tuyau annulaire en Inconel - OmegaFlex Industrial","robots":{"index":"index","follow":"follow","max-snippet":"max-snippet:-1","max-image-preview":"max-image-preview:large","max-video-preview":"max-video-preview:-1"},"canonical":"https:\/\/omegaflex.com\/fr\/product-specifications\/inconel-annular-hose\/","og_locale":"fr_CA","og_type":"article","og_title":"Inconel Annular Hose - OmegaFlex Industrial","og_description":"Series 600 Core Material is Nickel-Chromium-Molybdenum-Columbium N06625 Braid Material is Nickel-Chromium-Iron N06025 Pressure capability includes full vacuum to pressures show below Temperatures to 1,500\u00b0F Excellent corrosion resistance at high temperature &nbsp; Series 600 &#8211; Annular, Inconel, Standard Pitch Hose Omegaflex hose and corresponding braid must be used in combination to achieve pressure ratings Consult factory [&hellip;]","og_url":"https:\/\/omegaflex.com\/fr\/product-specifications\/inconel-annular-hose\/","og_site_name":"OmegaFlex Industrial","article_modified_time":"2019-04-18T08:14:01+00:00","og_image":[{"url":"http:\/\/omegaflex.com\/wp-content\/uploads\/part-num-series-600.jpg","type":"","width":"","height":""}],"schema":{"@context":"https:\/\/schema.org","@graph":[{"@type":"WebPage","@id":"https:\/\/omegaflex.com\/product-specifications\/inconel-annular-hose\/","url":"https:\/\/omegaflex.com\/product-specifications\/inconel-annular-hose\/","name":"Tuyau annulaire en Inconel - OmegaFlex Industrial","isPartOf":{"@id":"https:\/\/omegaflex.com\/#website"},"primaryImageOfPage":{"@id":"https:\/\/omegaflex.com\/product-specifications\/inconel-annular-hose\/#primaryimage"},"image":{"@id":"https:\/\/omegaflex.com\/product-specifications\/inconel-annular-hose\/#primaryimage"},"thumbnailUrl":"http:\/\/omegaflex.com\/wp-content\/uploads\/part-num-series-600.jpg","datePublished":"2018-02-13T05:53:42+00:00","dateModified":"2019-04-18T08:14:01+00:00","breadcrumb":{"@id":"https:\/\/omegaflex.com\/product-specifications\/inconel-annular-hose\/#breadcrumb"},"inLanguage":"fr-CA","potentialAction":[{"@type":"ReadAction","target":["https:\/\/omegaflex.com\/product-specifications\/inconel-annular-hose\/"]}]},{"@type":"ImageObject","inLanguage":"fr-CA","@id":"https:\/\/omegaflex.com\/product-specifications\/inconel-annular-hose\/#primaryimage","url":"http:\/\/omegaflex.com\/wp-content\/uploads\/part-num-series-600.jpg","contentUrl":"http:\/\/omegaflex.com\/wp-content\/uploads\/part-num-series-600.jpg"},{"@type":"BreadcrumbList","@id":"https:\/\/omegaflex.com\/product-specifications\/inconel-annular-hose\/#breadcrumb","itemListElement":[{"@type":"ListItem","position":1,"name":"Home","item":"https:\/\/omegaflex.com\/"},{"@type":"ListItem","position":2,"name":"Product Specifications","item":"https:\/\/omegaflex.com\/product-specifications\/"},{"@type":"ListItem","position":3,"name":"Inconel Annular Hose"}]},{"@type":"WebSite","@id":"https:\/\/omegaflex.com\/#website","url":"https:\/\/omegaflex.com\/","name":"OmegaFlex Industrial","description":"","potentialAction":[{"@type":"SearchAction","target":{"@type":"EntryPoint","urlTemplate":"https:\/\/omegaflex.com\/?s={search_term_string}"},"query-input":{"@type":"PropertyValueSpecification","valueRequired":true,"valueName":"search_term_string"}}],"inLanguage":"fr-CA"}]}},"_links":{"self":[{"href":"http:\/\/omegaflex.com\/fr\/wp-json\/wp\/v2\/pages\/3416","targetHints":{"allow":["GET"]}}],"collection":[{"href":"http:\/\/omegaflex.com\/fr\/wp-json\/wp\/v2\/pages"}],"about":[{"href":"http:\/\/omegaflex.com\/fr\/wp-json\/wp\/v2\/types\/page"}],"author":[{"embeddable":true,"href":"http:\/\/omegaflex.com\/fr\/wp-json\/wp\/v2\/users\/5"}],"replies":[{"embeddable":true,"href":"http:\/\/omegaflex.com\/fr\/wp-json\/wp\/v2\/comments?post=3416"}],"version-history":[{"count":0,"href":"http:\/\/omegaflex.com\/fr\/wp-json\/wp\/v2\/pages\/3416\/revisions"}],"up":[{"embeddable":true,"href":"http:\/\/omegaflex.com\/fr\/wp-json\/wp\/v2\/pages\/3046"}],"wp:attachment":[{"href":"http:\/\/omegaflex.com\/fr\/wp-json\/wp\/v2\/media?parent=3416"}],"curies":[{"name":"wp","href":"https:\/\/api.w.org\/{rel}","templated":true}]}}