{"id":3420,"date":"2018-02-13T01:28:12","date_gmt":"2018-02-13T06:28:12","guid":{"rendered":"http:\/\/omegaflex.com\/?page_id=3420"},"modified":"2019-04-18T04:14:03","modified_gmt":"2019-04-18T08:14:03","slug":"inconel-tubular-braid","status":"publish","type":"page","link":"http:\/\/omegaflex.com\/fr\/product-specifications\/inconel-tubular-braid\/","title":{"rendered":"Tresse tubulaire en Inconel"},"content":{"rendered":"<h2>Tresse tubulaire<\/h2>\n<ul>\n<li>Large gamme de constructions comprenant des mod\u00e8les \u00e0 24, 36, 48 et 72 supports<\/li>\n<li>Propre et sans huile<\/li>\n<li>De grandes longueurs de broyage pour moins de d\u00e9chets<\/li>\n<li>Con\u00e7u pour une couverture optimale du tuyau<\/li>\n<li>Excellente r\u00e9sistance chimique au chlore sec, \u00e0 l'eau sal\u00e9e et aux alcalins<\/li>\n<li>Fabriqu\u00e9 sur des mandrins de tuyau OmegaFlex pour garantir un angle de tressage correct.<\/li>\n<li>Des tresses sur mesure, conformes aux sp\u00e9cifications du client, sont disponibles en 304, 321 et<\/li>\n<li>Acier inoxydable 316L, bronze, monel, alliages exotiques et mat\u00e9riaux synth\u00e9tiques<\/li>\n<\/ul>\n<p>&nbsp;<\/p>\n<h2>Tresse tubulaire en Inconel pour tuyau de la s\u00e9rie 600<\/h2>\n\n<table id=\"tablepress-18\" class=\"tablepress tablepress-id-18 tp-collapse\">\n<thead>\n<tr class=\"row-1\">\n\t<th class=\"column-1\">Nominal<br \/>\nTaille du tuyau<br \/>\n(in.)<\/th><th class=\"column-2\">Diam\u00e8tre<br \/>\nTaille du tuyau<br \/>\n(DN)<\/th><th class=\"column-3\">Tresse<br \/>\nLa construction<\/th><th class=\"column-4\">Num\u00e9ro d'identification de la tresse<br \/>\n(in.)<\/th><th class=\"column-5\">Tresse<br \/>\nCouverture<br \/>\n(%)<\/th><th class=\"column-6\">Max. Travail<br \/>\nPression \u00e0<br \/>\n70\u00b0F (PSIG)<\/th><th class=\"column-7\">Poids par<br \/>\nPied (lb.)<\/th><th class=\"column-8\">Typique<br \/>\nLongueur du moulin (pieds)<\/th>\n<\/tr>\n<\/thead>\n<tbody class=\"row-striping row-hover\">\n<tr class=\"row-2\">\n\t<td class=\"column-1\"> \u00bc<\/td><td class=\"column-2\">8<\/td><td class=\"column-3\">24 X 6 X .012<\/td><td class=\"column-4\">0.46<\/td><td class=\"column-5\">90<\/td><td class=\"column-6\">2375<\/td><td class=\"column-7\">0.10<\/td><td class=\"column-8\">30-100<\/td>\n<\/tr>\n<tr class=\"row-3\">\n\t<td class=\"column-1\">3\u20448<\/td><td class=\"column-2\">10<\/td><td class=\"column-3\">24 X 8 X .012<\/td><td class=\"column-4\">0.61<\/td><td class=\"column-5\">94<\/td><td class=\"column-6\">1650<\/td><td class=\"column-7\">0.11 <\/td><td class=\"column-8\">30-100<\/td>\n<\/tr>\n<tr class=\"row-4\">\n\t<td class=\"column-1\">\u00bd<\/td><td class=\"column-2\">15<\/td><td class=\"column-3\">24 X 8 X .012<\/td><td class=\"column-4\">0.76<\/td><td class=\"column-5\">86<\/td><td class=\"column-6\">1100<\/td><td class=\"column-7\">0.12<\/td><td class=\"column-8\">30-100<\/td>\n<\/tr>\n<tr class=\"row-5\">\n\t<td class=\"column-1\">\u00be<\/td><td class=\"column-2\">20<\/td><td class=\"column-3\">36 X 8 X .012<\/td><td class=\"column-4\">1.05<\/td><td class=\"column-5\">90<\/td><td class=\"column-6\">800<\/td><td class=\"column-7\">0.18<\/td><td class=\"column-8\">30-100<\/td>\n<\/tr>\n<tr class=\"row-6\">\n\t<td class=\"column-1\">1<\/td><td class=\"column-2\">25<\/td><td class=\"column-3\">36 X 6 X .016<\/td><td class=\"column-4\">1.34<\/td><td class=\"column-5\">88<\/td><td class=\"column-6\">750<\/td><td class=\"column-7\">0.27<\/td><td class=\"column-8\">30-100<\/td>\n<\/tr>\n<tr class=\"row-7\">\n\t<td class=\"column-1\">1\u00bc<\/td><td class=\"column-2\">32<\/td><td class=\"column-3\">48 X 8 X .016<\/td><td class=\"column-4\">1.78<\/td><td class=\"column-5\">90<\/td><td class=\"column-6\">725<\/td><td class=\"column-7\">0.42<\/td><td class=\"column-8\">30-60<\/td>\n<\/tr>\n<tr class=\"row-8\">\n\t<td class=\"column-1\">1\u00bd<\/td><td class=\"column-2\">40<\/td><td class=\"column-3\">48 X 8 X .016<\/td><td class=\"column-4\">2.10<\/td><td class=\"column-5\">84<\/td><td class=\"column-6\">565<\/td><td class=\"column-7\">0.43<\/td><td class=\"column-8\">30-60<\/td>\n<\/tr>\n<tr class=\"row-9\">\n\t<td class=\"column-1\">2<\/td><td class=\"column-2\">50<\/td><td class=\"column-3\">48 X 8 X .016<\/td><td class=\"column-4\">2.54<\/td><td class=\"column-5\">78<\/td><td class=\"column-6\">500<\/td><td class=\"column-7\">0.74<\/td><td class=\"column-8\">30-60<\/td>\n<\/tr>\n<tr class=\"row-10\">\n\t<td class=\"column-1\">3<\/td><td class=\"column-2\">80<\/td><td class=\"column-3\">72 X 8 X .020<\/td><td class=\"column-4\">3.89<\/td><td class=\"column-5\">86<\/td><td class=\"column-6\">288<\/td><td class=\"column-7\">0.91<\/td><td class=\"column-8\">30-60<\/td>\n<\/tr>\n<tr class=\"row-11\">\n\t<td class=\"column-1\">4<\/td><td class=\"column-2\">100<\/td><td class=\"column-3\">72 X 10 X .020<\/td><td class=\"column-4\">4.83<\/td><td class=\"column-5\">84<\/td><td class=\"column-6\">250<\/td><td class=\"column-7\">1.20<\/td><td class=\"column-8\">30-60<\/td>\n<\/tr>\n<\/tbody>\n<\/table>\n<!-- #tablepress-18 from cache -->\n<ol class=\"table-simple\">\n<li>La pression de service maximale indiqu\u00e9e est calcul\u00e9e pour le tuyau en Inconel OmegaFlex et la tresse en Inconel monocouche correspondante. Voir les sp\u00e9cifications du tuyau Inconel pour plus d'informations.<\/li>\n<li>Consulter l'usine pour des longueurs plus importantes<\/li>\n<\/ol>\n<p>&nbsp;<\/p>\n<h2>Sp\u00e9cification des num\u00e9ros de pi\u00e8ces pour les produits de la s\u00e9rie 600<\/h2>\n<p><img loading=\"lazy\" decoding=\"async\" class=\"alignnone size-full wp-image-3423\" src=\"http:\/\/omegaflex.com\/wp-content\/uploads\/part-num-series-600-1.jpg\" alt=\"\" width=\"607\" height=\"151\" srcset=\"https:\/\/omegaflex.com\/wp-content\/uploads\/part-num-series-600-1.jpg 607w, https:\/\/omegaflex.com\/wp-content\/uploads\/part-num-series-600-1-300x75.jpg 300w\" sizes=\"auto, (max-width: 607px) 100vw, 607px\" \/><\/p>\n<a href=\"http:\/\/omegaflex.com\/wp-content\/uploads\/omegaflex-inconel-braid-tubular.pdf\" class=\"jumbo cool-blue tt-button\" target=\"_blank\"> T\u00e9l\u00e9charger le PDF <\/a>","protected":false},"excerpt":{"rendered":"<p>Tubular Braid Wide range of constructions including 24, 36, 48 and 72 carrier designs Clean and oil-free Long mill lengths for less waste Engineered for optimal hose coverage Excellent Chemical resistance to dry chlorine, salt water, and alkalines Manufactured on OmegaFlex hose mandrels to ensure proper braid angle Custom braiding to customer specifications is available [&hellip;]<\/p>\n","protected":false},"author":5,"featured_media":0,"parent":3046,"menu_order":0,"comment_status":"open","ping_status":"closed","template":"page-template-right-sidebar.php","meta":{"_acf_changed":false,"footnotes":""},"class_list":["post-3420","page","type-page","status-publish","hentry"],"acf":[],"yoast_head":"<!-- This site is optimized with the Yoast SEO plugin v27.0 - https:\/\/yoast.com\/product\/yoast-seo-wordpress\/ -->\n<title>Inconel Tubular Braid - OmegaFlex Industrial<\/title>\n<meta name=\"robots\" content=\"index, follow, max-snippet:-1, max-image-preview:large, max-video-preview:-1\" \/>\n<link rel=\"canonical\" href=\"https:\/\/omegaflex.com\/fr\/product-specifications\/inconel-tubular-braid\/\" \/>\n<meta property=\"og:locale\" content=\"fr_CA\" \/>\n<meta property=\"og:type\" content=\"article\" \/>\n<meta property=\"og:title\" content=\"Inconel Tubular Braid - OmegaFlex Industrial\" \/>\n<meta property=\"og:description\" content=\"Tubular Braid Wide range of constructions including 24, 36, 48 and 72 carrier designs Clean and oil-free Long mill lengths for less waste Engineered for optimal hose coverage Excellent Chemical resistance to dry chlorine, salt water, and alkalines Manufactured on OmegaFlex hose mandrels to ensure proper braid angle Custom braiding to customer specifications is available [&hellip;]\" \/>\n<meta property=\"og:url\" content=\"https:\/\/omegaflex.com\/fr\/product-specifications\/inconel-tubular-braid\/\" \/>\n<meta property=\"og:site_name\" content=\"OmegaFlex Industrial\" \/>\n<meta property=\"article:modified_time\" content=\"2019-04-18T08:14:03+00:00\" \/>\n<meta property=\"og:image\" content=\"http:\/\/omegaflex.com\/wp-content\/uploads\/part-num-series-600-1.jpg\" \/>\n<meta name=\"twitter:label1\" content=\"Est. reading time\" \/>\n\t<meta name=\"twitter:data1\" content=\"1 minute\" \/>\n<script type=\"application\/ld+json\" class=\"yoast-schema-graph\">{\"@context\":\"https:\/\/schema.org\",\"@graph\":[{\"@type\":\"WebPage\",\"@id\":\"https:\/\/omegaflex.com\/product-specifications\/inconel-tubular-braid\/\",\"url\":\"https:\/\/omegaflex.com\/product-specifications\/inconel-tubular-braid\/\",\"name\":\"Inconel Tubular Braid - OmegaFlex Industrial\",\"isPartOf\":{\"@id\":\"https:\/\/omegaflex.com\/#website\"},\"primaryImageOfPage\":{\"@id\":\"https:\/\/omegaflex.com\/product-specifications\/inconel-tubular-braid\/#primaryimage\"},\"image\":{\"@id\":\"https:\/\/omegaflex.com\/product-specifications\/inconel-tubular-braid\/#primaryimage\"},\"thumbnailUrl\":\"http:\/\/omegaflex.com\/wp-content\/uploads\/part-num-series-600-1.jpg\",\"datePublished\":\"2018-02-13T06:28:12+00:00\",\"dateModified\":\"2019-04-18T08:14:03+00:00\",\"breadcrumb\":{\"@id\":\"https:\/\/omegaflex.com\/product-specifications\/inconel-tubular-braid\/#breadcrumb\"},\"inLanguage\":\"fr-CA\",\"potentialAction\":[{\"@type\":\"ReadAction\",\"target\":[\"https:\/\/omegaflex.com\/product-specifications\/inconel-tubular-braid\/\"]}]},{\"@type\":\"ImageObject\",\"inLanguage\":\"fr-CA\",\"@id\":\"https:\/\/omegaflex.com\/product-specifications\/inconel-tubular-braid\/#primaryimage\",\"url\":\"http:\/\/omegaflex.com\/wp-content\/uploads\/part-num-series-600-1.jpg\",\"contentUrl\":\"http:\/\/omegaflex.com\/wp-content\/uploads\/part-num-series-600-1.jpg\"},{\"@type\":\"BreadcrumbList\",\"@id\":\"https:\/\/omegaflex.com\/product-specifications\/inconel-tubular-braid\/#breadcrumb\",\"itemListElement\":[{\"@type\":\"ListItem\",\"position\":1,\"name\":\"Home\",\"item\":\"https:\/\/omegaflex.com\/\"},{\"@type\":\"ListItem\",\"position\":2,\"name\":\"Product Specifications\",\"item\":\"https:\/\/omegaflex.com\/product-specifications\/\"},{\"@type\":\"ListItem\",\"position\":3,\"name\":\"Inconel Tubular Braid\"}]},{\"@type\":\"WebSite\",\"@id\":\"https:\/\/omegaflex.com\/#website\",\"url\":\"https:\/\/omegaflex.com\/\",\"name\":\"OmegaFlex Industrial\",\"description\":\"\",\"potentialAction\":[{\"@type\":\"SearchAction\",\"target\":{\"@type\":\"EntryPoint\",\"urlTemplate\":\"https:\/\/omegaflex.com\/?s={search_term_string}\"},\"query-input\":{\"@type\":\"PropertyValueSpecification\",\"valueRequired\":true,\"valueName\":\"search_term_string\"}}],\"inLanguage\":\"fr-CA\"}]}<\/script>\n<!-- \/ Yoast SEO plugin. -->","yoast_head_json":{"title":"Tresse tubulaire en Inconel - OmegaFlex Industrial","robots":{"index":"index","follow":"follow","max-snippet":"max-snippet:-1","max-image-preview":"max-image-preview:large","max-video-preview":"max-video-preview:-1"},"canonical":"https:\/\/omegaflex.com\/fr\/product-specifications\/inconel-tubular-braid\/","og_locale":"fr_CA","og_type":"article","og_title":"Inconel Tubular Braid - OmegaFlex Industrial","og_description":"Tubular Braid Wide range of constructions including 24, 36, 48 and 72 carrier designs Clean and oil-free Long mill lengths for less waste Engineered for optimal hose coverage Excellent Chemical resistance to dry chlorine, salt water, and alkalines Manufactured on OmegaFlex hose mandrels to ensure proper braid angle Custom braiding to customer specifications is available [&hellip;]","og_url":"https:\/\/omegaflex.com\/fr\/product-specifications\/inconel-tubular-braid\/","og_site_name":"OmegaFlex Industrial","article_modified_time":"2019-04-18T08:14:03+00:00","og_image":[{"url":"http:\/\/omegaflex.com\/wp-content\/uploads\/part-num-series-600-1.jpg","type":"","width":"","height":""}],"twitter_misc":{"Est. reading time":"1 minute"},"schema":{"@context":"https:\/\/schema.org","@graph":[{"@type":"WebPage","@id":"https:\/\/omegaflex.com\/product-specifications\/inconel-tubular-braid\/","url":"https:\/\/omegaflex.com\/product-specifications\/inconel-tubular-braid\/","name":"Tresse tubulaire en Inconel - OmegaFlex Industrial","isPartOf":{"@id":"https:\/\/omegaflex.com\/#website"},"primaryImageOfPage":{"@id":"https:\/\/omegaflex.com\/product-specifications\/inconel-tubular-braid\/#primaryimage"},"image":{"@id":"https:\/\/omegaflex.com\/product-specifications\/inconel-tubular-braid\/#primaryimage"},"thumbnailUrl":"http:\/\/omegaflex.com\/wp-content\/uploads\/part-num-series-600-1.jpg","datePublished":"2018-02-13T06:28:12+00:00","dateModified":"2019-04-18T08:14:03+00:00","breadcrumb":{"@id":"https:\/\/omegaflex.com\/product-specifications\/inconel-tubular-braid\/#breadcrumb"},"inLanguage":"fr-CA","potentialAction":[{"@type":"ReadAction","target":["https:\/\/omegaflex.com\/product-specifications\/inconel-tubular-braid\/"]}]},{"@type":"ImageObject","inLanguage":"fr-CA","@id":"https:\/\/omegaflex.com\/product-specifications\/inconel-tubular-braid\/#primaryimage","url":"http:\/\/omegaflex.com\/wp-content\/uploads\/part-num-series-600-1.jpg","contentUrl":"http:\/\/omegaflex.com\/wp-content\/uploads\/part-num-series-600-1.jpg"},{"@type":"BreadcrumbList","@id":"https:\/\/omegaflex.com\/product-specifications\/inconel-tubular-braid\/#breadcrumb","itemListElement":[{"@type":"ListItem","position":1,"name":"Home","item":"https:\/\/omegaflex.com\/"},{"@type":"ListItem","position":2,"name":"Product Specifications","item":"https:\/\/omegaflex.com\/product-specifications\/"},{"@type":"ListItem","position":3,"name":"Inconel Tubular Braid"}]},{"@type":"WebSite","@id":"https:\/\/omegaflex.com\/#website","url":"https:\/\/omegaflex.com\/","name":"OmegaFlex Industrial","description":"","potentialAction":[{"@type":"SearchAction","target":{"@type":"EntryPoint","urlTemplate":"https:\/\/omegaflex.com\/?s={search_term_string}"},"query-input":{"@type":"PropertyValueSpecification","valueRequired":true,"valueName":"search_term_string"}}],"inLanguage":"fr-CA"}]}},"_links":{"self":[{"href":"http:\/\/omegaflex.com\/fr\/wp-json\/wp\/v2\/pages\/3420","targetHints":{"allow":["GET"]}}],"collection":[{"href":"http:\/\/omegaflex.com\/fr\/wp-json\/wp\/v2\/pages"}],"about":[{"href":"http:\/\/omegaflex.com\/fr\/wp-json\/wp\/v2\/types\/page"}],"author":[{"embeddable":true,"href":"http:\/\/omegaflex.com\/fr\/wp-json\/wp\/v2\/users\/5"}],"replies":[{"embeddable":true,"href":"http:\/\/omegaflex.com\/fr\/wp-json\/wp\/v2\/comments?post=3420"}],"version-history":[{"count":0,"href":"http:\/\/omegaflex.com\/fr\/wp-json\/wp\/v2\/pages\/3420\/revisions"}],"up":[{"embeddable":true,"href":"http:\/\/omegaflex.com\/fr\/wp-json\/wp\/v2\/pages\/3046"}],"wp:attachment":[{"href":"http:\/\/omegaflex.com\/fr\/wp-json\/wp\/v2\/media?parent=3420"}],"curies":[{"name":"wp","href":"https:\/\/api.w.org\/{rel}","templated":true}]}}