{"id":3443,"date":"2018-02-13T19:16:14","date_gmt":"2018-02-14T00:16:14","guid":{"rendered":"http:\/\/omegaflex.com\/?page_id=3443"},"modified":"2018-07-30T13:28:18","modified_gmt":"2018-07-30T17:28:18","slug":"stainless-hose-lldpe-extruded","status":"publish","type":"page","link":"http:\/\/omegaflex.com\/fr\/product-specifications\/stainless-hose-lldpe-extruded\/","title":{"rendered":"Tuyau inoxydable (LLDPE) Extrud\u00e9"},"content":{"rendered":"<h2>Tuyau extrud\u00e9 (LLDPE) de la s\u00e9rie 300 Description<\/h2>\n<p>Le tuyau tress\u00e9 ondul\u00e9 extrud\u00e9 OmegaFlex\u00ae se compose d'un tuyau ondul\u00e9 en acier inoxydable 316L de la s\u00e9rie 300 avec une couche de tresse en acier inoxydable 304, et d'une gaine ext\u00e9rieure en poly\u00e9thyl\u00e8ne lin\u00e9aire \u00e0 basse densit\u00e9 (LLDPE) de couleur bleue. Plusieurs configurations de raccords d'extr\u00e9mit\u00e9 peuvent \u00eatre utilis\u00e9es sur le tuyau extrud\u00e9 (LLDPE) de la s\u00e9rie 300. Apr\u00e8s la fabrication d'un assemblage de tuyau utilisant le tuyau extrud\u00e9 (LLDPE) OmegaFlex\u00ae s\u00e9rie 300, un manchon thermor\u00e9tractable en polyol\u00e9fine de 0,070\" d'\u00e9paisseur est utilis\u00e9 pour couvrir partiellement l'embout et tout tuyau tress\u00e9 expos\u00e9.<\/p>\n<h2>Tuyau extrud\u00e9 (LLDPE) de la s\u00e9rie 300<\/h2>\n<p><strong>Mat\u00e9riau du tuyau<\/strong>: Le tuyau ondul\u00e9 en acier inoxydable de la s\u00e9rie 300 est conforme \u00e0 la norme ASTM A240.<br \/>\n<strong>Mat\u00e9riau de la tresse<\/strong>: Tresse en acier inoxydable 304 conforme \u00e0 la norme ASTM A580<br \/>\n<strong>Mat\u00e9riau de la veste<\/strong>: Poly\u00e9thyl\u00e8ne lin\u00e9aire \u00e0 basse densit\u00e9 (LLDPE)<br \/>\n<strong>Manchon thermor\u00e9tractable<\/strong>: Gaine thermor\u00e9tractable en polyol\u00e9fine<\/p>\n<h2>Tuyau extrud\u00e9 (LLDPE) de la s\u00e9rie 300 Temp\u00e9ratures de fonctionnement<\/h2>\n<p>De -76\u00b0F \u00e0 250\u00b0F<\/p>\n<h2>S\u00e9rie 300 - Tuyau extrud\u00e9 (LLDPE)<\/h2>\n\n<table id=\"tablepress-23\" class=\"tablepress tablepress-id-23 tp-collapse\">\n<thead>\n<tr class=\"row-1\">\n\t<th class=\"column-1\">S\u00e9rie 300<br \/>\nExtrud\u00e9<br \/>\nTaille du tuyau<br \/>\n(in.)<\/th><th class=\"column-2\">OmegaFlex<br \/>\nNum\u00e9ro de pi\u00e8ce<\/th><th class=\"column-3\">Tress\u00e9<br \/>\nID du tuyau<br \/>\n(Nom)<\/th><th class=\"column-4\">Tress\u00e9<br \/>\nDiam\u00e8tre ext\u00e9rieur du tuyau<br \/>\n(Nom)<\/th><th class=\"column-5\">LLDPE<br \/>\nVeste OD<br \/>\n(Nom)<\/th>\n<\/tr>\n<\/thead>\n<tbody class=\"row-striping row-hover\">\n<tr class=\"row-2\">\n\t<td class=\"column-1\">2<\/td><td class=\"column-2\"> 313-SP0200RP-LPE-BU<\/td><td class=\"column-3\">2.05<\/td><td class=\"column-4\">2.58<\/td><td class=\"column-5\">4.08<\/td>\n<\/tr>\n<tr class=\"row-3\">\n\t<td class=\"column-1\">3<\/td><td class=\"column-2\">313-SP0300-LPE-BU<\/td><td class=\"column-3\">3.10<\/td><td class=\"column-4\">4.08<\/td><td class=\"column-5\">4.25<\/td>\n<\/tr>\n<\/tbody>\n<\/table>\n<!-- #tablepress-23 from cache -->\n<p><img loading=\"lazy\" decoding=\"async\" class=\"size-full wp-image-3450 aligncenter\" src=\"http:\/\/omegaflex.com\/wp-content\/uploads\/LLDPE-typical-hose-assembly-end-fitting.jpg\" alt=\"\" width=\"771\" height=\"322\" srcset=\"https:\/\/omegaflex.com\/wp-content\/uploads\/LLDPE-typical-hose-assembly-end-fitting.jpg 771w, https:\/\/omegaflex.com\/wp-content\/uploads\/LLDPE-typical-hose-assembly-end-fitting-300x125.jpg 300w, https:\/\/omegaflex.com\/wp-content\/uploads\/LLDPE-typical-hose-assembly-end-fitting-768x321.jpg 768w\" sizes=\"auto, (max-width: 771px) 100vw, 771px\" \/><\/p>\n<p>&nbsp;<\/p>\n<a href=\"http:\/\/omegaflex.com\/wp-content\/uploads\/omegaflex-stainless-hose-lldpe-extruded.pdf\" class=\"jumbo cool-blue tt-button\" target=\"_blank\"> T\u00e9l\u00e9charger le PDF <\/a>","protected":false},"excerpt":{"rendered":"<p>300 Series Extruded (LLDPE) Hose Description OmegaFlex\u00ae extruded corrugated braided hose consists of corrugated 300 series 316L stainless steel hose with one layer of 304 stainless steel braid, with an outer jacket of Linear Low-Density Polyethylene (LLDPE), blue in color. Several end fitting configurations can be used on the 300 Series extruded (LLDPE) hose. After [&hellip;]<\/p>\n","protected":false},"author":5,"featured_media":0,"parent":3046,"menu_order":0,"comment_status":"open","ping_status":"closed","template":"page-template-right-sidebar.php","meta":{"_acf_changed":false,"footnotes":""},"class_list":["post-3443","page","type-page","status-publish","hentry"],"acf":[],"yoast_head":"<!-- This site is optimized with the Yoast SEO plugin v27.0 - https:\/\/yoast.com\/product\/yoast-seo-wordpress\/ -->\n<title>Stainless Hose (LLDPE) Extruded - OmegaFlex Industrial<\/title>\n<meta name=\"robots\" content=\"index, follow, max-snippet:-1, max-image-preview:large, max-video-preview:-1\" \/>\n<link rel=\"canonical\" href=\"https:\/\/omegaflex.com\/fr\/product-specifications\/stainless-hose-lldpe-extruded\/\" \/>\n<meta property=\"og:locale\" content=\"fr_CA\" \/>\n<meta property=\"og:type\" content=\"article\" \/>\n<meta property=\"og:title\" content=\"Stainless Hose (LLDPE) Extruded - OmegaFlex Industrial\" \/>\n<meta property=\"og:description\" content=\"300 Series Extruded (LLDPE) Hose Description OmegaFlex\u00ae extruded corrugated braided hose consists of corrugated 300 series 316L stainless steel hose with one layer of 304 stainless steel braid, with an outer jacket of Linear Low-Density Polyethylene (LLDPE), blue in color. Several end fitting configurations can be used on the 300 Series extruded (LLDPE) hose. After [&hellip;]\" \/>\n<meta property=\"og:url\" content=\"https:\/\/omegaflex.com\/fr\/product-specifications\/stainless-hose-lldpe-extruded\/\" \/>\n<meta property=\"og:site_name\" content=\"OmegaFlex Industrial\" \/>\n<meta property=\"article:modified_time\" content=\"2018-07-30T17:28:18+00:00\" \/>\n<meta property=\"og:image\" content=\"http:\/\/omegaflex.com\/wp-content\/uploads\/LLDPE-typical-hose-assembly-end-fitting.jpg\" \/>\n<meta name=\"twitter:label1\" content=\"Est. reading time\" \/>\n\t<meta name=\"twitter:data1\" content=\"1 minute\" \/>\n<script type=\"application\/ld+json\" class=\"yoast-schema-graph\">{\"@context\":\"https:\/\/schema.org\",\"@graph\":[{\"@type\":\"WebPage\",\"@id\":\"https:\/\/omegaflex.com\/product-specifications\/stainless-hose-lldpe-extruded\/\",\"url\":\"https:\/\/omegaflex.com\/product-specifications\/stainless-hose-lldpe-extruded\/\",\"name\":\"Stainless Hose (LLDPE) Extruded - OmegaFlex Industrial\",\"isPartOf\":{\"@id\":\"https:\/\/omegaflex.com\/#website\"},\"primaryImageOfPage\":{\"@id\":\"https:\/\/omegaflex.com\/product-specifications\/stainless-hose-lldpe-extruded\/#primaryimage\"},\"image\":{\"@id\":\"https:\/\/omegaflex.com\/product-specifications\/stainless-hose-lldpe-extruded\/#primaryimage\"},\"thumbnailUrl\":\"http:\/\/omegaflex.com\/wp-content\/uploads\/LLDPE-typical-hose-assembly-end-fitting.jpg\",\"datePublished\":\"2018-02-14T00:16:14+00:00\",\"dateModified\":\"2018-07-30T17:28:18+00:00\",\"breadcrumb\":{\"@id\":\"https:\/\/omegaflex.com\/product-specifications\/stainless-hose-lldpe-extruded\/#breadcrumb\"},\"inLanguage\":\"fr-CA\",\"potentialAction\":[{\"@type\":\"ReadAction\",\"target\":[\"https:\/\/omegaflex.com\/product-specifications\/stainless-hose-lldpe-extruded\/\"]}]},{\"@type\":\"ImageObject\",\"inLanguage\":\"fr-CA\",\"@id\":\"https:\/\/omegaflex.com\/product-specifications\/stainless-hose-lldpe-extruded\/#primaryimage\",\"url\":\"http:\/\/omegaflex.com\/wp-content\/uploads\/LLDPE-typical-hose-assembly-end-fitting.jpg\",\"contentUrl\":\"http:\/\/omegaflex.com\/wp-content\/uploads\/LLDPE-typical-hose-assembly-end-fitting.jpg\"},{\"@type\":\"BreadcrumbList\",\"@id\":\"https:\/\/omegaflex.com\/product-specifications\/stainless-hose-lldpe-extruded\/#breadcrumb\",\"itemListElement\":[{\"@type\":\"ListItem\",\"position\":1,\"name\":\"Home\",\"item\":\"https:\/\/omegaflex.com\/\"},{\"@type\":\"ListItem\",\"position\":2,\"name\":\"Product Specifications\",\"item\":\"https:\/\/omegaflex.com\/product-specifications\/\"},{\"@type\":\"ListItem\",\"position\":3,\"name\":\"Stainless Hose (LLDPE) Extruded\"}]},{\"@type\":\"WebSite\",\"@id\":\"https:\/\/omegaflex.com\/#website\",\"url\":\"https:\/\/omegaflex.com\/\",\"name\":\"OmegaFlex Industrial\",\"description\":\"\",\"potentialAction\":[{\"@type\":\"SearchAction\",\"target\":{\"@type\":\"EntryPoint\",\"urlTemplate\":\"https:\/\/omegaflex.com\/?s={search_term_string}\"},\"query-input\":{\"@type\":\"PropertyValueSpecification\",\"valueRequired\":true,\"valueName\":\"search_term_string\"}}],\"inLanguage\":\"fr-CA\"}]}<\/script>\n<!-- \/ Yoast SEO plugin. -->","yoast_head_json":{"title":"Tuyau inoxydable (LLDPE) extrud\u00e9 - OmegaFlex Industrial","robots":{"index":"index","follow":"follow","max-snippet":"max-snippet:-1","max-image-preview":"max-image-preview:large","max-video-preview":"max-video-preview:-1"},"canonical":"https:\/\/omegaflex.com\/fr\/product-specifications\/stainless-hose-lldpe-extruded\/","og_locale":"fr_CA","og_type":"article","og_title":"Stainless Hose (LLDPE) Extruded - OmegaFlex Industrial","og_description":"300 Series Extruded (LLDPE) Hose Description OmegaFlex\u00ae extruded corrugated braided hose consists of corrugated 300 series 316L stainless steel hose with one layer of 304 stainless steel braid, with an outer jacket of Linear Low-Density Polyethylene (LLDPE), blue in color. Several end fitting configurations can be used on the 300 Series extruded (LLDPE) hose. After [&hellip;]","og_url":"https:\/\/omegaflex.com\/fr\/product-specifications\/stainless-hose-lldpe-extruded\/","og_site_name":"OmegaFlex Industrial","article_modified_time":"2018-07-30T17:28:18+00:00","og_image":[{"url":"http:\/\/omegaflex.com\/wp-content\/uploads\/LLDPE-typical-hose-assembly-end-fitting.jpg","type":"","width":"","height":""}],"twitter_misc":{"Est. reading time":"1 minute"},"schema":{"@context":"https:\/\/schema.org","@graph":[{"@type":"WebPage","@id":"https:\/\/omegaflex.com\/product-specifications\/stainless-hose-lldpe-extruded\/","url":"https:\/\/omegaflex.com\/product-specifications\/stainless-hose-lldpe-extruded\/","name":"Tuyau inoxydable (LLDPE) extrud\u00e9 - OmegaFlex Industrial","isPartOf":{"@id":"https:\/\/omegaflex.com\/#website"},"primaryImageOfPage":{"@id":"https:\/\/omegaflex.com\/product-specifications\/stainless-hose-lldpe-extruded\/#primaryimage"},"image":{"@id":"https:\/\/omegaflex.com\/product-specifications\/stainless-hose-lldpe-extruded\/#primaryimage"},"thumbnailUrl":"http:\/\/omegaflex.com\/wp-content\/uploads\/LLDPE-typical-hose-assembly-end-fitting.jpg","datePublished":"2018-02-14T00:16:14+00:00","dateModified":"2018-07-30T17:28:18+00:00","breadcrumb":{"@id":"https:\/\/omegaflex.com\/product-specifications\/stainless-hose-lldpe-extruded\/#breadcrumb"},"inLanguage":"fr-CA","potentialAction":[{"@type":"ReadAction","target":["https:\/\/omegaflex.com\/product-specifications\/stainless-hose-lldpe-extruded\/"]}]},{"@type":"ImageObject","inLanguage":"fr-CA","@id":"https:\/\/omegaflex.com\/product-specifications\/stainless-hose-lldpe-extruded\/#primaryimage","url":"http:\/\/omegaflex.com\/wp-content\/uploads\/LLDPE-typical-hose-assembly-end-fitting.jpg","contentUrl":"http:\/\/omegaflex.com\/wp-content\/uploads\/LLDPE-typical-hose-assembly-end-fitting.jpg"},{"@type":"BreadcrumbList","@id":"https:\/\/omegaflex.com\/product-specifications\/stainless-hose-lldpe-extruded\/#breadcrumb","itemListElement":[{"@type":"ListItem","position":1,"name":"Home","item":"https:\/\/omegaflex.com\/"},{"@type":"ListItem","position":2,"name":"Product Specifications","item":"https:\/\/omegaflex.com\/product-specifications\/"},{"@type":"ListItem","position":3,"name":"Stainless Hose (LLDPE) Extruded"}]},{"@type":"WebSite","@id":"https:\/\/omegaflex.com\/#website","url":"https:\/\/omegaflex.com\/","name":"OmegaFlex Industrial","description":"","potentialAction":[{"@type":"SearchAction","target":{"@type":"EntryPoint","urlTemplate":"https:\/\/omegaflex.com\/?s={search_term_string}"},"query-input":{"@type":"PropertyValueSpecification","valueRequired":true,"valueName":"search_term_string"}}],"inLanguage":"fr-CA"}]}},"_links":{"self":[{"href":"http:\/\/omegaflex.com\/fr\/wp-json\/wp\/v2\/pages\/3443","targetHints":{"allow":["GET"]}}],"collection":[{"href":"http:\/\/omegaflex.com\/fr\/wp-json\/wp\/v2\/pages"}],"about":[{"href":"http:\/\/omegaflex.com\/fr\/wp-json\/wp\/v2\/types\/page"}],"author":[{"embeddable":true,"href":"http:\/\/omegaflex.com\/fr\/wp-json\/wp\/v2\/users\/5"}],"replies":[{"embeddable":true,"href":"http:\/\/omegaflex.com\/fr\/wp-json\/wp\/v2\/comments?post=3443"}],"version-history":[{"count":0,"href":"http:\/\/omegaflex.com\/fr\/wp-json\/wp\/v2\/pages\/3443\/revisions"}],"up":[{"embeddable":true,"href":"http:\/\/omegaflex.com\/fr\/wp-json\/wp\/v2\/pages\/3046"}],"wp:attachment":[{"href":"http:\/\/omegaflex.com\/fr\/wp-json\/wp\/v2\/media?parent=3443"}],"curies":[{"name":"wp","href":"https:\/\/api.w.org\/{rel}","templated":true}]}}