{"id":3452,"date":"2018-02-13T19:52:04","date_gmt":"2018-02-14T00:52:04","guid":{"rendered":"http:\/\/omegaflex.com\/?page_id=3452"},"modified":"2018-07-30T13:22:32","modified_gmt":"2018-07-30T17:22:32","slug":"chlorine-hose-assembly","status":"publish","type":"page","link":"http:\/\/omegaflex.com\/fr\/chlorine-hose-assembly\/","title":{"rendered":"Assemblage du tuyau de chlore"},"content":{"rendered":"<p>Le tuyau de chlore OmegaFlex\u00ae est constitu\u00e9 d'un tube ondul\u00e9 en alliage de Monel 400 avec une ou deux couches de tresse en Monel 400. Les raccords d'extr\u00e9mit\u00e9 sont des brides NPT en Monel de type 80 ou des brides Lap Joint en acier au carbone de type A avec des raccords NPT en Monel de type 80.<br \/>\nEmbouts en Monel. Un bo\u00eetier en acier inoxydable 304 recouvre l'ext\u00e9rieur de l'ensemble.<\/p>\n<p>Les tuyaux sont fabriqu\u00e9s conform\u00e9ment \u00e0 la brochure 6 de l'Institut du chlore.<\/p>\n<h2>Mat\u00e9riaux pour l'assemblage des tuyaux de chlore<\/h2>\n<p><strong>MAT\u00c9RIAU DU TUBE<\/strong>: Les tubes ondul\u00e9s en Monel 400 sont conformes \u00e0 la norme ASTM B-127, alliage de Monel UNS No. N04400.<br \/>\n<strong>MAT\u00c9RIAU DE LA TRESSE<\/strong>: Le fil Monel 400 est conforme \u00e0 la norme QQ-N-281 Rev D. Alliage Monel UNS No. N04400.<br \/>\n<strong>MAT\u00c9RIAU DE MONTAGE<\/strong>: Le tuyau Monel 400 schedule 80 est conforme \u00e0 la norme ASTM B-165, alliage Monel UNS No. N04400 ou<br \/>\nASTM A-105, ANSI B16.5 Class 300 Carbon Steel Lap Joint Flanges with Monel 400 stub ends conforming to ASTM B-366 (brides \u00e0 joint \u00e0 recouvrement en acier au carbone de classe 300 avec extr\u00e9mit\u00e9s en Monel 400 conformes \u00e0 l'ASTM B-366)<br \/>\n<strong>MAT\u00c9RIAU DE L'ENVELOPPE<\/strong>: 304L L'acier inoxydable est conforme \u00e0 la norme ASTM A-240, alliage 304L UNS No. S30403<br \/>\n<strong>RESSOURCES<\/strong>: The Chlorine Institute Pamphlet 6 - Tuyauterie pour le chlore sec<br \/>\n<strong>ISO 10380:2012 Tuyauterie<\/strong> - Tuyaux et assemblages de tuyaux en m\u00e9tal ondul\u00e9<br \/>\n<strong>NAHAD 400:2005<\/strong> - Directives de sp\u00e9cification pour les assemblages de tuyaux en m\u00e9tal ondul\u00e9<\/p>\n<h2>Temp\u00e9ratures de fonctionnement<\/h2>\n<p>De -40\u00b0F \u00e0 122\u00b0F<\/p>\n<h2>Assemblage de tuyaux pour le chlore avec raccords d'extr\u00e9mit\u00e9 Schedule 80 Npt<\/h2>\n<table class=\"no-border full-td-on-mobile\">\n<tbody>\n<tr>\n<td>\n<table id=\"tablepress-24\" class=\"tablepress tablepress-id-24 tp-collapse\">\n<thead>\n<tr class=\"row-1\">\n\t<th class=\"column-1\">Objet<\/th><th class=\"column-2\">Description<\/th><th class=\"column-3\">Mat\u00e9riau<\/th>\n<\/tr>\n<\/thead>\n<tbody>\n<tr class=\"row-2\">\n\t<td class=\"column-1\">1.<\/td><td class=\"column-2\">Annexe 80<br \/>\nTube NPT<\/td><td class=\"column-3\">Monel 400<\/td>\n<\/tr>\n<tr class=\"row-3\">\n\t<td class=\"column-1\">2.<\/td><td class=\"column-2\">Cl\u00e9 \u00c9crou<\/td><td class=\"column-3\">Acier au carbone<\/td>\n<\/tr>\n<tr class=\"row-4\">\n\t<td class=\"column-1\">3.<\/td><td class=\"column-2\">Colliers<\/td><td class=\"column-3\">Monel 400<\/td>\n<\/tr>\n<tr class=\"row-5\">\n\t<td class=\"column-1\">4.<\/td><td class=\"column-2\">Chafe<br \/>\nGarde<\/td><td class=\"column-3\">Inox 304L<br \/>\nAcier<\/td>\n<\/tr>\n<tr class=\"row-6\">\n\t<td class=\"column-1\">5.<\/td><td class=\"column-2\">1 ou 2 tresses<br \/>\nCouches<\/td><td class=\"column-3\">Monel 400<\/td>\n<\/tr>\n<tr class=\"row-7\">\n\t<td class=\"column-1\">6.<\/td><td class=\"column-2\">Tube ondul\u00e9<\/td><td class=\"column-3\">Monel 400<\/td>\n<\/tr>\n<\/tbody>\n<\/table>\n<!-- #tablepress-24 from cache --><\/td>\n<td><img loading=\"lazy\" decoding=\"async\" class=\"size-full wp-image-3455 aligncenter\" src=\"http:\/\/omegaflex.com\/wp-content\/uploads\/chlorine-hose-assembly-80-npt-end-fittings.jpg\" alt=\"\" width=\"384\" height=\"221\" srcset=\"https:\/\/omegaflex.com\/wp-content\/uploads\/chlorine-hose-assembly-80-npt-end-fittings.jpg 384w, https:\/\/omegaflex.com\/wp-content\/uploads\/chlorine-hose-assembly-80-npt-end-fittings-300x173.jpg 300w\" sizes=\"auto, (max-width: 384px) 100vw, 384px\" \/><\/td>\n<\/tr>\n<\/tbody>\n<\/table>\n<p>&nbsp;<\/p>\n<a href=\"http:\/\/omegaflex.com\/wp-content\/uploads\/omegaflex-hose-assembly-schedule80-npt.pdf\" class=\"jumbo cool-blue tt-button\" target=\"_blank\"> T\u00e9l\u00e9charger le PDF <\/a>","protected":false},"excerpt":{"rendered":"<p>The OmegaFlex\u00ae Chlorine Hose Assembly consists of corrugated Monel 400 alloy tubing with Monel 400 one or two layers of braid. End fittings are either schedule 80 Monel NPT or Type A carbon steel Lap Joint flanges with Monel stub ends. 304 stainless steel casing covers the outside of the assembly. The hose assemblies are [&hellip;]<\/p>\n","protected":false},"author":5,"featured_media":0,"parent":0,"menu_order":0,"comment_status":"open","ping_status":"closed","template":"page-template-right-sidebar.php","meta":{"_acf_changed":false,"footnotes":""},"class_list":["post-3452","page","type-page","status-publish","hentry"],"acf":[],"yoast_head":"<!-- This site is optimized with the Yoast SEO plugin v27.0 - https:\/\/yoast.com\/product\/yoast-seo-wordpress\/ -->\n<title>Chlorine Hose Assembly - OmegaFlex Industrial<\/title>\n<meta name=\"robots\" content=\"index, follow, max-snippet:-1, max-image-preview:large, max-video-preview:-1\" \/>\n<link rel=\"canonical\" href=\"https:\/\/omegaflex.com\/fr\/chlorine-hose-assembly\/\" \/>\n<meta property=\"og:locale\" content=\"fr_CA\" \/>\n<meta property=\"og:type\" content=\"article\" \/>\n<meta property=\"og:title\" content=\"Chlorine Hose Assembly - OmegaFlex Industrial\" \/>\n<meta property=\"og:description\" content=\"The OmegaFlex\u00ae Chlorine Hose Assembly consists of corrugated Monel 400 alloy tubing with Monel 400 one or two layers of braid. End fittings are either schedule 80 Monel NPT or Type A carbon steel Lap Joint flanges with Monel stub ends. 304 stainless steel casing covers the outside of the assembly. The hose assemblies are [&hellip;]\" \/>\n<meta property=\"og:url\" content=\"https:\/\/omegaflex.com\/fr\/chlorine-hose-assembly\/\" \/>\n<meta property=\"og:site_name\" content=\"OmegaFlex Industrial\" \/>\n<meta property=\"article:modified_time\" content=\"2018-07-30T17:22:32+00:00\" \/>\n<meta property=\"og:image\" content=\"http:\/\/omegaflex.com\/wp-content\/uploads\/chlorine-hose-assembly-80-npt-end-fittings.jpg\" \/>\n<meta name=\"twitter:label1\" content=\"Est. reading time\" \/>\n\t<meta name=\"twitter:data1\" content=\"1 minute\" \/>\n<script type=\"application\/ld+json\" class=\"yoast-schema-graph\">{\"@context\":\"https:\/\/schema.org\",\"@graph\":[{\"@type\":\"WebPage\",\"@id\":\"https:\/\/omegaflex.com\/chlorine-hose-assembly\/\",\"url\":\"https:\/\/omegaflex.com\/chlorine-hose-assembly\/\",\"name\":\"Chlorine Hose Assembly - OmegaFlex Industrial\",\"isPartOf\":{\"@id\":\"https:\/\/omegaflex.com\/#website\"},\"primaryImageOfPage\":{\"@id\":\"https:\/\/omegaflex.com\/chlorine-hose-assembly\/#primaryimage\"},\"image\":{\"@id\":\"https:\/\/omegaflex.com\/chlorine-hose-assembly\/#primaryimage\"},\"thumbnailUrl\":\"http:\/\/omegaflex.com\/wp-content\/uploads\/chlorine-hose-assembly-80-npt-end-fittings.jpg\",\"datePublished\":\"2018-02-14T00:52:04+00:00\",\"dateModified\":\"2018-07-30T17:22:32+00:00\",\"breadcrumb\":{\"@id\":\"https:\/\/omegaflex.com\/chlorine-hose-assembly\/#breadcrumb\"},\"inLanguage\":\"fr-CA\",\"potentialAction\":[{\"@type\":\"ReadAction\",\"target\":[\"https:\/\/omegaflex.com\/chlorine-hose-assembly\/\"]}]},{\"@type\":\"ImageObject\",\"inLanguage\":\"fr-CA\",\"@id\":\"https:\/\/omegaflex.com\/chlorine-hose-assembly\/#primaryimage\",\"url\":\"http:\/\/omegaflex.com\/wp-content\/uploads\/chlorine-hose-assembly-80-npt-end-fittings.jpg\",\"contentUrl\":\"http:\/\/omegaflex.com\/wp-content\/uploads\/chlorine-hose-assembly-80-npt-end-fittings.jpg\"},{\"@type\":\"BreadcrumbList\",\"@id\":\"https:\/\/omegaflex.com\/chlorine-hose-assembly\/#breadcrumb\",\"itemListElement\":[{\"@type\":\"ListItem\",\"position\":1,\"name\":\"Home\",\"item\":\"https:\/\/omegaflex.com\/\"},{\"@type\":\"ListItem\",\"position\":2,\"name\":\"Chlorine Hose Assembly\"}]},{\"@type\":\"WebSite\",\"@id\":\"https:\/\/omegaflex.com\/#website\",\"url\":\"https:\/\/omegaflex.com\/\",\"name\":\"OmegaFlex Industrial\",\"description\":\"\",\"potentialAction\":[{\"@type\":\"SearchAction\",\"target\":{\"@type\":\"EntryPoint\",\"urlTemplate\":\"https:\/\/omegaflex.com\/?s={search_term_string}\"},\"query-input\":{\"@type\":\"PropertyValueSpecification\",\"valueRequired\":true,\"valueName\":\"search_term_string\"}}],\"inLanguage\":\"fr-CA\"}]}<\/script>\n<!-- \/ Yoast SEO plugin. -->","yoast_head_json":{"title":"Assemblage de tuyaux pour le chlore - OmegaFlex Industrial","robots":{"index":"index","follow":"follow","max-snippet":"max-snippet:-1","max-image-preview":"max-image-preview:large","max-video-preview":"max-video-preview:-1"},"canonical":"https:\/\/omegaflex.com\/fr\/chlorine-hose-assembly\/","og_locale":"fr_CA","og_type":"article","og_title":"Chlorine Hose Assembly - OmegaFlex Industrial","og_description":"The OmegaFlex\u00ae Chlorine Hose Assembly consists of corrugated Monel 400 alloy tubing with Monel 400 one or two layers of braid. End fittings are either schedule 80 Monel NPT or Type A carbon steel Lap Joint flanges with Monel stub ends. 304 stainless steel casing covers the outside of the assembly. The hose assemblies are [&hellip;]","og_url":"https:\/\/omegaflex.com\/fr\/chlorine-hose-assembly\/","og_site_name":"OmegaFlex Industrial","article_modified_time":"2018-07-30T17:22:32+00:00","og_image":[{"url":"http:\/\/omegaflex.com\/wp-content\/uploads\/chlorine-hose-assembly-80-npt-end-fittings.jpg","type":"","width":"","height":""}],"twitter_misc":{"Est. reading time":"1 minute"},"schema":{"@context":"https:\/\/schema.org","@graph":[{"@type":"WebPage","@id":"https:\/\/omegaflex.com\/chlorine-hose-assembly\/","url":"https:\/\/omegaflex.com\/chlorine-hose-assembly\/","name":"Assemblage de tuyaux pour le chlore - OmegaFlex Industrial","isPartOf":{"@id":"https:\/\/omegaflex.com\/#website"},"primaryImageOfPage":{"@id":"https:\/\/omegaflex.com\/chlorine-hose-assembly\/#primaryimage"},"image":{"@id":"https:\/\/omegaflex.com\/chlorine-hose-assembly\/#primaryimage"},"thumbnailUrl":"http:\/\/omegaflex.com\/wp-content\/uploads\/chlorine-hose-assembly-80-npt-end-fittings.jpg","datePublished":"2018-02-14T00:52:04+00:00","dateModified":"2018-07-30T17:22:32+00:00","breadcrumb":{"@id":"https:\/\/omegaflex.com\/chlorine-hose-assembly\/#breadcrumb"},"inLanguage":"fr-CA","potentialAction":[{"@type":"ReadAction","target":["https:\/\/omegaflex.com\/chlorine-hose-assembly\/"]}]},{"@type":"ImageObject","inLanguage":"fr-CA","@id":"https:\/\/omegaflex.com\/chlorine-hose-assembly\/#primaryimage","url":"http:\/\/omegaflex.com\/wp-content\/uploads\/chlorine-hose-assembly-80-npt-end-fittings.jpg","contentUrl":"http:\/\/omegaflex.com\/wp-content\/uploads\/chlorine-hose-assembly-80-npt-end-fittings.jpg"},{"@type":"BreadcrumbList","@id":"https:\/\/omegaflex.com\/chlorine-hose-assembly\/#breadcrumb","itemListElement":[{"@type":"ListItem","position":1,"name":"Home","item":"https:\/\/omegaflex.com\/"},{"@type":"ListItem","position":2,"name":"Chlorine Hose Assembly"}]},{"@type":"WebSite","@id":"https:\/\/omegaflex.com\/#website","url":"https:\/\/omegaflex.com\/","name":"OmegaFlex Industrial","description":"","potentialAction":[{"@type":"SearchAction","target":{"@type":"EntryPoint","urlTemplate":"https:\/\/omegaflex.com\/?s={search_term_string}"},"query-input":{"@type":"PropertyValueSpecification","valueRequired":true,"valueName":"search_term_string"}}],"inLanguage":"fr-CA"}]}},"_links":{"self":[{"href":"http:\/\/omegaflex.com\/fr\/wp-json\/wp\/v2\/pages\/3452","targetHints":{"allow":["GET"]}}],"collection":[{"href":"http:\/\/omegaflex.com\/fr\/wp-json\/wp\/v2\/pages"}],"about":[{"href":"http:\/\/omegaflex.com\/fr\/wp-json\/wp\/v2\/types\/page"}],"author":[{"embeddable":true,"href":"http:\/\/omegaflex.com\/fr\/wp-json\/wp\/v2\/users\/5"}],"replies":[{"embeddable":true,"href":"http:\/\/omegaflex.com\/fr\/wp-json\/wp\/v2\/comments?post=3452"}],"version-history":[{"count":0,"href":"http:\/\/omegaflex.com\/fr\/wp-json\/wp\/v2\/pages\/3452\/revisions"}],"wp:attachment":[{"href":"http:\/\/omegaflex.com\/fr\/wp-json\/wp\/v2\/media?parent=3452"}],"curies":[{"name":"wp","href":"https:\/\/api.w.org\/{rel}","templated":true}]}}