{"id":3473,"date":"2018-02-14T00:41:44","date_gmt":"2018-02-14T05:41:44","guid":{"rendered":"http:\/\/omegaflex.com\/?page_id=3473"},"modified":"2018-07-30T13:17:01","modified_gmt":"2018-07-30T17:17:01","slug":"cleaning","status":"publish","type":"page","link":"http:\/\/omegaflex.com\/fr\/engineering-design\/cleaning\/","title":{"rendered":"Nettoyage"},"content":{"rendered":"<p>Des nettoyages sp\u00e9ciaux tels que l'oxyg\u00e8ne commercial, la r\u00e9duction de l'humidit\u00e9 et autres sont disponibles aupr\u00e8s d'OmegaFlex. Contactez OmegaFlex avec vos sp\u00e9cifications.<\/p>\n<a href=\"http:\/\/omegaflex.com\/wp-content\/uploads\/omegaflex-design-media-temperature-testing-cleaning.pdf\" class=\"jumbo cool-blue tt-button\" target=\"_blank\"> T\u00e9l\u00e9charger le PDF <\/a>","protected":false},"excerpt":{"rendered":"<p>Des nettoyages sp\u00e9ciaux tels que l'oxyg\u00e8ne commercial, la r\u00e9duction de l'humidit\u00e9 et autres sont disponibles aupr\u00e8s d'OmegaFlex. Contactez OmegaFlex avec vos sp\u00e9cifications.<\/p>","protected":false},"author":5,"featured_media":0,"parent":3048,"menu_order":0,"comment_status":"open","ping_status":"closed","template":"","meta":{"_acf_changed":false,"footnotes":""},"class_list":["post-3473","page","type-page","status-publish","hentry"],"acf":[],"yoast_head":"<!-- This site is optimized with the Yoast SEO plugin v27.0 - https:\/\/yoast.com\/product\/yoast-seo-wordpress\/ -->\n<title>Cleaning - OmegaFlex Industrial<\/title>\n<meta name=\"robots\" content=\"index, follow, max-snippet:-1, max-image-preview:large, max-video-preview:-1\" \/>\n<link rel=\"canonical\" href=\"https:\/\/omegaflex.com\/fr\/engineering-design\/cleaning\/\" \/>\n<meta property=\"og:locale\" content=\"fr_CA\" \/>\n<meta property=\"og:type\" content=\"article\" \/>\n<meta property=\"og:title\" content=\"Cleaning - OmegaFlex Industrial\" \/>\n<meta property=\"og:description\" content=\"Special cleaning such as commercial oxygen, moisture reduction and others are available from OmegaFlex. Contact OmegaFlex with your specifications.\" \/>\n<meta property=\"og:url\" content=\"https:\/\/omegaflex.com\/fr\/engineering-design\/cleaning\/\" \/>\n<meta property=\"og:site_name\" content=\"OmegaFlex Industrial\" \/>\n<meta property=\"article:modified_time\" content=\"2018-07-30T17:17:01+00:00\" \/>\n<script type=\"application\/ld+json\" class=\"yoast-schema-graph\">{\"@context\":\"https:\/\/schema.org\",\"@graph\":[{\"@type\":\"WebPage\",\"@id\":\"https:\/\/omegaflex.com\/engineering-design\/cleaning\/\",\"url\":\"https:\/\/omegaflex.com\/engineering-design\/cleaning\/\",\"name\":\"Cleaning - OmegaFlex Industrial\",\"isPartOf\":{\"@id\":\"https:\/\/omegaflex.com\/#website\"},\"datePublished\":\"2018-02-14T05:41:44+00:00\",\"dateModified\":\"2018-07-30T17:17:01+00:00\",\"breadcrumb\":{\"@id\":\"https:\/\/omegaflex.com\/engineering-design\/cleaning\/#breadcrumb\"},\"inLanguage\":\"fr-CA\",\"potentialAction\":[{\"@type\":\"ReadAction\",\"target\":[\"https:\/\/omegaflex.com\/engineering-design\/cleaning\/\"]}]},{\"@type\":\"BreadcrumbList\",\"@id\":\"https:\/\/omegaflex.com\/engineering-design\/cleaning\/#breadcrumb\",\"itemListElement\":[{\"@type\":\"ListItem\",\"position\":1,\"name\":\"Home\",\"item\":\"https:\/\/omegaflex.com\/\"},{\"@type\":\"ListItem\",\"position\":2,\"name\":\"Engineering &#038; Design\",\"item\":\"http:\/\/omegaflex.com\/engineering-design\/terminology\/\"},{\"@type\":\"ListItem\",\"position\":3,\"name\":\"Cleaning\"}]},{\"@type\":\"WebSite\",\"@id\":\"https:\/\/omegaflex.com\/#website\",\"url\":\"https:\/\/omegaflex.com\/\",\"name\":\"OmegaFlex Industrial\",\"description\":\"\",\"potentialAction\":[{\"@type\":\"SearchAction\",\"target\":{\"@type\":\"EntryPoint\",\"urlTemplate\":\"https:\/\/omegaflex.com\/?s={search_term_string}\"},\"query-input\":{\"@type\":\"PropertyValueSpecification\",\"valueRequired\":true,\"valueName\":\"search_term_string\"}}],\"inLanguage\":\"fr-CA\"}]}<\/script>\n<!-- \/ Yoast SEO plugin. -->","yoast_head_json":{"title":"Nettoyage - OmegaFlex Industrial","robots":{"index":"index","follow":"follow","max-snippet":"max-snippet:-1","max-image-preview":"max-image-preview:large","max-video-preview":"max-video-preview:-1"},"canonical":"https:\/\/omegaflex.com\/fr\/engineering-design\/cleaning\/","og_locale":"fr_CA","og_type":"article","og_title":"Cleaning - OmegaFlex Industrial","og_description":"Special cleaning such as commercial oxygen, moisture reduction and others are available from OmegaFlex. Contact OmegaFlex with your specifications.","og_url":"https:\/\/omegaflex.com\/fr\/engineering-design\/cleaning\/","og_site_name":"OmegaFlex Industrial","article_modified_time":"2018-07-30T17:17:01+00:00","schema":{"@context":"https:\/\/schema.org","@graph":[{"@type":"WebPage","@id":"https:\/\/omegaflex.com\/engineering-design\/cleaning\/","url":"https:\/\/omegaflex.com\/engineering-design\/cleaning\/","name":"Nettoyage - OmegaFlex Industrial","isPartOf":{"@id":"https:\/\/omegaflex.com\/#website"},"datePublished":"2018-02-14T05:41:44+00:00","dateModified":"2018-07-30T17:17:01+00:00","breadcrumb":{"@id":"https:\/\/omegaflex.com\/engineering-design\/cleaning\/#breadcrumb"},"inLanguage":"fr-CA","potentialAction":[{"@type":"ReadAction","target":["https:\/\/omegaflex.com\/engineering-design\/cleaning\/"]}]},{"@type":"BreadcrumbList","@id":"https:\/\/omegaflex.com\/engineering-design\/cleaning\/#breadcrumb","itemListElement":[{"@type":"ListItem","position":1,"name":"Home","item":"https:\/\/omegaflex.com\/"},{"@type":"ListItem","position":2,"name":"Engineering &#038; Design","item":"http:\/\/omegaflex.com\/engineering-design\/terminology\/"},{"@type":"ListItem","position":3,"name":"Cleaning"}]},{"@type":"WebSite","@id":"https:\/\/omegaflex.com\/#website","url":"https:\/\/omegaflex.com\/","name":"OmegaFlex Industrial","description":"","potentialAction":[{"@type":"SearchAction","target":{"@type":"EntryPoint","urlTemplate":"https:\/\/omegaflex.com\/?s={search_term_string}"},"query-input":{"@type":"PropertyValueSpecification","valueRequired":true,"valueName":"search_term_string"}}],"inLanguage":"fr-CA"}]}},"_links":{"self":[{"href":"http:\/\/omegaflex.com\/fr\/wp-json\/wp\/v2\/pages\/3473","targetHints":{"allow":["GET"]}}],"collection":[{"href":"http:\/\/omegaflex.com\/fr\/wp-json\/wp\/v2\/pages"}],"about":[{"href":"http:\/\/omegaflex.com\/fr\/wp-json\/wp\/v2\/types\/page"}],"author":[{"embeddable":true,"href":"http:\/\/omegaflex.com\/fr\/wp-json\/wp\/v2\/users\/5"}],"replies":[{"embeddable":true,"href":"http:\/\/omegaflex.com\/fr\/wp-json\/wp\/v2\/comments?post=3473"}],"version-history":[{"count":0,"href":"http:\/\/omegaflex.com\/fr\/wp-json\/wp\/v2\/pages\/3473\/revisions"}],"up":[{"embeddable":true,"href":"http:\/\/omegaflex.com\/fr\/wp-json\/wp\/v2\/pages\/3048"}],"wp:attachment":[{"href":"http:\/\/omegaflex.com\/fr\/wp-json\/wp\/v2\/media?parent=3473"}],"curies":[{"name":"wp","href":"https:\/\/api.w.org\/{rel}","templated":true}]}}