{"id":2568,"date":"2014-07-15T10:46:29","date_gmt":"2014-07-15T14:46:29","guid":{"rendered":"http:\/\/173.254.96.82\/~doublex0\/?page_id=2568"},"modified":"2023-12-21T11:51:33","modified_gmt":"2023-12-21T16:51:33","slug":"privacy-policy","status":"publish","type":"page","link":"https:\/\/omegaflex.com\/fr\/privacy-policy\/","title":{"rendered":"Politique de confidentialit\u00e9"},"content":{"rendered":"<h1>OmegaFlex, Inc. Politique de confidentialit\u00e9<\/h1>\n<p>Le pr\u00e9sent avis de confidentialit\u00e9 d\u00e9crit les pratiques en mati\u00e8re de protection de la vie priv\u00e9e pour ce site Web d\u00e9tenu et g\u00e9r\u00e9 par Omega Flex, Inc. Cet avis de confidentialit\u00e9 s'applique uniquement aux informations collect\u00e9es par ce site web. Il vous informera des \u00e9l\u00e9ments suivants :<\/p>\n<ul>\n<li>Quelles informations personnelles identifiables sont collect\u00e9es aupr\u00e8s de vous par le biais du site web, comment elles sont utilis\u00e9es et avec qui elles peuvent \u00eatre partag\u00e9es.<\/li>\n<li>Les choix qui vous sont offerts concernant l'utilisation de vos donn\u00e9es.<\/li>\n<li>Les proc\u00e9dures de s\u00e9curit\u00e9 mises en place pour prot\u00e9ger l'utilisation abusive de vos informations.<\/li>\n<li>la mani\u00e8re dont vous pouvez corriger toute inexactitude dans les informations.<\/li>\n<\/ul>\n<h2>Collecte, utilisation et partage d'informations<\/h2>\n<p>Nous sommes les seuls propri\u00e9taires des informations collect\u00e9es sur ce site. Nous n'avons acc\u00e8s qu'aux informations que vous nous communiquez volontairement par courrier \u00e9lectronique ou par tout autre contact direct. Nous ne vendrons ni ne louerons ces informations \u00e0 qui que ce soit.<\/p>\n<p>Nous utiliserons vos informations pour vous r\u00e9pondre sur la raison pour laquelle vous nous avez contact\u00e9s. Nous ne partagerons pas vos informations avec des tiers ext\u00e9rieurs \u00e0 notre organisation, sauf si cela est n\u00e9cessaire pour r\u00e9pondre \u00e0 votre demande.<\/p>\n<p>\u00c0 moins que vous ne nous demandiez de ne pas le faire, nous pourrons vous contacter \u00e0 l'avenir pour vous parler d'offres sp\u00e9ciales, de nouveaux produits ou services, ou de modifications apport\u00e9es \u00e0 la pr\u00e9sente politique de protection de la vie priv\u00e9e.<\/p>\n<h2>Liens<\/h2>\n<p>Ce site web contient des liens vers d'autres sites. Veuillez noter que nous ne sommes pas responsables du contenu ou des pratiques en mati\u00e8re de protection de la vie priv\u00e9e de ces autres sites. Nous encourageons nos utilisateurs \u00e0 \u00eatre attentifs lorsqu'ils quittent notre site et \u00e0 lire les d\u00e9clarations de confidentialit\u00e9 de tout autre site qui recueille des informations personnellement identifiables.<\/p>\n<h2>Enqu\u00eates et concours<\/h2>\n<p>De temps \u00e0 autre, notre site demande des informations par le biais d'enqu\u00eates ou de concours. La participation \u00e0 ces enqu\u00eates ou concours est totalement volontaire et vous pouvez choisir d'y participer ou non et donc de divulguer ces informations. Les informations demand\u00e9es peuvent inclure des informations de contact (telles que le nom et l'adresse de livraison) et des informations d\u00e9mographiques (telles que le code postal, le niveau d'\u00e2ge). Les coordonn\u00e9es seront utilis\u00e9es pour informer les gagnants et attribuer les prix. Les informations issues de l'enqu\u00eate seront utilis\u00e9es pour contr\u00f4ler ou am\u00e9liorer l'utilisation et la satisfaction de ce site et nos efforts de marketing en g\u00e9n\u00e9ral.<\/p>\n<h2>Votre acc\u00e8s et votre contr\u00f4le sur les informations<\/h2>\n<p>Vous pouvez \u00e0 tout moment refuser tout contact ult\u00e9rieur de notre part. Vous pouvez le faire \u00e0 tout moment en nous contactant via notre formulaire de contact ou le num\u00e9ro de t\u00e9l\u00e9phone indiqu\u00e9 ci-dessous :<\/p>\n<ul>\n<li style=\"list-style-type: none\">\n<ul>\n<li>Voir quelles sont les donn\u00e9es dont nous disposons \u00e0 votre sujet, le cas \u00e9ch\u00e9ant.<\/li>\n<li>Modifier\/corriger les donn\u00e9es que nous d\u00e9tenons \u00e0 votre sujet.<\/li>\n<li>Nous demander de supprimer toutes les donn\u00e9es que nous poss\u00e9dons \u00e0 votre sujet.<\/li>\n<li>Exprimer toute pr\u00e9occupation concernant l'utilisation que nous faisons de vos donn\u00e9es.<\/li>\n<\/ul>\n<\/li>\n<\/ul>\n<h2>S\u00e9curit\u00e9<\/h2>\n<p>Nous prenons des pr\u00e9cautions pour prot\u00e9ger vos informations. Lorsque vous soumettez des informations sensibles via le site web, celles-ci sont prot\u00e9g\u00e9es \u00e0 la fois en ligne et hors ligne.<\/p>\n<p>Bien que nous utilisions le cryptage pour prot\u00e9ger les informations sensibles transmises en ligne, nous prot\u00e9geons \u00e9galement vos informations hors ligne. Seuls les employ\u00e9s qui ont besoin de ces informations pour effectuer un travail sp\u00e9cifique (par exemple, la facturation ou le service \u00e0 la client\u00e8le) ont acc\u00e8s aux informations personnelles identifiables. Les ordinateurs\/serveurs dans lesquels nous stockons les informations personnellement identifiables sont conserv\u00e9s dans un environnement s\u00e9curis\u00e9.<\/p>\n<p>Certains de nos partenaires commerciaux peuvent utiliser des cookies sur notre site (par exemple, les annonceurs). Cependant, nous n'avons aucun acc\u00e8s ou contr\u00f4le sur ces cookies.<\/p>\n<p>Si vous estimez que nous ne respectons pas la pr\u00e9sente politique de confidentialit\u00e9, vous devez nous contacter imm\u00e9diatement par t\u00e9l\u00e9phone au 1-610-524-7282 ou par l'interm\u00e9diaire de notre site web.\u00a0<a href=\"\/fr\/contact\/\" target=\"_self\" rel=\"noopener\">formulaire de contact en ligne<\/a>.<\/p>","protected":false},"excerpt":{"rendered":"<p>OmegaFlex, Inc. Privacy Policy This privacy notice discloses the privacy practices for this website owned and managed by Omega Flex, Inc. This privacy notice applies solely to information collected by this website. It will notify you of the following: What personally identifiable information is collected from you through the website, how it is used and [&hellip;]<\/p>\n","protected":false},"author":5,"featured_media":0,"parent":0,"menu_order":0,"comment_status":"open","ping_status":"closed","template":"","meta":{"_acf_changed":false,"footnotes":""},"class_list":["post-2568","page","type-page","status-publish","hentry"],"acf":[],"yoast_head":"<!-- This site is optimized with the Yoast SEO plugin v27.0 - https:\/\/yoast.com\/product\/yoast-seo-wordpress\/ -->\n<title>Privacy Policy - OmegaFlex, Inc.<\/title>\n<meta name=\"description\" content=\"The OmegaFlex Privacy Policy describes how OmegaFlex, Inc. collects, uses and shares your information when you use our website.\" \/>\n<meta name=\"robots\" content=\"index, follow, max-snippet:-1, max-image-preview:large, max-video-preview:-1\" \/>\n<link rel=\"canonical\" href=\"https:\/\/omegaflex.com\/fr\/privacy-policy\/\" \/>\n<meta property=\"og:locale\" content=\"fr_CA\" \/>\n<meta property=\"og:type\" content=\"article\" \/>\n<meta property=\"og:title\" content=\"Privacy Policy - OmegaFlex, Inc.\" \/>\n<meta property=\"og:description\" content=\"The OmegaFlex Privacy Policy describes how OmegaFlex, Inc. collects, uses and shares your information when you use our website.\" \/>\n<meta property=\"og:url\" content=\"https:\/\/omegaflex.com\/fr\/privacy-policy\/\" \/>\n<meta property=\"og:site_name\" content=\"OmegaFlex Industrial\" \/>\n<meta property=\"article:modified_time\" content=\"2023-12-21T16:51:33+00:00\" \/>\n<meta name=\"twitter:label1\" content=\"Est. reading time\" \/>\n\t<meta name=\"twitter:data1\" content=\"3 minutes\" \/>\n<script type=\"application\/ld+json\" class=\"yoast-schema-graph\">{\"@context\":\"https:\/\/schema.org\",\"@graph\":[{\"@type\":\"WebPage\",\"@id\":\"https:\/\/omegaflex.com\/privacy-policy\/\",\"url\":\"https:\/\/omegaflex.com\/privacy-policy\/\",\"name\":\"Privacy Policy - OmegaFlex, Inc.\",\"isPartOf\":{\"@id\":\"https:\/\/omegaflex.com\/#website\"},\"datePublished\":\"2014-07-15T14:46:29+00:00\",\"dateModified\":\"2023-12-21T16:51:33+00:00\",\"description\":\"The OmegaFlex Privacy Policy describes how OmegaFlex, Inc. collects, uses and shares your information when you use our website.\",\"breadcrumb\":{\"@id\":\"https:\/\/omegaflex.com\/privacy-policy\/#breadcrumb\"},\"inLanguage\":\"fr-CA\",\"potentialAction\":[{\"@type\":\"ReadAction\",\"target\":[\"https:\/\/omegaflex.com\/privacy-policy\/\"]}]},{\"@type\":\"BreadcrumbList\",\"@id\":\"https:\/\/omegaflex.com\/privacy-policy\/#breadcrumb\",\"itemListElement\":[{\"@type\":\"ListItem\",\"position\":1,\"name\":\"Home\",\"item\":\"https:\/\/omegaflex.com\/\"},{\"@type\":\"ListItem\",\"position\":2,\"name\":\"Privacy Policy\"}]},{\"@type\":\"WebSite\",\"@id\":\"https:\/\/omegaflex.com\/#website\",\"url\":\"https:\/\/omegaflex.com\/\",\"name\":\"OmegaFlex Industrial\",\"description\":\"\",\"potentialAction\":[{\"@type\":\"SearchAction\",\"target\":{\"@type\":\"EntryPoint\",\"urlTemplate\":\"https:\/\/omegaflex.com\/?s={search_term_string}\"},\"query-input\":{\"@type\":\"PropertyValueSpecification\",\"valueRequired\":true,\"valueName\":\"search_term_string\"}}],\"inLanguage\":\"fr-CA\"}]}<\/script>\n<!-- \/ Yoast SEO plugin. -->","yoast_head_json":{"title":"Politique de confidentialit\u00e9 - OmegaFlex, Inc.","description":"La politique de confidentialit\u00e9 d'OmegaFlex d\u00e9crit comment OmegaFlex, Inc. recueille, utilise et partage vos informations lorsque vous utilisez notre site Web.","robots":{"index":"index","follow":"follow","max-snippet":"max-snippet:-1","max-image-preview":"max-image-preview:large","max-video-preview":"max-video-preview:-1"},"canonical":"https:\/\/omegaflex.com\/fr\/privacy-policy\/","og_locale":"fr_CA","og_type":"article","og_title":"Privacy Policy - OmegaFlex, Inc.","og_description":"The OmegaFlex Privacy Policy describes how OmegaFlex, Inc. collects, uses and shares your information when you use our website.","og_url":"https:\/\/omegaflex.com\/fr\/privacy-policy\/","og_site_name":"OmegaFlex Industrial","article_modified_time":"2023-12-21T16:51:33+00:00","twitter_misc":{"Est. reading time":"3 minutes"},"schema":{"@context":"https:\/\/schema.org","@graph":[{"@type":"WebPage","@id":"https:\/\/omegaflex.com\/privacy-policy\/","url":"https:\/\/omegaflex.com\/privacy-policy\/","name":"Politique de confidentialit\u00e9 - OmegaFlex, Inc.","isPartOf":{"@id":"https:\/\/omegaflex.com\/#website"},"datePublished":"2014-07-15T14:46:29+00:00","dateModified":"2023-12-21T16:51:33+00:00","description":"La politique de confidentialit\u00e9 d'OmegaFlex d\u00e9crit comment OmegaFlex, Inc. recueille, utilise et partage vos informations lorsque vous utilisez notre site Web.","breadcrumb":{"@id":"https:\/\/omegaflex.com\/privacy-policy\/#breadcrumb"},"inLanguage":"fr-CA","potentialAction":[{"@type":"ReadAction","target":["https:\/\/omegaflex.com\/privacy-policy\/"]}]},{"@type":"BreadcrumbList","@id":"https:\/\/omegaflex.com\/privacy-policy\/#breadcrumb","itemListElement":[{"@type":"ListItem","position":1,"name":"Home","item":"https:\/\/omegaflex.com\/"},{"@type":"ListItem","position":2,"name":"Privacy Policy"}]},{"@type":"WebSite","@id":"https:\/\/omegaflex.com\/#website","url":"https:\/\/omegaflex.com\/","name":"OmegaFlex Industrial","description":"","potentialAction":[{"@type":"SearchAction","target":{"@type":"EntryPoint","urlTemplate":"https:\/\/omegaflex.com\/?s={search_term_string}"},"query-input":{"@type":"PropertyValueSpecification","valueRequired":true,"valueName":"search_term_string"}}],"inLanguage":"fr-CA"}]}},"_links":{"self":[{"href":"https:\/\/omegaflex.com\/fr\/wp-json\/wp\/v2\/pages\/2568","targetHints":{"allow":["GET"]}}],"collection":[{"href":"https:\/\/omegaflex.com\/fr\/wp-json\/wp\/v2\/pages"}],"about":[{"href":"https:\/\/omegaflex.com\/fr\/wp-json\/wp\/v2\/types\/page"}],"author":[{"embeddable":true,"href":"https:\/\/omegaflex.com\/fr\/wp-json\/wp\/v2\/users\/5"}],"replies":[{"embeddable":true,"href":"https:\/\/omegaflex.com\/fr\/wp-json\/wp\/v2\/comments?post=2568"}],"version-history":[{"count":0,"href":"https:\/\/omegaflex.com\/fr\/wp-json\/wp\/v2\/pages\/2568\/revisions"}],"wp:attachment":[{"href":"https:\/\/omegaflex.com\/fr\/wp-json\/wp\/v2\/media?parent=2568"}],"curies":[{"name":"wp","href":"https:\/\/api.w.org\/{rel}","templated":true}]}}