{"id":3093,"date":"2017-08-28T21:34:01","date_gmt":"2017-08-29T01:34:01","guid":{"rendered":"http:\/\/omegaflex.com\/?page_id=3093"},"modified":"2018-07-25T06:17:56","modified_gmt":"2018-07-25T10:17:56","slug":"temperature","status":"publish","type":"page","link":"https:\/\/omegaflex.com\/fr\/engineering-design\/temperature\/","title":{"rendered":"Temp\u00e9rature"},"content":{"rendered":"<h5>Temp\u00e9rature de fonctionnement<\/h5>\n<p>Les mat\u00e9riaux de base ont des capacit\u00e9s de temp\u00e9rature uniques. Consulter le tableau des facteurs de correction de temp\u00e9rature pour conna\u00eetre les temp\u00e9ratures.<\/p>\n<h5>Temp\u00e9ratures d'excursion<\/h5>\n<p>Les temp\u00e9ratures de pointe ou de refoulement doivent \u00eatre prises en compte lors de la s\u00e9lection des mat\u00e9riaux appropri\u00e9s.<\/p>\n<a href=\"http:\/\/omegaflex.com\/wp-content\/uploads\/omegaflex-design-media-temperature-testing-cleaning.pdf\" class=\"jumbo cool-blue tt-button\" target=\"_blank\"> T\u00e9l\u00e9charger le PDF <\/a>","protected":false},"excerpt":{"rendered":"<p>Temp\u00e9rature de fonctionnement Les mat\u00e9riaux du noyau ont des capacit\u00e9s de temp\u00e9rature uniques. Consulter le tableau des facteurs de correction de la temp\u00e9rature pour conna\u00eetre les temp\u00e9ratures. Temp\u00e9ratures d'excursion Les temp\u00e9ratures d'excursion ou de renversement doivent \u00eatre prises en compte lors de la s\u00e9lection des mat\u00e9riaux appropri\u00e9s.<\/p>","protected":false},"author":5,"featured_media":0,"parent":3048,"menu_order":0,"comment_status":"open","ping_status":"closed","template":"page-template-right-sidebar.php","meta":{"_acf_changed":false,"footnotes":""},"class_list":["post-3093","page","type-page","status-publish","hentry"],"acf":[],"yoast_head":"<!-- This site is optimized with the Yoast SEO plugin v27.0 - https:\/\/yoast.com\/product\/yoast-seo-wordpress\/ -->\n<title>Temperature - OmegaFlex Industrial<\/title>\n<meta name=\"robots\" content=\"index, follow, max-snippet:-1, max-image-preview:large, max-video-preview:-1\" \/>\n<link rel=\"canonical\" href=\"https:\/\/omegaflex.com\/fr\/engineering-design\/temperature\/\" \/>\n<meta property=\"og:locale\" content=\"fr_CA\" \/>\n<meta property=\"og:type\" content=\"article\" \/>\n<meta property=\"og:title\" content=\"Temperature - OmegaFlex Industrial\" \/>\n<meta property=\"og:description\" content=\"Operating Temperature Core materials have unique temperature capabilities. Consult Temperature Correction Factor table for temperatures. Excursion Temperatures Surge or upset temperatures should be considered when selecting the proper materials.\" \/>\n<meta property=\"og:url\" content=\"https:\/\/omegaflex.com\/fr\/engineering-design\/temperature\/\" \/>\n<meta property=\"og:site_name\" content=\"OmegaFlex Industrial\" \/>\n<meta property=\"article:modified_time\" content=\"2018-07-25T10:17:56+00:00\" \/>\n<script type=\"application\/ld+json\" class=\"yoast-schema-graph\">{\"@context\":\"https:\/\/schema.org\",\"@graph\":[{\"@type\":\"WebPage\",\"@id\":\"https:\/\/omegaflex.com\/engineering-design\/temperature\/\",\"url\":\"https:\/\/omegaflex.com\/engineering-design\/temperature\/\",\"name\":\"Temperature - OmegaFlex Industrial\",\"isPartOf\":{\"@id\":\"https:\/\/omegaflex.com\/#website\"},\"datePublished\":\"2017-08-29T01:34:01+00:00\",\"dateModified\":\"2018-07-25T10:17:56+00:00\",\"breadcrumb\":{\"@id\":\"https:\/\/omegaflex.com\/engineering-design\/temperature\/#breadcrumb\"},\"inLanguage\":\"fr-CA\",\"potentialAction\":[{\"@type\":\"ReadAction\",\"target\":[\"https:\/\/omegaflex.com\/engineering-design\/temperature\/\"]}]},{\"@type\":\"BreadcrumbList\",\"@id\":\"https:\/\/omegaflex.com\/engineering-design\/temperature\/#breadcrumb\",\"itemListElement\":[{\"@type\":\"ListItem\",\"position\":1,\"name\":\"Home\",\"item\":\"https:\/\/omegaflex.com\/\"},{\"@type\":\"ListItem\",\"position\":2,\"name\":\"Engineering &#038; Design\",\"item\":\"http:\/\/omegaflex.com\/engineering-design\/terminology\/\"},{\"@type\":\"ListItem\",\"position\":3,\"name\":\"Temperature\"}]},{\"@type\":\"WebSite\",\"@id\":\"https:\/\/omegaflex.com\/#website\",\"url\":\"https:\/\/omegaflex.com\/\",\"name\":\"OmegaFlex Industrial\",\"description\":\"\",\"potentialAction\":[{\"@type\":\"SearchAction\",\"target\":{\"@type\":\"EntryPoint\",\"urlTemplate\":\"https:\/\/omegaflex.com\/?s={search_term_string}\"},\"query-input\":{\"@type\":\"PropertyValueSpecification\",\"valueRequired\":true,\"valueName\":\"search_term_string\"}}],\"inLanguage\":\"fr-CA\"}]}<\/script>\n<!-- \/ Yoast SEO plugin. -->","yoast_head_json":{"title":"Temp\u00e9rature - OmegaFlex Industrial","robots":{"index":"index","follow":"follow","max-snippet":"max-snippet:-1","max-image-preview":"max-image-preview:large","max-video-preview":"max-video-preview:-1"},"canonical":"https:\/\/omegaflex.com\/fr\/engineering-design\/temperature\/","og_locale":"fr_CA","og_type":"article","og_title":"Temperature - OmegaFlex Industrial","og_description":"Operating Temperature Core materials have unique temperature capabilities. Consult Temperature Correction Factor table for temperatures. Excursion Temperatures Surge or upset temperatures should be considered when selecting the proper materials.","og_url":"https:\/\/omegaflex.com\/fr\/engineering-design\/temperature\/","og_site_name":"OmegaFlex Industrial","article_modified_time":"2018-07-25T10:17:56+00:00","schema":{"@context":"https:\/\/schema.org","@graph":[{"@type":"WebPage","@id":"https:\/\/omegaflex.com\/engineering-design\/temperature\/","url":"https:\/\/omegaflex.com\/engineering-design\/temperature\/","name":"Temp\u00e9rature - OmegaFlex Industrial","isPartOf":{"@id":"https:\/\/omegaflex.com\/#website"},"datePublished":"2017-08-29T01:34:01+00:00","dateModified":"2018-07-25T10:17:56+00:00","breadcrumb":{"@id":"https:\/\/omegaflex.com\/engineering-design\/temperature\/#breadcrumb"},"inLanguage":"fr-CA","potentialAction":[{"@type":"ReadAction","target":["https:\/\/omegaflex.com\/engineering-design\/temperature\/"]}]},{"@type":"BreadcrumbList","@id":"https:\/\/omegaflex.com\/engineering-design\/temperature\/#breadcrumb","itemListElement":[{"@type":"ListItem","position":1,"name":"Home","item":"https:\/\/omegaflex.com\/"},{"@type":"ListItem","position":2,"name":"Engineering &#038; Design","item":"http:\/\/omegaflex.com\/engineering-design\/terminology\/"},{"@type":"ListItem","position":3,"name":"Temperature"}]},{"@type":"WebSite","@id":"https:\/\/omegaflex.com\/#website","url":"https:\/\/omegaflex.com\/","name":"OmegaFlex Industrial","description":"","potentialAction":[{"@type":"SearchAction","target":{"@type":"EntryPoint","urlTemplate":"https:\/\/omegaflex.com\/?s={search_term_string}"},"query-input":{"@type":"PropertyValueSpecification","valueRequired":true,"valueName":"search_term_string"}}],"inLanguage":"fr-CA"}]}},"_links":{"self":[{"href":"https:\/\/omegaflex.com\/fr\/wp-json\/wp\/v2\/pages\/3093","targetHints":{"allow":["GET"]}}],"collection":[{"href":"https:\/\/omegaflex.com\/fr\/wp-json\/wp\/v2\/pages"}],"about":[{"href":"https:\/\/omegaflex.com\/fr\/wp-json\/wp\/v2\/types\/page"}],"author":[{"embeddable":true,"href":"https:\/\/omegaflex.com\/fr\/wp-json\/wp\/v2\/users\/5"}],"replies":[{"embeddable":true,"href":"https:\/\/omegaflex.com\/fr\/wp-json\/wp\/v2\/comments?post=3093"}],"version-history":[{"count":0,"href":"https:\/\/omegaflex.com\/fr\/wp-json\/wp\/v2\/pages\/3093\/revisions"}],"up":[{"embeddable":true,"href":"https:\/\/omegaflex.com\/fr\/wp-json\/wp\/v2\/pages\/3048"}],"wp:attachment":[{"href":"https:\/\/omegaflex.com\/fr\/wp-json\/wp\/v2\/media?parent=3093"}],"curies":[{"name":"wp","href":"https:\/\/api.w.org\/{rel}","templated":true}]}}