{"id":3225,"date":"2017-08-30T01:44:13","date_gmt":"2017-08-30T05:44:13","guid":{"rendered":"http:\/\/omegaflex.com\/?page_id=3225"},"modified":"2018-07-25T06:17:51","modified_gmt":"2018-07-25T10:17:51","slug":"radial-movement","status":"publish","type":"page","link":"https:\/\/omegaflex.com\/fr\/engineering-design\/motion\/radial-movement\/","title":{"rendered":"Mouvement radial"},"content":{"rendered":"<p>Ce type de mouvement se produit lorsque les tuyaux sont pli\u00e9s dans un arc de 180\u00b0, comme dans les boucles de d\u00e9placement verticales ou horizontales. Les boucles de d\u00e9placement sont class\u00e9es dans la cat\u00e9gorie \"A\" lorsque le rayon de courbure reste constant et que l'une des extr\u00e9mit\u00e9s du tuyau se d\u00e9place parall\u00e8lement \u00e0 l'autre.<\/p>\n<p>Dans une boucle de d\u00e9placement de classe \"B\", le tuyau est install\u00e9 en forme de U et les extr\u00e9mit\u00e9s se d\u00e9placent perpendiculairement l'une \u00e0 l'autre de mani\u00e8re \u00e0 agrandir ou \u00e0 r\u00e9duire la largeur de la boucle.<\/p>\n<p>Les boucles de d\u00e9placement horizontales doivent \u00eatre soutenues par le pied inf\u00e9rieur du tuyau afin d'\u00e9viter toute contrainte excessive sur l'extr\u00e9mit\u00e9 du tuyau. Le poids du tuyau et du produit \u00e0 l'int\u00e9rieur du tuyau r\u00e9duira la capacit\u00e9 de pression du tuyau. Les charges de poids doivent \u00eatre prises en compte lors de la conception d'assemblages de tuyaux m\u00e9talliques ondul\u00e9s pour les applications de boucles mobiles.<\/p>\n<table>\n<tbody>\n<tr>\n<td style=\"text-align: center\"><strong>Boucles itin\u00e9rantes de classe A<\/strong><\/td>\n<td style=\"text-align: center\"><strong>Boucles de d\u00e9placement de classe B<\/strong><\/td>\n<\/tr>\n<tr>\n<td><img loading=\"lazy\" decoding=\"async\" class=\"size-full wp-image-3229 aligncenter\" src=\"http:\/\/omegaflex.com\/wp-content\/uploads\/classa.gif\" alt=\"classa\" width=\"240\" height=\"498\" \/><\/td>\n<td style=\"text-align: center\"><img loading=\"lazy\" decoding=\"async\" class=\"size-full wp-image-3230 aligncenter\" src=\"http:\/\/omegaflex.com\/wp-content\/uploads\/classb.gif\" alt=\"classb\" width=\"260\" height=\"566\" \/><\/td>\n<\/tr>\n<\/tbody>\n<\/table>\n<p>&nbsp;<\/p>\n<p><strong>T<\/strong> = Course totale (pouces)<br \/>\n<strong>R<\/strong> = Rayon de courbure de l'axe central (pouces)<br \/>\n<strong>L<\/strong> = Longueur utile du tuyau (pouces)<br \/>\n<strong>K<\/strong> = Longueur de la boucle (pouces)<\/p>\n<a href=\"http:\/\/omegaflex.com\/wp-content\/uploads\/omegaflex-design-motion.pdf\" class=\"jumbo cool-blue tt-button\" target=\"_blank\"> T\u00e9l\u00e9charger le PDF <\/a>","protected":false},"excerpt":{"rendered":"<p>This type of movement occurs when hoses are bent in a 180\u00b0 arc such as in vertical or horizontal traveling loops. Traveling loops are classified as Class &#8220;A&#8221; where the bend radius remains constant and the one end of the hose moves parallel to the other end. A Class &#8220;B&#8221; traveling loop has the hose [&hellip;]<\/p>\n","protected":false},"author":5,"featured_media":0,"parent":3088,"menu_order":0,"comment_status":"open","ping_status":"closed","template":"page-template-right-sidebar.php","meta":{"_acf_changed":false,"footnotes":""},"class_list":["post-3225","page","type-page","status-publish","hentry"],"acf":[],"yoast_head":"<!-- This site is optimized with the Yoast SEO plugin v27.0 - https:\/\/yoast.com\/product\/yoast-seo-wordpress\/ -->\n<title>Radial Movement - OmegaFlex Industrial<\/title>\n<meta name=\"robots\" content=\"index, follow, max-snippet:-1, max-image-preview:large, max-video-preview:-1\" \/>\n<link rel=\"canonical\" href=\"https:\/\/omegaflex.com\/fr\/engineering-design\/motion\/radial-movement\/\" \/>\n<meta property=\"og:locale\" content=\"fr_CA\" \/>\n<meta property=\"og:type\" content=\"article\" \/>\n<meta property=\"og:title\" content=\"Radial Movement - OmegaFlex Industrial\" \/>\n<meta property=\"og:description\" content=\"This type of movement occurs when hoses are bent in a 180\u00b0 arc such as in vertical or horizontal traveling loops. Traveling loops are classified as Class &#8220;A&#8221; where the bend radius remains constant and the one end of the hose moves parallel to the other end. A Class &#8220;B&#8221; traveling loop has the hose [&hellip;]\" \/>\n<meta property=\"og:url\" content=\"https:\/\/omegaflex.com\/fr\/engineering-design\/motion\/radial-movement\/\" \/>\n<meta property=\"og:site_name\" content=\"OmegaFlex Industrial\" \/>\n<meta property=\"article:modified_time\" content=\"2018-07-25T10:17:51+00:00\" \/>\n<meta property=\"og:image\" content=\"http:\/\/omegaflex.com\/wp-content\/uploads\/classa.gif\" \/>\n<meta name=\"twitter:label1\" content=\"Est. reading time\" \/>\n\t<meta name=\"twitter:data1\" content=\"1 minute\" \/>\n<script type=\"application\/ld+json\" class=\"yoast-schema-graph\">{\"@context\":\"https:\/\/schema.org\",\"@graph\":[{\"@type\":\"WebPage\",\"@id\":\"https:\/\/omegaflex.com\/engineering-design\/motion\/radial-movement\/\",\"url\":\"https:\/\/omegaflex.com\/engineering-design\/motion\/radial-movement\/\",\"name\":\"Radial Movement - OmegaFlex Industrial\",\"isPartOf\":{\"@id\":\"https:\/\/omegaflex.com\/#website\"},\"primaryImageOfPage\":{\"@id\":\"https:\/\/omegaflex.com\/engineering-design\/motion\/radial-movement\/#primaryimage\"},\"image\":{\"@id\":\"https:\/\/omegaflex.com\/engineering-design\/motion\/radial-movement\/#primaryimage\"},\"thumbnailUrl\":\"http:\/\/omegaflex.com\/wp-content\/uploads\/classa.gif\",\"datePublished\":\"2017-08-30T05:44:13+00:00\",\"dateModified\":\"2018-07-25T10:17:51+00:00\",\"breadcrumb\":{\"@id\":\"https:\/\/omegaflex.com\/engineering-design\/motion\/radial-movement\/#breadcrumb\"},\"inLanguage\":\"fr-CA\",\"potentialAction\":[{\"@type\":\"ReadAction\",\"target\":[\"https:\/\/omegaflex.com\/engineering-design\/motion\/radial-movement\/\"]}]},{\"@type\":\"ImageObject\",\"inLanguage\":\"fr-CA\",\"@id\":\"https:\/\/omegaflex.com\/engineering-design\/motion\/radial-movement\/#primaryimage\",\"url\":\"http:\/\/omegaflex.com\/wp-content\/uploads\/classa.gif\",\"contentUrl\":\"http:\/\/omegaflex.com\/wp-content\/uploads\/classa.gif\"},{\"@type\":\"BreadcrumbList\",\"@id\":\"https:\/\/omegaflex.com\/engineering-design\/motion\/radial-movement\/#breadcrumb\",\"itemListElement\":[{\"@type\":\"ListItem\",\"position\":1,\"name\":\"Home\",\"item\":\"https:\/\/omegaflex.com\/\"},{\"@type\":\"ListItem\",\"position\":2,\"name\":\"Engineering &#038; Design\",\"item\":\"http:\/\/omegaflex.com\/engineering-design\/terminology\/\"},{\"@type\":\"ListItem\",\"position\":3,\"name\":\"Motion\",\"item\":\"https:\/\/omegaflex.com\/engineering-design\/motion\/\"},{\"@type\":\"ListItem\",\"position\":4,\"name\":\"Radial Movement\"}]},{\"@type\":\"WebSite\",\"@id\":\"https:\/\/omegaflex.com\/#website\",\"url\":\"https:\/\/omegaflex.com\/\",\"name\":\"OmegaFlex Industrial\",\"description\":\"\",\"potentialAction\":[{\"@type\":\"SearchAction\",\"target\":{\"@type\":\"EntryPoint\",\"urlTemplate\":\"https:\/\/omegaflex.com\/?s={search_term_string}\"},\"query-input\":{\"@type\":\"PropertyValueSpecification\",\"valueRequired\":true,\"valueName\":\"search_term_string\"}}],\"inLanguage\":\"fr-CA\"}]}<\/script>\n<!-- \/ Yoast SEO plugin. -->","yoast_head_json":{"title":"Mouvement radial - OmegaFlex Industrial","robots":{"index":"index","follow":"follow","max-snippet":"max-snippet:-1","max-image-preview":"max-image-preview:large","max-video-preview":"max-video-preview:-1"},"canonical":"https:\/\/omegaflex.com\/fr\/engineering-design\/motion\/radial-movement\/","og_locale":"fr_CA","og_type":"article","og_title":"Radial Movement - OmegaFlex Industrial","og_description":"This type of movement occurs when hoses are bent in a 180\u00b0 arc such as in vertical or horizontal traveling loops. Traveling loops are classified as Class &#8220;A&#8221; where the bend radius remains constant and the one end of the hose moves parallel to the other end. A Class &#8220;B&#8221; traveling loop has the hose [&hellip;]","og_url":"https:\/\/omegaflex.com\/fr\/engineering-design\/motion\/radial-movement\/","og_site_name":"OmegaFlex Industrial","article_modified_time":"2018-07-25T10:17:51+00:00","og_image":[{"url":"http:\/\/omegaflex.com\/wp-content\/uploads\/classa.gif","type":"","width":"","height":""}],"twitter_misc":{"Est. reading time":"1 minute"},"schema":{"@context":"https:\/\/schema.org","@graph":[{"@type":"WebPage","@id":"https:\/\/omegaflex.com\/engineering-design\/motion\/radial-movement\/","url":"https:\/\/omegaflex.com\/engineering-design\/motion\/radial-movement\/","name":"Mouvement radial - OmegaFlex Industrial","isPartOf":{"@id":"https:\/\/omegaflex.com\/#website"},"primaryImageOfPage":{"@id":"https:\/\/omegaflex.com\/engineering-design\/motion\/radial-movement\/#primaryimage"},"image":{"@id":"https:\/\/omegaflex.com\/engineering-design\/motion\/radial-movement\/#primaryimage"},"thumbnailUrl":"http:\/\/omegaflex.com\/wp-content\/uploads\/classa.gif","datePublished":"2017-08-30T05:44:13+00:00","dateModified":"2018-07-25T10:17:51+00:00","breadcrumb":{"@id":"https:\/\/omegaflex.com\/engineering-design\/motion\/radial-movement\/#breadcrumb"},"inLanguage":"fr-CA","potentialAction":[{"@type":"ReadAction","target":["https:\/\/omegaflex.com\/engineering-design\/motion\/radial-movement\/"]}]},{"@type":"ImageObject","inLanguage":"fr-CA","@id":"https:\/\/omegaflex.com\/engineering-design\/motion\/radial-movement\/#primaryimage","url":"http:\/\/omegaflex.com\/wp-content\/uploads\/classa.gif","contentUrl":"http:\/\/omegaflex.com\/wp-content\/uploads\/classa.gif"},{"@type":"BreadcrumbList","@id":"https:\/\/omegaflex.com\/engineering-design\/motion\/radial-movement\/#breadcrumb","itemListElement":[{"@type":"ListItem","position":1,"name":"Home","item":"https:\/\/omegaflex.com\/"},{"@type":"ListItem","position":2,"name":"Engineering &#038; Design","item":"http:\/\/omegaflex.com\/engineering-design\/terminology\/"},{"@type":"ListItem","position":3,"name":"Motion","item":"https:\/\/omegaflex.com\/engineering-design\/motion\/"},{"@type":"ListItem","position":4,"name":"Radial Movement"}]},{"@type":"WebSite","@id":"https:\/\/omegaflex.com\/#website","url":"https:\/\/omegaflex.com\/","name":"OmegaFlex Industrial","description":"","potentialAction":[{"@type":"SearchAction","target":{"@type":"EntryPoint","urlTemplate":"https:\/\/omegaflex.com\/?s={search_term_string}"},"query-input":{"@type":"PropertyValueSpecification","valueRequired":true,"valueName":"search_term_string"}}],"inLanguage":"fr-CA"}]}},"_links":{"self":[{"href":"https:\/\/omegaflex.com\/fr\/wp-json\/wp\/v2\/pages\/3225","targetHints":{"allow":["GET"]}}],"collection":[{"href":"https:\/\/omegaflex.com\/fr\/wp-json\/wp\/v2\/pages"}],"about":[{"href":"https:\/\/omegaflex.com\/fr\/wp-json\/wp\/v2\/types\/page"}],"author":[{"embeddable":true,"href":"https:\/\/omegaflex.com\/fr\/wp-json\/wp\/v2\/users\/5"}],"replies":[{"embeddable":true,"href":"https:\/\/omegaflex.com\/fr\/wp-json\/wp\/v2\/comments?post=3225"}],"version-history":[{"count":0,"href":"https:\/\/omegaflex.com\/fr\/wp-json\/wp\/v2\/pages\/3225\/revisions"}],"up":[{"embeddable":true,"href":"https:\/\/omegaflex.com\/fr\/wp-json\/wp\/v2\/pages\/3088"}],"wp:attachment":[{"href":"https:\/\/omegaflex.com\/fr\/wp-json\/wp\/v2\/media?parent=3225"}],"curies":[{"name":"wp","href":"https:\/\/api.w.org\/{rel}","templated":true}]}}