{"id":3370,"date":"2018-02-12T20:25:55","date_gmt":"2018-02-13T01:25:55","guid":{"rendered":"http:\/\/omegaflex.com\/?page_id=3370"},"modified":"2018-07-26T20:36:36","modified_gmt":"2018-07-27T00:36:36","slug":"stainless-tubular-braided-braid","status":"publish","type":"page","link":"https:\/\/omegaflex.com\/fr\/product-specifications\/stainless-tubular-braided-braid\/","title":{"rendered":"Tubulaires et tresses en acier inoxydable"},"content":{"rendered":"<h2>S\u00e9rie 300<\/h2>\n<ul>\n<li>Les mat\u00e9riaux disponibles sont l'acier inoxydable 304, 321 et 316.<\/li>\n<li>Large gamme de constructions comprenant des mod\u00e8les \u00e0 24, 36, 48, 72, 96 et 128 supports<\/li>\n<li>Propre et sans huile<\/li>\n<li>La texture souple permet de couper facilement les tuyaux et de les assembler plus rapidement.<\/li>\n<li>De grandes longueurs de broyage pour moins de d\u00e9chets<\/li>\n<li>Con\u00e7u pour une couverture optimale du tuyau<\/li>\n<li>Fabriqu\u00e9 sur des mandrins de tuyau OmegaFlex pour garantir un angle de tressage correct.<\/li>\n<li>Le tressage sur mesure selon les sp\u00e9cifications du client est disponible en acier inoxydable 304, 321 et 316L, en bronze, en monel, en alliages exotiques et en mat\u00e9riaux synth\u00e9tiques.<\/li>\n<\/ul>\n<h2>Tresse tubulaire pour tuyaux de la s\u00e9rie 300 - Acier inoxydable T304, T321 et T316<\/h2>\n\n<table id=\"tablepress-5\" class=\"tablepress tablepress-id-5 tp-collapse\">\n<thead>\n<tr class=\"row-1\">\n\t<th class=\"column-1\">Nominal<br \/>\nTuyau<br \/>\nTaille (po)<\/th><th class=\"column-2\">Diam\u00e8tre<br \/>\nTaille du tuyau<br \/>\n(DN)<\/th><th class=\"column-3\">Tresse<br \/>\nLa construction<\/th><th class=\"column-4\">Tresse I.D.<br \/>\n(in.)<\/th><th class=\"column-5\">Tresse<br \/>\nCouverture<br \/>\n(%)<\/th><th class=\"column-6\">Max. Travail<br \/>\nPression \u00e0<br \/>\n70\u00b0F (PSIG)<sup>b<\/sup><\/th><th class=\"column-7\">Poids<br \/>\nPar pied<br \/>\n(lb.)<\/th><th class=\"column-8\">Typique<br \/>\nLongueur du moulin<br \/>\n(ft.)<sup>c<\/sup><\/th>\n<\/tr>\n<\/thead>\n<tbody class=\"row-striping row-hover\">\n<tr class=\"row-2\">\n\t<td class=\"column-1\">\u00bc<\/td><td class=\"column-2\">8<\/td><td class=\"column-3\">24 x 6 x .012<\/td><td class=\"column-4\"> 0.46<\/td><td class=\"column-5\">90<\/td><td class=\"column-6\">2375<\/td><td class=\"column-7\">0.065<\/td><td class=\"column-8\">30-100<\/td>\n<\/tr>\n<tr class=\"row-3\">\n\t<td class=\"column-1\">3\u20448<\/td><td class=\"column-2\">10<\/td><td class=\"column-3\">24 x 8 x .012<\/td><td class=\"column-4\">0.61<\/td><td class=\"column-5\"> 94<\/td><td class=\"column-6\">1650<\/td><td class=\"column-7\">0.098<\/td><td class=\"column-8\">30-100<\/td>\n<\/tr>\n<tr class=\"row-4\">\n\t<td class=\"column-1\">\u00bd<\/td><td class=\"column-2\">15<\/td><td class=\"column-3\"> 24 x 8 x .012<\/td><td class=\"column-4\">0.76<\/td><td class=\"column-5\">86<\/td><td class=\"column-6\">1100<\/td><td class=\"column-7\">0.101 <\/td><td class=\"column-8\">30-100<\/td>\n<\/tr>\n<tr class=\"row-5\">\n\t<td class=\"column-1\">\u00be<\/td><td class=\"column-2\">20<\/td><td class=\"column-3\"> 36 x 8 x .012<\/td><td class=\"column-4\">1.05<\/td><td class=\"column-5\">90<\/td><td class=\"column-6\">800<\/td><td class=\"column-7\">0.143<\/td><td class=\"column-8\">30-100<\/td>\n<\/tr>\n<tr class=\"row-6\">\n\t<td class=\"column-1\">1<\/td><td class=\"column-2\">25<\/td><td class=\"column-3\">36 x 8 x .016<\/td><td class=\"column-4\"> 1.34<\/td><td class=\"column-5\">88<\/td><td class=\"column-6\">750<\/td><td class=\"column-7\">0.268<\/td><td class=\"column-8\">30-100<\/td>\n<\/tr>\n<tr class=\"row-7\">\n\t<td class=\"column-1\">1\u00bc<\/td><td class=\"column-2\">32<\/td><td class=\"column-3\">48 x 8 x .016<\/td><td class=\"column-4\"> 1.64<\/td><td class=\"column-5\"> 97<\/td><td class=\"column-6\">725<\/td><td class=\"column-7\">0.375<\/td><td class=\"column-8\">30-60<\/td>\n<\/tr>\n<tr class=\"row-8\">\n\t<td class=\"column-1\">1\u00bd<\/td><td class=\"column-2\">40<\/td><td class=\"column-3\">48 x 8 x .016<\/td><td class=\"column-4\"> 1.89<\/td><td class=\"column-5\"> 96<\/td><td class=\"column-6\">565<\/td><td class=\"column-7\">0.377<\/td><td class=\"column-8\">30-60<\/td>\n<\/tr>\n<tr class=\"row-9\">\n\t<td class=\"column-1\">2<\/td><td class=\"column-2\">50<\/td><td class=\"column-3\">48 x 8 x .020<\/td><td class=\"column-4\"> 2.47<\/td><td class=\"column-5\">96<\/td><td class=\"column-6\">500<\/td><td class=\"column-7\">0.680<\/td><td class=\"column-8\">30-60<\/td>\n<\/tr>\n<tr class=\"row-10\">\n\t<td class=\"column-1\">2\u00bd<\/td><td class=\"column-2\">65<\/td><td class=\"column-3\"> 72 x 8 x .020<\/td><td class=\"column-4\">3.33<\/td><td class=\"column-5\">90<\/td><td class=\"column-6\">400<\/td><td class=\"column-7\">0.710<\/td><td class=\"column-8\">30-60<\/td>\n<\/tr>\n<tr class=\"row-11\">\n\t<td class=\"column-1\">3<\/td><td class=\"column-2\">80<\/td><td class=\"column-3\">72 x 8 x .020<\/td><td class=\"column-4\"> 3.89<\/td><td class=\"column-5\">86<\/td><td class=\"column-6\">288<\/td><td class=\"column-7\">0.760<\/td><td class=\"column-8\">30-60<\/td>\n<\/tr>\n<tr class=\"row-12\">\n\t<td class=\"column-1\">3\u00bd<\/td><td class=\"column-2\"> 90<\/td><td class=\"column-3\">72 x 10 x .020<\/td><td class=\"column-4\">4.36<\/td><td class=\"column-5\">86<\/td><td class=\"column-6\">285<\/td><td class=\"column-7\">1.150<\/td><td class=\"column-8\">30-50<\/td>\n<\/tr>\n<tr class=\"row-13\">\n\t<td class=\"column-1\">4<\/td><td class=\"column-2\">100<\/td><td class=\"column-3\">72 x 10 x .020<\/td><td class=\"column-4\"> 4.83<\/td><td class=\"column-5\">84<\/td><td class=\"column-6\">250<\/td><td class=\"column-7\">1.130<\/td><td class=\"column-8\">30-50<\/td>\n<\/tr>\n<tr class=\"row-14\">\n\t<td class=\"column-1\">5<\/td><td class=\"column-2\"> 125<\/td><td class=\"column-3\">96 x 8 x .025<\/td><td class=\"column-4\"> 5.94<\/td><td class=\"column-5\">87<\/td><td class=\"column-6\">200<\/td><td class=\"column-7\">1.320<\/td><td class=\"column-8\">50-100<\/td>\n<\/tr>\n<tr class=\"row-15\">\n\t<td class=\"column-1\">6<\/td><td class=\"column-2\">150<\/td><td class=\"column-3\">96 x 8 x .025<\/td><td class=\"column-4\"> 6.99<\/td><td class=\"column-5\">82<\/td><td class=\"column-6\">175<\/td><td class=\"column-7\">1.470<\/td><td class=\"column-8\">50-100<\/td>\n<\/tr>\n<\/tbody>\n<\/table>\n\n<ol type=\"a\">\n<li>Les constructions de tresses standard sont indiqu\u00e9es sans d\u00e9signation de type.<\/li>\n<li>La pression de service maximale indiqu\u00e9e est calcul\u00e9e pour le tuyau annulaire OmegaFlex et la tresse monocouche correspondante. Voir les sp\u00e9cifications des tuyaux annulaires de la s\u00e9rie 300 pour plus d'informations. Les performances peuvent \u00eatre r\u00e9duites si la tresse n'est pas utilis\u00e9e sur le tuyau OmegaFlex.<\/li>\n<li>Consulter l'usine pour des longueurs plus importantes.<\/li>\n<\/ol>\n<p>&nbsp;<\/p>\n<h2>Tresse pour tuyau s\u00e9rie 300 - Acier inoxydable T304<\/h2>\n\n<table id=\"tablepress-6\" class=\"tablepress tablepress-id-6 table-simple\">\n<tbody>\n<tr class=\"row-1\">\n\t<td class=\"column-1\">Nominal<br \/>\nTuyau<br \/>\nTaille (po)<\/td><td class=\"column-2\">Diam\u00e8tre<br \/>\nTaille du tuyau<br \/>\n(DN)<\/td><td class=\"column-3\">Tresse<br \/>\nLa construction<\/td><td class=\"column-4\">Tresse I.D.<br \/>\n(in.)<\/td><td class=\"column-5\">Tresse<br \/>\nCouverture<br \/>\n(%)<\/td><td class=\"column-6\">Max. Travail<br \/>\nPression<br \/>\n\u00e0 70\u00b0F (PSIG)<sup>b<\/sup><\/td><td class=\"column-7\">Poids<br \/>\nPar pied<br \/>\n(lb.)<\/td><td class=\"column-8\">Typique<br \/>\nLongueur du moulin<br \/>\n(ft.)<sup>c<\/sup><\/td>\n<\/tr>\n<tr class=\"row-2\">\n\t<td class=\"column-1\">5<\/td><td class=\"column-2\">125<\/td><td class=\"column-3\"> 96 x (13 x .025)<\/td><td class=\"column-4\">5.94<\/td><td class=\"column-5\">84<\/td><td class=\"column-6\">245<\/td><td class=\"column-7\">2.31<\/td><td class=\"column-8\">50-100<\/td>\n<\/tr>\n<tr class=\"row-3\">\n\t<td class=\"column-1\">6<\/td><td class=\"column-2\">150<\/td><td class=\"column-3\">96 x (13 x .025)<\/td><td class=\"column-4\"> 6.99<\/td><td class=\"column-5\">96<\/td><td class=\"column-6\">275<\/td><td class=\"column-7\">2.75<\/td><td class=\"column-8\">50-100<\/td>\n<\/tr>\n<tr class=\"row-4\">\n\t<td class=\"column-1\">8<\/td><td class=\"column-2\">200<\/td><td class=\"column-3\">96 x (17 x .025)<\/td><td class=\"column-4\">9.11<\/td><td class=\"column-5\">87<\/td><td class=\"column-6\">215<\/td><td class=\"column-7\">3.41<\/td><td class=\"column-8\">50-100<\/td>\n<\/tr>\n<tr class=\"row-5\">\n\t<td class=\"column-1\">10<\/td><td class=\"column-2\"> 250<\/td><td class=\"column-3\">96 x (29 x .025)<\/td><td class=\"column-4\">11.19<\/td><td class=\"column-5\">93<\/td><td class=\"column-6\">200<\/td><td class=\"column-7\">3.94<\/td><td class=\"column-8\">50-100<\/td>\n<\/tr>\n<tr class=\"row-6\">\n\t<td class=\"column-1\">12<\/td><td class=\"column-2\"> 300<\/td><td class=\"column-3\">96 x (29 x .025)<\/td><td class=\"column-4\">13.22<\/td><td class=\"column-5\">91 <\/td><td class=\"column-6\">160<\/td><td class=\"column-7\">5.95<\/td><td class=\"column-8\">50-100<\/td>\n<\/tr>\n<tr class=\"row-7\">\n\t<td class=\"column-1\">14<\/td><td class=\"column-2\">350<\/td><td class=\"column-3\">96 x (29 x .025)<\/td><td class=\"column-4\">15.40<\/td><td class=\"column-5\">80<\/td><td class=\"column-6\">150<\/td><td class=\"column-7\">6.25<\/td><td class=\"column-8\">10-30<\/td>\n<\/tr>\n<tr class=\"row-8\">\n\t<td class=\"column-1\">16<\/td><td class=\"column-2\">400<\/td><td class=\"column-3\">96 x (29 x .025)<\/td><td class=\"column-4\">17.06<\/td><td class=\"column-5\">74<\/td><td class=\"column-6\">110<\/td><td class=\"column-7\">6.5<\/td><td class=\"column-8\">10-30<\/td>\n<\/tr>\n<\/tbody>\n<\/table>\n\n<ol type=\"a\">\n<li>Les constructions de tresses standard sont indiqu\u00e9es sans d\u00e9signation de type.<\/li>\n<li>La pression de service maximale indiqu\u00e9e est calcul\u00e9e pour le tuyau annulaire OmegaFlex et la tresse monocouche correspondante. Voir les sp\u00e9cifications des tuyaux annulaires de la s\u00e9rie 300 pour plus d'informations. Les performances peuvent \u00eatre r\u00e9duites si la tresse n'est pas utilis\u00e9e sur le tuyau OmegaFlex.<\/li>\n<li>Consulter l'usine pour des longueurs plus importantes.<\/li>\n<\/ol>\n<a href=\"http:\/\/omegaflex.com\/wp-content\/uploads\/omegaflex-stainless-braid-tubular-braided.pdf\" class=\"jumbo cool-blue tt-button\" target=\"_blank\"> T\u00e9l\u00e9charger le PDF <\/a>","protected":false},"excerpt":{"rendered":"<p>Series 300 Materials available include 304, 321 and 316 stainless steel Wide range of constructions including 24, 36, 48, 72, 96 and 128 carrier designs Clean and oil-free Soft texture allows for easy trimming and quicker hose assembly fabrication Long mill lengths for less waste Engineered for optimal hose coverage Manufactured on OmegaFlex hose mandrels [&hellip;]<\/p>\n","protected":false},"author":5,"featured_media":0,"parent":3046,"menu_order":0,"comment_status":"open","ping_status":"closed","template":"page-template-right-sidebar.php","meta":{"_acf_changed":false,"footnotes":""},"class_list":["post-3370","page","type-page","status-publish","hentry"],"acf":[],"yoast_head":"<!-- This site is optimized with the Yoast SEO plugin v27.0 - https:\/\/yoast.com\/product\/yoast-seo-wordpress\/ -->\n<title>Stainless Tubular &amp; Braided Braid - OmegaFlex Industrial<\/title>\n<meta name=\"robots\" content=\"index, follow, max-snippet:-1, max-image-preview:large, max-video-preview:-1\" \/>\n<link rel=\"canonical\" href=\"https:\/\/omegaflex.com\/fr\/product-specifications\/stainless-tubular-braided-braid\/\" \/>\n<meta property=\"og:locale\" content=\"fr_CA\" \/>\n<meta property=\"og:type\" content=\"article\" \/>\n<meta property=\"og:title\" content=\"Stainless Tubular &amp; Braided Braid - OmegaFlex Industrial\" \/>\n<meta property=\"og:description\" content=\"Series 300 Materials available include 304, 321 and 316 stainless steel Wide range of constructions including 24, 36, 48, 72, 96 and 128 carrier designs Clean and oil-free Soft texture allows for easy trimming and quicker hose assembly fabrication Long mill lengths for less waste Engineered for optimal hose coverage Manufactured on OmegaFlex hose mandrels [&hellip;]\" \/>\n<meta property=\"og:url\" content=\"https:\/\/omegaflex.com\/fr\/product-specifications\/stainless-tubular-braided-braid\/\" \/>\n<meta property=\"og:site_name\" content=\"OmegaFlex Industrial\" \/>\n<meta property=\"article:modified_time\" content=\"2018-07-27T00:36:36+00:00\" \/>\n<meta name=\"twitter:label1\" content=\"Est. reading time\" \/>\n\t<meta name=\"twitter:data1\" content=\"1 minute\" \/>\n<script type=\"application\/ld+json\" class=\"yoast-schema-graph\">{\"@context\":\"https:\/\/schema.org\",\"@graph\":[{\"@type\":\"WebPage\",\"@id\":\"https:\/\/omegaflex.com\/product-specifications\/stainless-tubular-braided-braid\/\",\"url\":\"https:\/\/omegaflex.com\/product-specifications\/stainless-tubular-braided-braid\/\",\"name\":\"Stainless Tubular &amp; Braided Braid - OmegaFlex Industrial\",\"isPartOf\":{\"@id\":\"https:\/\/omegaflex.com\/#website\"},\"datePublished\":\"2018-02-13T01:25:55+00:00\",\"dateModified\":\"2018-07-27T00:36:36+00:00\",\"breadcrumb\":{\"@id\":\"https:\/\/omegaflex.com\/product-specifications\/stainless-tubular-braided-braid\/#breadcrumb\"},\"inLanguage\":\"fr-CA\",\"potentialAction\":[{\"@type\":\"ReadAction\",\"target\":[\"https:\/\/omegaflex.com\/product-specifications\/stainless-tubular-braided-braid\/\"]}]},{\"@type\":\"BreadcrumbList\",\"@id\":\"https:\/\/omegaflex.com\/product-specifications\/stainless-tubular-braided-braid\/#breadcrumb\",\"itemListElement\":[{\"@type\":\"ListItem\",\"position\":1,\"name\":\"Home\",\"item\":\"https:\/\/omegaflex.com\/\"},{\"@type\":\"ListItem\",\"position\":2,\"name\":\"Product Specifications\",\"item\":\"https:\/\/omegaflex.com\/product-specifications\/\"},{\"@type\":\"ListItem\",\"position\":3,\"name\":\"Stainless Tubular &amp; Braided Braid\"}]},{\"@type\":\"WebSite\",\"@id\":\"https:\/\/omegaflex.com\/#website\",\"url\":\"https:\/\/omegaflex.com\/\",\"name\":\"OmegaFlex Industrial\",\"description\":\"\",\"potentialAction\":[{\"@type\":\"SearchAction\",\"target\":{\"@type\":\"EntryPoint\",\"urlTemplate\":\"https:\/\/omegaflex.com\/?s={search_term_string}\"},\"query-input\":{\"@type\":\"PropertyValueSpecification\",\"valueRequired\":true,\"valueName\":\"search_term_string\"}}],\"inLanguage\":\"fr-CA\"}]}<\/script>\n<!-- \/ Yoast SEO plugin. -->","yoast_head_json":{"title":"Tresses tubulaires et tresses en acier inoxydable - OmegaFlex Industrial","robots":{"index":"index","follow":"follow","max-snippet":"max-snippet:-1","max-image-preview":"max-image-preview:large","max-video-preview":"max-video-preview:-1"},"canonical":"https:\/\/omegaflex.com\/fr\/product-specifications\/stainless-tubular-braided-braid\/","og_locale":"fr_CA","og_type":"article","og_title":"Stainless Tubular &amp; Braided Braid - OmegaFlex Industrial","og_description":"Series 300 Materials available include 304, 321 and 316 stainless steel Wide range of constructions including 24, 36, 48, 72, 96 and 128 carrier designs Clean and oil-free Soft texture allows for easy trimming and quicker hose assembly fabrication Long mill lengths for less waste Engineered for optimal hose coverage Manufactured on OmegaFlex hose mandrels [&hellip;]","og_url":"https:\/\/omegaflex.com\/fr\/product-specifications\/stainless-tubular-braided-braid\/","og_site_name":"OmegaFlex Industrial","article_modified_time":"2018-07-27T00:36:36+00:00","twitter_misc":{"Est. reading time":"1 minute"},"schema":{"@context":"https:\/\/schema.org","@graph":[{"@type":"WebPage","@id":"https:\/\/omegaflex.com\/product-specifications\/stainless-tubular-braided-braid\/","url":"https:\/\/omegaflex.com\/product-specifications\/stainless-tubular-braided-braid\/","name":"Tresses tubulaires et tresses en acier inoxydable - OmegaFlex Industrial","isPartOf":{"@id":"https:\/\/omegaflex.com\/#website"},"datePublished":"2018-02-13T01:25:55+00:00","dateModified":"2018-07-27T00:36:36+00:00","breadcrumb":{"@id":"https:\/\/omegaflex.com\/product-specifications\/stainless-tubular-braided-braid\/#breadcrumb"},"inLanguage":"fr-CA","potentialAction":[{"@type":"ReadAction","target":["https:\/\/omegaflex.com\/product-specifications\/stainless-tubular-braided-braid\/"]}]},{"@type":"BreadcrumbList","@id":"https:\/\/omegaflex.com\/product-specifications\/stainless-tubular-braided-braid\/#breadcrumb","itemListElement":[{"@type":"ListItem","position":1,"name":"Home","item":"https:\/\/omegaflex.com\/"},{"@type":"ListItem","position":2,"name":"Product Specifications","item":"https:\/\/omegaflex.com\/product-specifications\/"},{"@type":"ListItem","position":3,"name":"Stainless Tubular &amp; Braided Braid"}]},{"@type":"WebSite","@id":"https:\/\/omegaflex.com\/#website","url":"https:\/\/omegaflex.com\/","name":"OmegaFlex Industrial","description":"","potentialAction":[{"@type":"SearchAction","target":{"@type":"EntryPoint","urlTemplate":"https:\/\/omegaflex.com\/?s={search_term_string}"},"query-input":{"@type":"PropertyValueSpecification","valueRequired":true,"valueName":"search_term_string"}}],"inLanguage":"fr-CA"}]}},"_links":{"self":[{"href":"https:\/\/omegaflex.com\/fr\/wp-json\/wp\/v2\/pages\/3370","targetHints":{"allow":["GET"]}}],"collection":[{"href":"https:\/\/omegaflex.com\/fr\/wp-json\/wp\/v2\/pages"}],"about":[{"href":"https:\/\/omegaflex.com\/fr\/wp-json\/wp\/v2\/types\/page"}],"author":[{"embeddable":true,"href":"https:\/\/omegaflex.com\/fr\/wp-json\/wp\/v2\/users\/5"}],"replies":[{"embeddable":true,"href":"https:\/\/omegaflex.com\/fr\/wp-json\/wp\/v2\/comments?post=3370"}],"version-history":[{"count":0,"href":"https:\/\/omegaflex.com\/fr\/wp-json\/wp\/v2\/pages\/3370\/revisions"}],"up":[{"embeddable":true,"href":"https:\/\/omegaflex.com\/fr\/wp-json\/wp\/v2\/pages\/3046"}],"wp:attachment":[{"href":"https:\/\/omegaflex.com\/fr\/wp-json\/wp\/v2\/media?parent=3370"}],"curies":[{"name":"wp","href":"https:\/\/api.w.org\/{rel}","templated":true}]}}