{"id":3401,"date":"2018-02-13T00:02:33","date_gmt":"2018-02-13T05:02:33","guid":{"rendered":"http:\/\/omegaflex.com\/?page_id=3401"},"modified":"2018-07-26T20:36:50","modified_gmt":"2018-07-27T00:36:50","slug":"bronze-tubular-braid","status":"publish","type":"page","link":"https:\/\/omegaflex.com\/fr\/product-specifications\/bronze-tubular-braid\/","title":{"rendered":"Tresse tubulaire en bronze"},"content":{"rendered":"<ul>\n<li>Large gamme de constructions comprenant des mod\u00e8les \u00e0 24, 36, 48 et 72 supports<\/li>\n<li>Propre et sans huile<\/li>\n<li>De grandes longueurs de broyage pour moins de d\u00e9chets<\/li>\n<li>Con\u00e7u pour une couverture optimale du tuyau<\/li>\n<li>Fabriqu\u00e9 sur des mandrins de tuyau OmegaFlex pour garantir un angle de tressage correct.<\/li>\n<li>Le tressage sur mesure selon les sp\u00e9cifications du client est disponible en acier inoxydable 304, 321 et 316L, en bronze, en monel, en alliages exotiques et en mat\u00e9riaux synth\u00e9tiques.<\/li>\n<\/ul>\n<h2>Tresse tubulaire en bronze pour les tuyaux de la s\u00e9rie 400<\/h2>\n\n<table id=\"tablepress-14\" class=\"tablepress tablepress-id-14 tp-collapse\">\n<tbody>\n<tr class=\"row-1\">\n\t<td class=\"column-1\">Nominal<br \/>\nTuyau<br \/>\nTaille (po)<\/td><td class=\"column-2\">Diam\u00e8tre<br \/>\nTaille du tuyau<br \/>\n(DN)<\/td><td class=\"column-3\">Tresse<br \/>\nLa construction<\/td><td class=\"column-4\">Tresse I.D.<br \/>\n(in.)<\/td><td class=\"column-5\">Tresse<br \/>\nCouverture<br \/>\n(%)<\/td><td class=\"column-6\">Max. Travail<br \/>\nPression \u00e0<br \/>\n70\u00b0F (PSIG)<sup>a<\/sup><\/td><td class=\"column-7\">Poids<br \/>\nPar pied<br \/>\n(lb.)<\/td><td class=\"column-8\">Typique<br \/>\nLongueur du moulin<br \/>\n(ft.)<sup>b<\/sup><\/td>\n<\/tr>\n<tr class=\"row-2\">\n\t<td class=\"column-1\">\u00bc<\/td><td class=\"column-2\">8<\/td><td class=\"column-3\">24 x 5 x .014<\/td><td class=\"column-4\">0.46<\/td><td class=\"column-5\">94<\/td><td class=\"column-6\">934<\/td><td class=\"column-7\">0.100<\/td><td class=\"column-8\">30-100<\/td>\n<\/tr>\n<tr class=\"row-3\">\n\t<td class=\"column-1\">3\u20448<\/td><td class=\"column-2\">10<\/td><td class=\"column-3\">24 x 7 x .014<\/td><td class=\"column-4\">0.61<\/td><td class=\"column-5\">97<\/td><td class=\"column-6\">704<\/td><td class=\"column-7\">0.130<\/td><td class=\"column-8\">30-100<\/td>\n<\/tr>\n<tr class=\"row-4\">\n\t<td class=\"column-1\">\u00bd<\/td><td class=\"column-2\">15<\/td><td class=\"column-3\">24 x 8 x .014<\/td><td class=\"column-4\"> 0.75<\/td><td class=\"column-5\">95<\/td><td class=\"column-6\">566<\/td><td class=\"column-7\">0.150<\/td><td class=\"column-8\">30-100<\/td>\n<\/tr>\n<tr class=\"row-5\">\n\t<td class=\"column-1\">\u00be<\/td><td class=\"column-2\">20<\/td><td class=\"column-3\">36 x 8 x .014<\/td><td class=\"column-4\">1.04<\/td><td class=\"column-5\">95<\/td><td class=\"column-6\">468<\/td><td class=\"column-7\">0.220<\/td><td class=\"column-8\">30-100<\/td>\n<\/tr>\n<tr class=\"row-6\">\n\t<td class=\"column-1\">1<\/td><td class=\"column-2\">20<\/td><td class=\"column-3\">36 x 5 x .020<\/td><td class=\"column-4\">1.34<\/td><td class=\"column-5\">80<\/td><td class=\"column-6\">334<\/td><td class=\"column-7\">0.270<\/td><td class=\"column-8\">30-100<\/td>\n<\/tr>\n<tr class=\"row-7\">\n\t<td class=\"column-1\">1\u00bc<\/td><td class=\"column-2\">32<\/td><td class=\"column-3\">48 x 6 x .020<\/td><td class=\"column-4\">1.78<\/td><td class=\"column-5\">91<\/td><td class=\"column-6\">306<\/td><td class=\"column-7\">0.440<\/td><td class=\"column-8\">30-60<\/td>\n<\/tr>\n<tr class=\"row-8\">\n\t<td class=\"column-1\">1\u00bd<\/td><td class=\"column-2\">40<\/td><td class=\"column-3\"> 48 x 7 x .020<\/td><td class=\"column-4\">2.09<\/td><td class=\"column-5\">88<\/td><td class=\"column-6\">297<\/td><td class=\"column-7\">0.540<\/td><td class=\"column-8\">30-60<\/td>\n<\/tr>\n<tr class=\"row-9\">\n\t<td class=\"column-1\">2<\/td><td class=\"column-2\">50<\/td><td class=\"column-3\">48 x 8 x .020<\/td><td class=\"column-4\">2.54<\/td><td class=\"column-5\">85<\/td><td class=\"column-6\">210<\/td><td class=\"column-7\">0.620<\/td><td class=\"column-8\">30-60<\/td>\n<\/tr>\n<tr class=\"row-10\">\n\t<td class=\"column-1\">2\u00bd<\/td><td class=\"column-2\">65<\/td><td class=\"column-3\">72 x 8 x .020<\/td><td class=\"column-4\">3.33<\/td><td class=\"column-5\">90<\/td><td class=\"column-6\">194<\/td><td class=\"column-7\">0.980<\/td><td class=\"column-8\">30-60<\/td>\n<\/tr>\n<tr class=\"row-11\">\n\t<td class=\"column-1\">3<\/td><td class=\"column-2\">80<\/td><td class=\"column-3\">72 x 10 x .020<\/td><td class=\"column-4\">3.89<\/td><td class=\"column-5\">95<\/td><td class=\"column-6\">166<\/td><td class=\"column-7\">1.200<\/td><td class=\"column-8\">30-60<\/td>\n<\/tr>\n<tr class=\"row-12\">\n\t<td class=\"column-1\">4<\/td><td class=\"column-2\">1000<\/td><td class=\"column-3\">72 x 12 x .020<\/td><td class=\"column-4\">4.79<\/td><td class=\"column-5\">95<\/td><td class=\"column-6\">145<\/td><td class=\"column-7\">1.460<\/td><td class=\"column-8\">30-50<\/td>\n<\/tr>\n<\/tbody>\n<\/table>\n<!-- #tablepress-14 from cache -->\n<ol class=\"lower-alpha\">\n<li>La pression de service maximale indiqu\u00e9e est calcul\u00e9e pour le tuyau en bronze OmegaFlex et la tresse en bronze monocouche correspondante. Voir les sp\u00e9cifications des tuyaux annulaires en bronze de la s\u00e9rie 400 pour plus d'informations.<\/li>\n<li>Consulter l'usine pour des longueurs plus importantes.<\/li>\n<\/ol>\n<h2>Sp\u00e9cification des num\u00e9ros de pi\u00e8ces pour les tresses en bronze<\/h2>\n<p><img loading=\"lazy\" decoding=\"async\" class=\"alignnone size-full wp-image-3404\" src=\"http:\/\/omegaflex.com\/wp-content\/uploads\/part-num-bronze-braid.jpg\" alt=\"\" width=\"638\" height=\"151\" srcset=\"https:\/\/omegaflex.com\/wp-content\/uploads\/part-num-bronze-braid.jpg 638w, https:\/\/omegaflex.com\/wp-content\/uploads\/part-num-bronze-braid-300x71.jpg 300w\" sizes=\"auto, (max-width: 638px) 100vw, 638px\" \/><\/p>\n<a href=\"http:\/\/omegaflex.com\/wp-content\/uploads\/omegaflex-bronze-hose-tubular.pdf\" class=\"jumbo cool-blue tt-button\" target=\"_blank\"> T\u00e9l\u00e9charger le PDF <\/a>","protected":false},"excerpt":{"rendered":"<p>Wide range of constructions including 24, 36, 48 and 72 carrier designs Clean and oil-free Long mill lengths for less waste Engineered for optimal hose coverage Manufactured on OmegaFlex hose mandrels to ensure proper braid angle Custom braiding to customer specifications is available in 304, 321 and 316L stainless steel, bronze, monel, exotic alloys and [&hellip;]<\/p>\n","protected":false},"author":5,"featured_media":0,"parent":3046,"menu_order":0,"comment_status":"open","ping_status":"closed","template":"page-template-right-sidebar.php","meta":{"_acf_changed":false,"footnotes":""},"class_list":["post-3401","page","type-page","status-publish","hentry"],"acf":[],"yoast_head":"<!-- This site is optimized with the Yoast SEO plugin v27.0 - https:\/\/yoast.com\/product\/yoast-seo-wordpress\/ -->\n<title>Bronze Tubular Braid - OmegaFlex Industrial<\/title>\n<meta name=\"robots\" content=\"index, follow, max-snippet:-1, max-image-preview:large, max-video-preview:-1\" \/>\n<link rel=\"canonical\" href=\"https:\/\/omegaflex.com\/fr\/product-specifications\/bronze-tubular-braid\/\" \/>\n<meta property=\"og:locale\" content=\"fr_CA\" \/>\n<meta property=\"og:type\" content=\"article\" \/>\n<meta property=\"og:title\" content=\"Bronze Tubular Braid - OmegaFlex Industrial\" \/>\n<meta property=\"og:description\" content=\"Wide range of constructions including 24, 36, 48 and 72 carrier designs Clean and oil-free Long mill lengths for less waste Engineered for optimal hose coverage Manufactured on OmegaFlex hose mandrels to ensure proper braid angle Custom braiding to customer specifications is available in 304, 321 and 316L stainless steel, bronze, monel, exotic alloys and [&hellip;]\" \/>\n<meta property=\"og:url\" content=\"https:\/\/omegaflex.com\/fr\/product-specifications\/bronze-tubular-braid\/\" \/>\n<meta property=\"og:site_name\" content=\"OmegaFlex Industrial\" \/>\n<meta property=\"article:modified_time\" content=\"2018-07-27T00:36:50+00:00\" \/>\n<meta property=\"og:image\" content=\"http:\/\/omegaflex.com\/wp-content\/uploads\/part-num-bronze-braid.jpg\" \/>\n<meta name=\"twitter:label1\" content=\"Est. reading time\" \/>\n\t<meta name=\"twitter:data1\" content=\"1 minute\" \/>\n<script type=\"application\/ld+json\" class=\"yoast-schema-graph\">{\"@context\":\"https:\/\/schema.org\",\"@graph\":[{\"@type\":\"WebPage\",\"@id\":\"https:\/\/omegaflex.com\/product-specifications\/bronze-tubular-braid\/\",\"url\":\"https:\/\/omegaflex.com\/product-specifications\/bronze-tubular-braid\/\",\"name\":\"Bronze Tubular Braid - OmegaFlex Industrial\",\"isPartOf\":{\"@id\":\"https:\/\/omegaflex.com\/#website\"},\"primaryImageOfPage\":{\"@id\":\"https:\/\/omegaflex.com\/product-specifications\/bronze-tubular-braid\/#primaryimage\"},\"image\":{\"@id\":\"https:\/\/omegaflex.com\/product-specifications\/bronze-tubular-braid\/#primaryimage\"},\"thumbnailUrl\":\"http:\/\/omegaflex.com\/wp-content\/uploads\/part-num-bronze-braid.jpg\",\"datePublished\":\"2018-02-13T05:02:33+00:00\",\"dateModified\":\"2018-07-27T00:36:50+00:00\",\"breadcrumb\":{\"@id\":\"https:\/\/omegaflex.com\/product-specifications\/bronze-tubular-braid\/#breadcrumb\"},\"inLanguage\":\"fr-CA\",\"potentialAction\":[{\"@type\":\"ReadAction\",\"target\":[\"https:\/\/omegaflex.com\/product-specifications\/bronze-tubular-braid\/\"]}]},{\"@type\":\"ImageObject\",\"inLanguage\":\"fr-CA\",\"@id\":\"https:\/\/omegaflex.com\/product-specifications\/bronze-tubular-braid\/#primaryimage\",\"url\":\"http:\/\/omegaflex.com\/wp-content\/uploads\/part-num-bronze-braid.jpg\",\"contentUrl\":\"http:\/\/omegaflex.com\/wp-content\/uploads\/part-num-bronze-braid.jpg\"},{\"@type\":\"BreadcrumbList\",\"@id\":\"https:\/\/omegaflex.com\/product-specifications\/bronze-tubular-braid\/#breadcrumb\",\"itemListElement\":[{\"@type\":\"ListItem\",\"position\":1,\"name\":\"Home\",\"item\":\"https:\/\/omegaflex.com\/\"},{\"@type\":\"ListItem\",\"position\":2,\"name\":\"Product Specifications\",\"item\":\"https:\/\/omegaflex.com\/product-specifications\/\"},{\"@type\":\"ListItem\",\"position\":3,\"name\":\"Bronze Tubular Braid\"}]},{\"@type\":\"WebSite\",\"@id\":\"https:\/\/omegaflex.com\/#website\",\"url\":\"https:\/\/omegaflex.com\/\",\"name\":\"OmegaFlex Industrial\",\"description\":\"\",\"potentialAction\":[{\"@type\":\"SearchAction\",\"target\":{\"@type\":\"EntryPoint\",\"urlTemplate\":\"https:\/\/omegaflex.com\/?s={search_term_string}\"},\"query-input\":{\"@type\":\"PropertyValueSpecification\",\"valueRequired\":true,\"valueName\":\"search_term_string\"}}],\"inLanguage\":\"fr-CA\"}]}<\/script>\n<!-- \/ Yoast SEO plugin. -->","yoast_head_json":{"title":"Tresse tubulaire en bronze - OmegaFlex Industrial","robots":{"index":"index","follow":"follow","max-snippet":"max-snippet:-1","max-image-preview":"max-image-preview:large","max-video-preview":"max-video-preview:-1"},"canonical":"https:\/\/omegaflex.com\/fr\/product-specifications\/bronze-tubular-braid\/","og_locale":"fr_CA","og_type":"article","og_title":"Bronze Tubular Braid - OmegaFlex Industrial","og_description":"Wide range of constructions including 24, 36, 48 and 72 carrier designs Clean and oil-free Long mill lengths for less waste Engineered for optimal hose coverage Manufactured on OmegaFlex hose mandrels to ensure proper braid angle Custom braiding to customer specifications is available in 304, 321 and 316L stainless steel, bronze, monel, exotic alloys and [&hellip;]","og_url":"https:\/\/omegaflex.com\/fr\/product-specifications\/bronze-tubular-braid\/","og_site_name":"OmegaFlex Industrial","article_modified_time":"2018-07-27T00:36:50+00:00","og_image":[{"url":"http:\/\/omegaflex.com\/wp-content\/uploads\/part-num-bronze-braid.jpg","type":"","width":"","height":""}],"twitter_misc":{"Est. reading time":"1 minute"},"schema":{"@context":"https:\/\/schema.org","@graph":[{"@type":"WebPage","@id":"https:\/\/omegaflex.com\/product-specifications\/bronze-tubular-braid\/","url":"https:\/\/omegaflex.com\/product-specifications\/bronze-tubular-braid\/","name":"Tresse tubulaire en bronze - OmegaFlex Industrial","isPartOf":{"@id":"https:\/\/omegaflex.com\/#website"},"primaryImageOfPage":{"@id":"https:\/\/omegaflex.com\/product-specifications\/bronze-tubular-braid\/#primaryimage"},"image":{"@id":"https:\/\/omegaflex.com\/product-specifications\/bronze-tubular-braid\/#primaryimage"},"thumbnailUrl":"http:\/\/omegaflex.com\/wp-content\/uploads\/part-num-bronze-braid.jpg","datePublished":"2018-02-13T05:02:33+00:00","dateModified":"2018-07-27T00:36:50+00:00","breadcrumb":{"@id":"https:\/\/omegaflex.com\/product-specifications\/bronze-tubular-braid\/#breadcrumb"},"inLanguage":"fr-CA","potentialAction":[{"@type":"ReadAction","target":["https:\/\/omegaflex.com\/product-specifications\/bronze-tubular-braid\/"]}]},{"@type":"ImageObject","inLanguage":"fr-CA","@id":"https:\/\/omegaflex.com\/product-specifications\/bronze-tubular-braid\/#primaryimage","url":"http:\/\/omegaflex.com\/wp-content\/uploads\/part-num-bronze-braid.jpg","contentUrl":"http:\/\/omegaflex.com\/wp-content\/uploads\/part-num-bronze-braid.jpg"},{"@type":"BreadcrumbList","@id":"https:\/\/omegaflex.com\/product-specifications\/bronze-tubular-braid\/#breadcrumb","itemListElement":[{"@type":"ListItem","position":1,"name":"Home","item":"https:\/\/omegaflex.com\/"},{"@type":"ListItem","position":2,"name":"Product Specifications","item":"https:\/\/omegaflex.com\/product-specifications\/"},{"@type":"ListItem","position":3,"name":"Bronze Tubular Braid"}]},{"@type":"WebSite","@id":"https:\/\/omegaflex.com\/#website","url":"https:\/\/omegaflex.com\/","name":"OmegaFlex Industrial","description":"","potentialAction":[{"@type":"SearchAction","target":{"@type":"EntryPoint","urlTemplate":"https:\/\/omegaflex.com\/?s={search_term_string}"},"query-input":{"@type":"PropertyValueSpecification","valueRequired":true,"valueName":"search_term_string"}}],"inLanguage":"fr-CA"}]}},"_links":{"self":[{"href":"https:\/\/omegaflex.com\/fr\/wp-json\/wp\/v2\/pages\/3401","targetHints":{"allow":["GET"]}}],"collection":[{"href":"https:\/\/omegaflex.com\/fr\/wp-json\/wp\/v2\/pages"}],"about":[{"href":"https:\/\/omegaflex.com\/fr\/wp-json\/wp\/v2\/types\/page"}],"author":[{"embeddable":true,"href":"https:\/\/omegaflex.com\/fr\/wp-json\/wp\/v2\/users\/5"}],"replies":[{"embeddable":true,"href":"https:\/\/omegaflex.com\/fr\/wp-json\/wp\/v2\/comments?post=3401"}],"version-history":[{"count":0,"href":"https:\/\/omegaflex.com\/fr\/wp-json\/wp\/v2\/pages\/3401\/revisions"}],"up":[{"embeddable":true,"href":"https:\/\/omegaflex.com\/fr\/wp-json\/wp\/v2\/pages\/3046"}],"wp:attachment":[{"href":"https:\/\/omegaflex.com\/fr\/wp-json\/wp\/v2\/media?parent=3401"}],"curies":[{"name":"wp","href":"https:\/\/api.w.org\/{rel}","templated":true}]}}