{"id":3447,"date":"2018-02-13T19:32:52","date_gmt":"2018-02-14T00:32:52","guid":{"rendered":"http:\/\/omegaflex.com\/?page_id=3447"},"modified":"2018-07-30T13:23:52","modified_gmt":"2018-07-30T17:23:52","slug":"stainless-hose-insulated-lldpe-extruded","status":"publish","type":"page","link":"https:\/\/omegaflex.com\/fr\/product-specifications\/stainless-hose-insulated-lldpe-extruded\/","title":{"rendered":"Tuyau inoxydable isol\u00e9 (LLDPE) Extrud\u00e9"},"content":{"rendered":"<h2>S\u00e9rie 300 - Tuyau extrud\u00e9 isol\u00e9 (LLPDE)<\/h2>\n<p>Le tuyau ondul\u00e9 tress\u00e9 extrud\u00e9 isol\u00e9 OmegaFlex\u00ae se compose d'un tuyau ondul\u00e9 en acier inoxydable 316L de la s\u00e9rie 300 avec une couche de tresse en acier inoxydable 304, une couche de tresse en fibre de verre non halog\u00e9n\u00e9e (verre E) et une gaine ext\u00e9rieure en poly\u00e9thyl\u00e8ne lin\u00e9aire \u00e0 basse densit\u00e9 (LLDPE), de couleur verte. Plusieurs configurations de raccords d'extr\u00e9mit\u00e9 peuvent \u00eatre utilis\u00e9es sur le tuyau extrud\u00e9 isol\u00e9 (LLDPE) de la s\u00e9rie 300. Apr\u00e8s la fabrication d'un assemblage de tuyaux utilisant le tuyau extrud\u00e9 isol\u00e9 (LLDPE) de la s\u00e9rie 300 d'OmegaFlex, un manchon thermor\u00e9tractable en polyol\u00e9fine de 0,070\" d'\u00e9paisseur est utilis\u00e9 pour recouvrir partiellement l'embout et tout tuyau tress\u00e9 en acier inoxydable\/fibre de verre expos\u00e9.<\/p>\n<h2>Mat\u00e9riaux des tuyaux extrud\u00e9s isol\u00e9s (LLDPE) de la s\u00e9rie 300<\/h2>\n<p><strong>Mat\u00e9riau du tuyau<\/strong>: Le tuyau ondul\u00e9 en acier inoxydable de la s\u00e9rie 300 est conforme \u00e0 la norme ASTM A240.<br \/>\n<strong>Mat\u00e9riau de la tresse<\/strong>: Tresse en acier inoxydable 304 conforme \u00e0 la norme ASTM A580<br \/>\n<strong>Mat\u00e9riau en fibre de verre<\/strong>: Tresse en fibre de verre non halog\u00e9n\u00e9e (E-glass)<br \/>\n<strong>Mat\u00e9riau de la veste<\/strong>: Poly\u00e9thyl\u00e8ne lin\u00e9aire de basse densit\u00e9<br \/>\n<strong>Manchon thermor\u00e9tractable<\/strong>: Gaine thermor\u00e9tractable en polyol\u00e9fine<\/p>\n<h2>Tuyau extrud\u00e9 isol\u00e9 (LLDPE) de la s\u00e9rie 300 Temp\u00e9ratures de fonctionnement<\/h2>\n<p>De -76\u00b0F \u00e0 250\u00b0F<\/p>\n<h2>S\u00e9rie 300 - Tuyau extrud\u00e9 isol\u00e9 (LLPDE)<\/h2>\n\n<table id=\"tablepress-22\" class=\"tablepress tablepress-id-22\">\n<thead>\n<tr class=\"row-1\">\n\t<th class=\"column-1\">S\u00e9rie 300<br \/>\nExtrud\u00e9<br \/>\nTaille du tuyau<br \/>\n(in.)<\/th><th class=\"column-2\">OmegaFlex<br \/>\nNum\u00e9ro de pi\u00e8ce<\/th><th class=\"column-3\">Tress\u00e9<br \/>\nID du tuyau<br \/>\n(Nom)<\/th><th class=\"column-4\">Tress\u00e9<br \/>\nDiam\u00e8tre ext\u00e9rieur du tuyau<br \/>\n(Nom)<\/th><th class=\"column-5\">Fibre de verre<br \/>\nTresse<br \/>\nOD<br \/>\n(Nom)<\/th><th class=\"column-6\">LLDPE<br \/>\nVeste<br \/>\nOD<br \/>\n(Nom)<\/th><th class=\"column-7\">MAWP<br \/>\n(PSIG)<br \/>\n\u00e0 70\u00b0F<\/th><th class=\"column-8\">Minimum<br \/>\nStatique<br \/>\nCourbe<br \/>\nRayon (in.)<\/th><th class=\"column-9\">Minimum<br \/>\nDynamique<br \/>\nCourbe<br \/>\nRayon (in.)<\/th><th class=\"column-10\">Enrouleur<br \/>\nQuantit\u00e9s<br \/>\n(ft.)<\/th><th class=\"column-11\">Tresse FG<br \/>\nConception<\/th>\n<\/tr>\n<\/thead>\n<tbody class=\"row-striping row-hover\">\n<tr class=\"row-2\">\n\t<td class=\"column-1\">\u00be<\/td><td class=\"column-2\">313-SP0075-FRPLLDPE<\/td><td class=\"column-3\">0.810\"<\/td><td class=\"column-4\">1.100\"<\/td><td class=\"column-5\">1.330\"<\/td><td class=\"column-6\">1.450\"<\/td><td class=\"column-7\">800<\/td><td class=\"column-8\">9<\/td><td class=\"column-9\">18<\/td><td class=\"column-10\">100<\/td><td class=\"column-11\">64X1X1.4<\/td>\n<\/tr>\n<tr class=\"row-3\">\n\t<td class=\"column-1\">1<\/td><td class=\"column-2\">313-SP0100-FRPLLDPE<\/td><td class=\"column-3\">1.030\"<\/td><td class=\"column-4\">1.420\"<\/td><td class=\"column-5\">1.595\"<\/td><td class=\"column-6\">1.695\"<\/td><td class=\"column-7\">750<\/td><td class=\"column-8\">12<\/td><td class=\"column-9\">24<\/td><td class=\"column-10\">100<\/td><td class=\"column-11\">64X1X1.4<\/td>\n<\/tr>\n<\/tbody>\n<\/table>\n<!-- #tablepress-22 from cache -->\n<p><img loading=\"lazy\" decoding=\"async\" class=\"size-full wp-image-3446 aligncenter\" src=\"http:\/\/omegaflex.com\/wp-content\/uploads\/extruded-typical-hose-assembly-end-fitting.jpg\" alt=\"\" width=\"798\" height=\"259\" srcset=\"https:\/\/omegaflex.com\/wp-content\/uploads\/extruded-typical-hose-assembly-end-fitting.jpg 798w, https:\/\/omegaflex.com\/wp-content\/uploads\/extruded-typical-hose-assembly-end-fitting-300x97.jpg 300w, https:\/\/omegaflex.com\/wp-content\/uploads\/extruded-typical-hose-assembly-end-fitting-768x249.jpg 768w\" sizes=\"auto, (max-width: 798px) 100vw, 798px\" \/><\/p>\n<a href=\"http:\/\/omegaflex.com\/wp-content\/uploads\/omegaflex-stainless-hose-lldpe-extruded-insulated.pdf\" class=\"jumbo cool-blue tt-button\" target=\"_blank\"> T\u00e9l\u00e9charger le PDF <\/a>","protected":false},"excerpt":{"rendered":"<p>Series 300 \u2014 Insulated Extruded (LLPDE) Hose OmegaFlex\u00ae insulated extruded corrugated braided hose consists of corrugated 300 series 316L stainless steel hose with one layer of 304 stainless steel braid, one layer of non\u2010halogenated fiberglass (E\u2010glass) braid with an outer jacket of Linear Low Density Polyethylene (LLDPE), green in color. Several end fitting configurations can [&hellip;]<\/p>\n","protected":false},"author":5,"featured_media":0,"parent":3046,"menu_order":0,"comment_status":"open","ping_status":"closed","template":"page-template-right-sidebar.php","meta":{"_acf_changed":false,"footnotes":""},"class_list":["post-3447","page","type-page","status-publish","hentry"],"acf":[],"yoast_head":"<!-- This site is optimized with the Yoast SEO plugin v27.6 - https:\/\/yoast.com\/product\/yoast-seo-wordpress\/ -->\n<title>Stainless Hose Insulated (LLDPE) Extruded - OmegaFlex Industrial<\/title>\n<meta name=\"robots\" content=\"index, follow, max-snippet:-1, max-image-preview:large, max-video-preview:-1\" \/>\n<link rel=\"canonical\" href=\"https:\/\/omegaflex.com\/fr\/product-specifications\/stainless-hose-insulated-lldpe-extruded\/\" \/>\n<meta property=\"og:locale\" content=\"fr_CA\" \/>\n<meta property=\"og:type\" content=\"article\" \/>\n<meta property=\"og:title\" content=\"Stainless Hose Insulated (LLDPE) Extruded - OmegaFlex Industrial\" \/>\n<meta property=\"og:description\" content=\"Series 300 \u2014 Insulated Extruded (LLPDE) Hose OmegaFlex\u00ae insulated extruded corrugated braided hose consists of corrugated 300 series 316L stainless steel hose with one layer of 304 stainless steel braid, one layer of non\u2010halogenated fiberglass (E\u2010glass) braid with an outer jacket of Linear Low Density Polyethylene (LLDPE), green in color. Several end fitting configurations can [&hellip;]\" \/>\n<meta property=\"og:url\" content=\"https:\/\/omegaflex.com\/fr\/product-specifications\/stainless-hose-insulated-lldpe-extruded\/\" \/>\n<meta property=\"og:site_name\" content=\"OmegaFlex Industrial\" \/>\n<meta property=\"article:modified_time\" content=\"2018-07-30T17:23:52+00:00\" \/>\n<meta property=\"og:image\" content=\"http:\/\/omegaflex.com\/wp-content\/uploads\/extruded-typical-hose-assembly-end-fitting.jpg\" \/>\n<meta name=\"twitter:label1\" content=\"Est. reading time\" \/>\n\t<meta name=\"twitter:data1\" content=\"1 minute\" \/>\n<script type=\"application\/ld+json\" class=\"yoast-schema-graph\">{\"@context\":\"https:\\\/\\\/schema.org\",\"@graph\":[{\"@type\":\"WebPage\",\"@id\":\"https:\\\/\\\/omegaflex.com\\\/product-specifications\\\/stainless-hose-insulated-lldpe-extruded\\\/\",\"url\":\"https:\\\/\\\/omegaflex.com\\\/product-specifications\\\/stainless-hose-insulated-lldpe-extruded\\\/\",\"name\":\"Stainless Hose Insulated (LLDPE) Extruded - OmegaFlex Industrial\",\"isPartOf\":{\"@id\":\"https:\\\/\\\/omegaflex.com\\\/#website\"},\"primaryImageOfPage\":{\"@id\":\"https:\\\/\\\/omegaflex.com\\\/product-specifications\\\/stainless-hose-insulated-lldpe-extruded\\\/#primaryimage\"},\"image\":{\"@id\":\"https:\\\/\\\/omegaflex.com\\\/product-specifications\\\/stainless-hose-insulated-lldpe-extruded\\\/#primaryimage\"},\"thumbnailUrl\":\"http:\\\/\\\/omegaflex.com\\\/wp-content\\\/uploads\\\/extruded-typical-hose-assembly-end-fitting.jpg\",\"datePublished\":\"2018-02-14T00:32:52+00:00\",\"dateModified\":\"2018-07-30T17:23:52+00:00\",\"breadcrumb\":{\"@id\":\"https:\\\/\\\/omegaflex.com\\\/product-specifications\\\/stainless-hose-insulated-lldpe-extruded\\\/#breadcrumb\"},\"inLanguage\":\"fr-CA\",\"potentialAction\":[{\"@type\":\"ReadAction\",\"target\":[\"https:\\\/\\\/omegaflex.com\\\/product-specifications\\\/stainless-hose-insulated-lldpe-extruded\\\/\"]}]},{\"@type\":\"ImageObject\",\"inLanguage\":\"fr-CA\",\"@id\":\"https:\\\/\\\/omegaflex.com\\\/product-specifications\\\/stainless-hose-insulated-lldpe-extruded\\\/#primaryimage\",\"url\":\"http:\\\/\\\/omegaflex.com\\\/wp-content\\\/uploads\\\/extruded-typical-hose-assembly-end-fitting.jpg\",\"contentUrl\":\"http:\\\/\\\/omegaflex.com\\\/wp-content\\\/uploads\\\/extruded-typical-hose-assembly-end-fitting.jpg\"},{\"@type\":\"BreadcrumbList\",\"@id\":\"https:\\\/\\\/omegaflex.com\\\/product-specifications\\\/stainless-hose-insulated-lldpe-extruded\\\/#breadcrumb\",\"itemListElement\":[{\"@type\":\"ListItem\",\"position\":1,\"name\":\"Home\",\"item\":\"https:\\\/\\\/omegaflex.com\\\/\"},{\"@type\":\"ListItem\",\"position\":2,\"name\":\"Product Specifications\",\"item\":\"https:\\\/\\\/omegaflex.com\\\/product-specifications\\\/\"},{\"@type\":\"ListItem\",\"position\":3,\"name\":\"Stainless Hose Insulated (LLDPE) Extruded\"}]},{\"@type\":\"WebSite\",\"@id\":\"https:\\\/\\\/omegaflex.com\\\/#website\",\"url\":\"https:\\\/\\\/omegaflex.com\\\/\",\"name\":\"OmegaFlex Industrial\",\"description\":\"\",\"potentialAction\":[{\"@type\":\"SearchAction\",\"target\":{\"@type\":\"EntryPoint\",\"urlTemplate\":\"https:\\\/\\\/omegaflex.com\\\/?s={search_term_string}\"},\"query-input\":{\"@type\":\"PropertyValueSpecification\",\"valueRequired\":true,\"valueName\":\"search_term_string\"}}],\"inLanguage\":\"fr-CA\"}]}<\/script>\n<!-- \/ Yoast SEO plugin. -->","yoast_head_json":{"title":"Tuyau inoxydable isol\u00e9 (LLDPE) Extrud\u00e9 - OmegaFlex Industrial","robots":{"index":"index","follow":"follow","max-snippet":"max-snippet:-1","max-image-preview":"max-image-preview:large","max-video-preview":"max-video-preview:-1"},"canonical":"https:\/\/omegaflex.com\/fr\/product-specifications\/stainless-hose-insulated-lldpe-extruded\/","og_locale":"fr_CA","og_type":"article","og_title":"Stainless Hose Insulated (LLDPE) Extruded - OmegaFlex Industrial","og_description":"Series 300 \u2014 Insulated Extruded (LLPDE) Hose OmegaFlex\u00ae insulated extruded corrugated braided hose consists of corrugated 300 series 316L stainless steel hose with one layer of 304 stainless steel braid, one layer of non\u2010halogenated fiberglass (E\u2010glass) braid with an outer jacket of Linear Low Density Polyethylene (LLDPE), green in color. Several end fitting configurations can [&hellip;]","og_url":"https:\/\/omegaflex.com\/fr\/product-specifications\/stainless-hose-insulated-lldpe-extruded\/","og_site_name":"OmegaFlex Industrial","article_modified_time":"2018-07-30T17:23:52+00:00","og_image":[{"url":"http:\/\/omegaflex.com\/wp-content\/uploads\/extruded-typical-hose-assembly-end-fitting.jpg","type":"","width":"","height":""}],"twitter_misc":{"Est. reading time":"1 minute"},"schema":{"@context":"https:\/\/schema.org","@graph":[{"@type":"WebPage","@id":"https:\/\/omegaflex.com\/product-specifications\/stainless-hose-insulated-lldpe-extruded\/","url":"https:\/\/omegaflex.com\/product-specifications\/stainless-hose-insulated-lldpe-extruded\/","name":"Tuyau inoxydable isol\u00e9 (LLDPE) Extrud\u00e9 - OmegaFlex Industrial","isPartOf":{"@id":"https:\/\/omegaflex.com\/#website"},"primaryImageOfPage":{"@id":"https:\/\/omegaflex.com\/product-specifications\/stainless-hose-insulated-lldpe-extruded\/#primaryimage"},"image":{"@id":"https:\/\/omegaflex.com\/product-specifications\/stainless-hose-insulated-lldpe-extruded\/#primaryimage"},"thumbnailUrl":"http:\/\/omegaflex.com\/wp-content\/uploads\/extruded-typical-hose-assembly-end-fitting.jpg","datePublished":"2018-02-14T00:32:52+00:00","dateModified":"2018-07-30T17:23:52+00:00","breadcrumb":{"@id":"https:\/\/omegaflex.com\/product-specifications\/stainless-hose-insulated-lldpe-extruded\/#breadcrumb"},"inLanguage":"fr-CA","potentialAction":[{"@type":"ReadAction","target":["https:\/\/omegaflex.com\/product-specifications\/stainless-hose-insulated-lldpe-extruded\/"]}]},{"@type":"ImageObject","inLanguage":"fr-CA","@id":"https:\/\/omegaflex.com\/product-specifications\/stainless-hose-insulated-lldpe-extruded\/#primaryimage","url":"http:\/\/omegaflex.com\/wp-content\/uploads\/extruded-typical-hose-assembly-end-fitting.jpg","contentUrl":"http:\/\/omegaflex.com\/wp-content\/uploads\/extruded-typical-hose-assembly-end-fitting.jpg"},{"@type":"BreadcrumbList","@id":"https:\/\/omegaflex.com\/product-specifications\/stainless-hose-insulated-lldpe-extruded\/#breadcrumb","itemListElement":[{"@type":"ListItem","position":1,"name":"Home","item":"https:\/\/omegaflex.com\/"},{"@type":"ListItem","position":2,"name":"Product Specifications","item":"https:\/\/omegaflex.com\/product-specifications\/"},{"@type":"ListItem","position":3,"name":"Stainless Hose Insulated (LLDPE) Extruded"}]},{"@type":"WebSite","@id":"https:\/\/omegaflex.com\/#website","url":"https:\/\/omegaflex.com\/","name":"OmegaFlex Industrial","description":"","potentialAction":[{"@type":"SearchAction","target":{"@type":"EntryPoint","urlTemplate":"https:\/\/omegaflex.com\/?s={search_term_string}"},"query-input":{"@type":"PropertyValueSpecification","valueRequired":true,"valueName":"search_term_string"}}],"inLanguage":"fr-CA"}]}},"_links":{"self":[{"href":"https:\/\/omegaflex.com\/fr\/wp-json\/wp\/v2\/pages\/3447","targetHints":{"allow":["GET"]}}],"collection":[{"href":"https:\/\/omegaflex.com\/fr\/wp-json\/wp\/v2\/pages"}],"about":[{"href":"https:\/\/omegaflex.com\/fr\/wp-json\/wp\/v2\/types\/page"}],"author":[{"embeddable":true,"href":"https:\/\/omegaflex.com\/fr\/wp-json\/wp\/v2\/users\/5"}],"replies":[{"embeddable":true,"href":"https:\/\/omegaflex.com\/fr\/wp-json\/wp\/v2\/comments?post=3447"}],"version-history":[{"count":0,"href":"https:\/\/omegaflex.com\/fr\/wp-json\/wp\/v2\/pages\/3447\/revisions"}],"up":[{"embeddable":true,"href":"https:\/\/omegaflex.com\/fr\/wp-json\/wp\/v2\/pages\/3046"}],"wp:attachment":[{"href":"https:\/\/omegaflex.com\/fr\/wp-json\/wp\/v2\/media?parent=3447"}],"curies":[{"name":"wp","href":"https:\/\/api.w.org\/{rel}","templated":true}]}}