{"id":3472,"date":"2018-02-14T00:41:09","date_gmt":"2018-02-14T05:41:09","guid":{"rendered":"http:\/\/omegaflex.com\/?page_id=3472"},"modified":"2018-07-30T13:19:07","modified_gmt":"2018-07-30T17:19:07","slug":"testing","status":"publish","type":"page","link":"https:\/\/omegaflex.com\/fr\/engineering-design\/testing\/","title":{"rendered":"Essais"},"content":{"rendered":"<p>Les essais standard des soudures et des composants structurels de l'assemblage du tuyau comprennent des essais hydrostatiques et des essais pneumatiques (utilisant de l'air ou de l'h\u00e9lium). D'autres m\u00e9thodes d'essai sont utilis\u00e9es, notamment le spectrom\u00e8tre de masse, le choc \u00e0 froid et la p\u00e9n\u00e9tration de colorants. Contactez OmegaFlex pour conna\u00eetre les autres proc\u00e9dures d'essai.<\/p>\n<a href=\"http:\/\/omegaflex.com\/wp-content\/uploads\/omegaflex-design-media-temperature-testing-cleaning.pdf\" class=\"jumbo cool-blue tt-button\" target=\"_blank\"> T\u00e9l\u00e9charger le PDF <\/a>","protected":false},"excerpt":{"rendered":"<p>Les essais standard des soudures et des composants structurels de l'assemblage du tuyau comprennent des essais hydrostatiques et des essais pneumatiques (utilisant de l'air ou de l'h\u00e9lium). D'autres m\u00e9thodes d'essai sont utilis\u00e9es, notamment le spectrom\u00e8tre de masse, le choc \u00e0 froid et la p\u00e9n\u00e9tration de colorants. Contactez OmegaFlex pour conna\u00eetre les autres proc\u00e9dures d'essai.<\/p>","protected":false},"author":5,"featured_media":0,"parent":3048,"menu_order":0,"comment_status":"open","ping_status":"closed","template":"","meta":{"_acf_changed":false,"footnotes":""},"class_list":["post-3472","page","type-page","status-publish","hentry"],"acf":[],"yoast_head":"<!-- This site is optimized with the Yoast SEO plugin v27.0 - https:\/\/yoast.com\/product\/yoast-seo-wordpress\/ -->\n<title>Testing - OmegaFlex Industrial<\/title>\n<meta name=\"robots\" content=\"index, follow, max-snippet:-1, max-image-preview:large, max-video-preview:-1\" \/>\n<link rel=\"canonical\" href=\"https:\/\/omegaflex.com\/fr\/engineering-design\/testing\/\" \/>\n<meta property=\"og:locale\" content=\"fr_CA\" \/>\n<meta property=\"og:type\" content=\"article\" \/>\n<meta property=\"og:title\" content=\"Testing - OmegaFlex Industrial\" \/>\n<meta property=\"og:description\" content=\"Standard testing of the weld and structural components of the hose assembly includes hydrostatic testing and pneumatic testing (utilizing either air or helium). Other testing methods used include mass spectrometer, cold shock and dye penetration. Contact OmegaFlex on other test procedures.\" \/>\n<meta property=\"og:url\" content=\"https:\/\/omegaflex.com\/fr\/engineering-design\/testing\/\" \/>\n<meta property=\"og:site_name\" content=\"OmegaFlex Industrial\" \/>\n<meta property=\"article:modified_time\" content=\"2018-07-30T17:19:07+00:00\" \/>\n<script type=\"application\/ld+json\" class=\"yoast-schema-graph\">{\"@context\":\"https:\/\/schema.org\",\"@graph\":[{\"@type\":\"WebPage\",\"@id\":\"https:\/\/omegaflex.com\/engineering-design\/testing\/\",\"url\":\"https:\/\/omegaflex.com\/engineering-design\/testing\/\",\"name\":\"Testing - OmegaFlex Industrial\",\"isPartOf\":{\"@id\":\"https:\/\/omegaflex.com\/#website\"},\"datePublished\":\"2018-02-14T05:41:09+00:00\",\"dateModified\":\"2018-07-30T17:19:07+00:00\",\"breadcrumb\":{\"@id\":\"https:\/\/omegaflex.com\/engineering-design\/testing\/#breadcrumb\"},\"inLanguage\":\"fr-CA\",\"potentialAction\":[{\"@type\":\"ReadAction\",\"target\":[\"https:\/\/omegaflex.com\/engineering-design\/testing\/\"]}]},{\"@type\":\"BreadcrumbList\",\"@id\":\"https:\/\/omegaflex.com\/engineering-design\/testing\/#breadcrumb\",\"itemListElement\":[{\"@type\":\"ListItem\",\"position\":1,\"name\":\"Home\",\"item\":\"https:\/\/omegaflex.com\/\"},{\"@type\":\"ListItem\",\"position\":2,\"name\":\"Engineering &#038; Design\",\"item\":\"http:\/\/omegaflex.com\/engineering-design\/terminology\/\"},{\"@type\":\"ListItem\",\"position\":3,\"name\":\"Testing\"}]},{\"@type\":\"WebSite\",\"@id\":\"https:\/\/omegaflex.com\/#website\",\"url\":\"https:\/\/omegaflex.com\/\",\"name\":\"OmegaFlex Industrial\",\"description\":\"\",\"potentialAction\":[{\"@type\":\"SearchAction\",\"target\":{\"@type\":\"EntryPoint\",\"urlTemplate\":\"https:\/\/omegaflex.com\/?s={search_term_string}\"},\"query-input\":{\"@type\":\"PropertyValueSpecification\",\"valueRequired\":true,\"valueName\":\"search_term_string\"}}],\"inLanguage\":\"fr-CA\"}]}<\/script>\n<!-- \/ Yoast SEO plugin. -->","yoast_head_json":{"title":"Essais - OmegaFlex Industrial","robots":{"index":"index","follow":"follow","max-snippet":"max-snippet:-1","max-image-preview":"max-image-preview:large","max-video-preview":"max-video-preview:-1"},"canonical":"https:\/\/omegaflex.com\/fr\/engineering-design\/testing\/","og_locale":"fr_CA","og_type":"article","og_title":"Testing - OmegaFlex Industrial","og_description":"Standard testing of the weld and structural components of the hose assembly includes hydrostatic testing and pneumatic testing (utilizing either air or helium). Other testing methods used include mass spectrometer, cold shock and dye penetration. Contact OmegaFlex on other test procedures.","og_url":"https:\/\/omegaflex.com\/fr\/engineering-design\/testing\/","og_site_name":"OmegaFlex Industrial","article_modified_time":"2018-07-30T17:19:07+00:00","schema":{"@context":"https:\/\/schema.org","@graph":[{"@type":"WebPage","@id":"https:\/\/omegaflex.com\/engineering-design\/testing\/","url":"https:\/\/omegaflex.com\/engineering-design\/testing\/","name":"Essais - OmegaFlex Industrial","isPartOf":{"@id":"https:\/\/omegaflex.com\/#website"},"datePublished":"2018-02-14T05:41:09+00:00","dateModified":"2018-07-30T17:19:07+00:00","breadcrumb":{"@id":"https:\/\/omegaflex.com\/engineering-design\/testing\/#breadcrumb"},"inLanguage":"fr-CA","potentialAction":[{"@type":"ReadAction","target":["https:\/\/omegaflex.com\/engineering-design\/testing\/"]}]},{"@type":"BreadcrumbList","@id":"https:\/\/omegaflex.com\/engineering-design\/testing\/#breadcrumb","itemListElement":[{"@type":"ListItem","position":1,"name":"Home","item":"https:\/\/omegaflex.com\/"},{"@type":"ListItem","position":2,"name":"Engineering &#038; Design","item":"http:\/\/omegaflex.com\/engineering-design\/terminology\/"},{"@type":"ListItem","position":3,"name":"Testing"}]},{"@type":"WebSite","@id":"https:\/\/omegaflex.com\/#website","url":"https:\/\/omegaflex.com\/","name":"OmegaFlex Industrial","description":"","potentialAction":[{"@type":"SearchAction","target":{"@type":"EntryPoint","urlTemplate":"https:\/\/omegaflex.com\/?s={search_term_string}"},"query-input":{"@type":"PropertyValueSpecification","valueRequired":true,"valueName":"search_term_string"}}],"inLanguage":"fr-CA"}]}},"_links":{"self":[{"href":"https:\/\/omegaflex.com\/fr\/wp-json\/wp\/v2\/pages\/3472","targetHints":{"allow":["GET"]}}],"collection":[{"href":"https:\/\/omegaflex.com\/fr\/wp-json\/wp\/v2\/pages"}],"about":[{"href":"https:\/\/omegaflex.com\/fr\/wp-json\/wp\/v2\/types\/page"}],"author":[{"embeddable":true,"href":"https:\/\/omegaflex.com\/fr\/wp-json\/wp\/v2\/users\/5"}],"replies":[{"embeddable":true,"href":"https:\/\/omegaflex.com\/fr\/wp-json\/wp\/v2\/comments?post=3472"}],"version-history":[{"count":0,"href":"https:\/\/omegaflex.com\/fr\/wp-json\/wp\/v2\/pages\/3472\/revisions"}],"up":[{"embeddable":true,"href":"https:\/\/omegaflex.com\/fr\/wp-json\/wp\/v2\/pages\/3048"}],"wp:attachment":[{"href":"https:\/\/omegaflex.com\/fr\/wp-json\/wp\/v2\/media?parent=3472"}],"curies":[{"name":"wp","href":"https:\/\/api.w.org\/{rel}","templated":true}]}}